 {"id":26,"date":"2016-06-01T11:41:51","date_gmt":"2016-06-01T09:41:51","guid":{"rendered":"https:\/\/blogs.univ-tlse2.fr\/sct\/?page_id=26"},"modified":"2023-11-25T16:52:44","modified_gmt":"2023-11-25T15:52:44","slug":"presentation-des-enseignements","status":"publish","type":"page","link":"https:\/\/blogs.univ-tlse2.fr\/sct\/presentation-des-enseignements\/","title":{"rendered":"Pr\u00e9sentation des enseignements"},"content":{"rendered":"<p style=\"text-align: justify\">La formation se d\u00e9roule au <a href=\"http:\/\/centre-universitaire-ariege.fr\/\" target=\"_blank\" rel=\"noopener noreferrer\">Centre universitaire de Foix<\/a> (Ari\u00e8ge), antenne de l\u2019Universit\u00e9 Toulouse Jean Jaur\u00e8s.<\/p>\n<p style=\"text-align: justify\">Les deux <strong>premi\u00e8res<\/strong> ann\u00e9es de la licence permettent d\u2019acqu\u00e9rir progressivement des connaissances th\u00e9oriques, des m\u00e9thodes et des outils d\u2019analyse, dans les disciplines suivantes :<\/p>\n<ul style=\"text-align: justify\">\n<li><strong>\u00c9conomie<\/strong> : approches de la macro-\u00e9conomie, des th\u00e9ories \u00e9conomiques, de la croissance et du d\u00e9veloppement, de la mondialisation et de la microfinance\u00a0; recueil de donn\u00e9es et \u00e9l\u00e9ments de statistiques.<\/li>\n<li><strong>G\u00e9ographie<\/strong> : initiation \u00e0 la pluralit\u00e9 des objets et des probl\u00e9matiques g\u00e9ographiques : fonctionnement des milieux naturels et enjeux environnementaux, construction, am\u00e9nagement et d\u00e9veloppement des territoires, dynamiques d\u00e9mographiques\u00a0; travail sur textes et cartes, initiation aux m\u00e9thodes de l\u2019analyse spatiale et de l\u2019analyse paysag\u00e8re.<\/li>\n<li><strong>Histoire<\/strong> : initiation \u00e0 l\u2019histoire (m\u00e9di\u00e9vale, moderne et contemporaine), internationale et europ\u00e9enne : approches \u00e9conomique, sociale, politique et anthropologique ; \u00e9tudes de textes, cartes et expos\u00e9s servent de support \u00e0 cet enseignement.<\/li>\n<li><strong>Math\u00e9matiques appliqu\u00e9es<\/strong> : approches des statistiques, des probabilit\u00e9s, des s\u00e9ries chronologiques.<\/li>\n<li><strong>Sociologie<\/strong> : fondements th\u00e9oriques et concepts de la sociologie, sociologie des espaces urbains, transformations socio-\u00e9conomiques r\u00e9centes et enjeux ; observation et travaux de terrain.<\/li>\n<\/ul>\n<p style=\"text-align: justify\">La <strong>deuxi\u00e8me<\/strong> ann\u00e9e permet \u00e9galement de pr\u00e9parer la certification informatique .<\/p>\n<p style=\"text-align: justify\">La <strong>troisi\u00e8me<\/strong> ann\u00e9e est l\u2019occasion :<\/p>\n<ul style=\"text-align: justify\">\n<li>de mettre en \u0153uvre concr\u00e8tement la pluridisciplinarit\u00e9 en portant des regards crois\u00e9s sur quelques grands enjeux et grandes questions sociales.<\/li>\n<li>de confronter les acquis th\u00e9oriques et m\u00e9thodologiques \u00e0 des situations de terrain concr\u00e8tes, par le biais soit d\u2019un travail de terrain approfondi soit d\u2019un stage en milieu professionnel.<\/li>\n<\/ul>\n<p style=\"text-align: justify\">Enfin, la pr\u00e9sence d\u2019une UE de Langue au sein de chacun des 6 semestres permet d\u2019obtenir le niveau B2 dans une, voire deux langues<em>.<\/em><\/p>\n<p style=\"text-align: justify\">\u00a0<\/p>\n\n\n<div data-wp-interactive=\"core\/file\" class=\"wp-block-file\"><object data-wp-bind--hidden=\"!state.hasPdfPreview\" hidden class=\"wp-block-file__embed\" data=\"https:\/\/blogs.univ-tlse2.fr\/sct\/files\/2023\/11\/Catalogue-Licence-2021-2026-pluridisciplinaire-histoire-geographie-sociologie-economie-1.pdf\" type=\"application\/pdf\" style=\"width:100%;height:600px\" aria-label=\"Contenu embarqu\u00e9 Catalogue-Licence-2021-2026-pluridisciplinaire-histoire-geographie-sociologie-economie-1.\"><\/object><a id=\"wp-block-file--media-60e61d10-1ec3-467e-860c-867afaa29c87\" href=\"https:\/\/blogs.univ-tlse2.fr\/sct\/files\/2023\/11\/Catalogue-Licence-2021-2026-pluridisciplinaire-histoire-geographie-sociologie-economie-1.pdf\">Catalogue-Licence-2021-2026-pluridisciplinaire-histoire-geographie-sociologie-economie-1<\/a><a href=\"https:\/\/blogs.univ-tlse2.fr\/sct\/files\/2023\/11\/Catalogue-Licence-2021-2026-pluridisciplinaire-histoire-geographie-sociologie-economie-1.pdf\" class=\"wp-block-file__button wp-element-button\" download aria-describedby=\"wp-block-file--media-60e61d10-1ec3-467e-860c-867afaa29c87\">T\u00e9l\u00e9charger<\/a><\/div>\n","protected":false},"excerpt":{"rendered":"<p>La formation se d\u00e9roule au Centre universitaire de Foix (Ari\u00e8ge), antenne de l\u2019Universit\u00e9 Toulouse Jean Jaur\u00e8s. Les deux premi\u00e8res ann\u00e9es de la licence permettent d\u2019acqu\u00e9rir progressivement des connaissances th\u00e9oriques, des m\u00e9thodes et des outils d\u2019analyse, dans les disciplines suivantes : \u00c9conomie : approches de la macro-\u00e9conomie, des th\u00e9ories \u00e9conomiques, de la croissance et du d\u00e9veloppement, [&hellip;]<\/p>\n","protected":false},"author":107,"featured_media":0,"parent":0,"menu_order":0,"comment_status":"closed","ping_status":"closed","template":"","meta":{"footnotes":""},"class_list":["post-26","page","type-page","status-publish","hentry"],"_links":{"self":[{"href":"https:\/\/blogs.univ-tlse2.fr\/sct\/wp-json\/wp\/v2\/pages\/26","targetHints":{"allow":["GET"]}}],"collection":[{"href":"https:\/\/blogs.univ-tlse2.fr\/sct\/wp-json\/wp\/v2\/pages"}],"about":[{"href":"https:\/\/blogs.univ-tlse2.fr\/sct\/wp-json\/wp\/v2\/types\/page"}],"author":[{"embeddable":true,"href":"https:\/\/blogs.univ-tlse2.fr\/sct\/wp-json\/wp\/v2\/users\/107"}],"replies":[{"embeddable":true,"href":"https:\/\/blogs.univ-tlse2.fr\/sct\/wp-json\/wp\/v2\/comments?post=26"}],"version-history":[{"count":11,"href":"https:\/\/blogs.univ-tlse2.fr\/sct\/wp-json\/wp\/v2\/pages\/26\/revisions"}],"predecessor-version":[{"id":195,"href":"https:\/\/blogs.univ-tlse2.fr\/sct\/wp-json\/wp\/v2\/pages\/26\/revisions\/195"}],"wp:attachment":[{"href":"https:\/\/blogs.univ-tlse2.fr\/sct\/wp-json\/wp\/v2\/media?parent=26"}],"curies":[{"name":"wp","href":"https:\/\/api.w.org\/{rel}","templated":true}]}}