 {"id":32,"date":"2016-06-02T10:10:57","date_gmt":"2016-06-02T08:10:57","guid":{"rendered":"https:\/\/blogs.univ-tlse2.fr\/sct\/?page_id=32"},"modified":"2021-03-10T14:10:06","modified_gmt":"2021-03-10T13:10:06","slug":"admission","status":"publish","type":"page","link":"https:\/\/blogs.univ-tlse2.fr\/sct\/admission\/","title":{"rendered":"Admission"},"content":{"rendered":"<p style=\"text-align: justify\">La licence pluridisciplinaire histoire, g\u00e9ographie, sociologie, \u00e9conomie est ouverte \u00e0 tout \u00e9tudiant titulaire d\u2019un baccalaur\u00e9at, elle est particuli\u00e8rement adapt\u00e9e aux bacheliers titulaires d\u2019un baccalaur\u00e9at g\u00e9n\u00e9ral.<\/p>\n<p style=\"text-align: justify\">Le caract\u00e8re pluridisciplinaire de la formation rel\u00e8ve son niveau d\u2019exigence. Elle s\u2019adresse donc prioritairement \u00e0 des \u00e9tudiants motiv\u00e9s, curieux et travailleurs.<\/p>\n<p style=\"text-align: justify\">L\u2019inscription \u00e0 la licence se fait selon <a href=\"http:\/\/www.univ-tlse2.fr\/accueil\/formation-insertion\/odf-2016-2020\/licence-societes-cultures-territoires-386213.kjsp?RH=odf2016&amp;ONGLET=2\" target=\"_blank\" rel=\"noopener\">les modalit\u00e9s habituelles de l&rsquo;universit\u00e9 de Toulouse-Jean Jaur\u00e8s<\/a>.<\/p>\n","protected":false},"excerpt":{"rendered":"<p>La licence pluridisciplinaire histoire, g\u00e9ographie, sociologie, \u00e9conomie est ouverte \u00e0 tout \u00e9tudiant titulaire d\u2019un baccalaur\u00e9at, elle est particuli\u00e8rement adapt\u00e9e aux bacheliers titulaires d\u2019un baccalaur\u00e9at g\u00e9n\u00e9ral. Le caract\u00e8re pluridisciplinaire de la formation rel\u00e8ve son niveau d\u2019exigence. Elle s\u2019adresse donc prioritairement \u00e0 des \u00e9tudiants motiv\u00e9s, curieux et travailleurs. L\u2019inscription \u00e0 la licence se fait selon les modalit\u00e9s [&hellip;]<\/p>\n","protected":false},"author":107,"featured_media":0,"parent":0,"menu_order":0,"comment_status":"closed","ping_status":"closed","template":"","meta":{"footnotes":""},"class_list":["post-32","page","type-page","status-publish","hentry"],"_links":{"self":[{"href":"https:\/\/blogs.univ-tlse2.fr\/sct\/wp-json\/wp\/v2\/pages\/32","targetHints":{"allow":["GET"]}}],"collection":[{"href":"https:\/\/blogs.univ-tlse2.fr\/sct\/wp-json\/wp\/v2\/pages"}],"about":[{"href":"https:\/\/blogs.univ-tlse2.fr\/sct\/wp-json\/wp\/v2\/types\/page"}],"author":[{"embeddable":true,"href":"https:\/\/blogs.univ-tlse2.fr\/sct\/wp-json\/wp\/v2\/users\/107"}],"replies":[{"embeddable":true,"href":"https:\/\/blogs.univ-tlse2.fr\/sct\/wp-json\/wp\/v2\/comments?post=32"}],"version-history":[{"count":4,"href":"https:\/\/blogs.univ-tlse2.fr\/sct\/wp-json\/wp\/v2\/pages\/32\/revisions"}],"predecessor-version":[{"id":142,"href":"https:\/\/blogs.univ-tlse2.fr\/sct\/wp-json\/wp\/v2\/pages\/32\/revisions\/142"}],"wp:attachment":[{"href":"https:\/\/blogs.univ-tlse2.fr\/sct\/wp-json\/wp\/v2\/media?parent=32"}],"curies":[{"name":"wp","href":"https:\/\/api.w.org\/{rel}","templated":true}]}}