 {"id":38,"date":"2016-06-02T10:58:24","date_gmt":"2016-06-02T08:58:24","guid":{"rendered":"https:\/\/blogs.univ-tlse2.fr\/sct\/?page_id=38"},"modified":"2023-11-25T16:19:44","modified_gmt":"2023-11-25T15:19:44","slug":"poursuite-detudes","status":"publish","type":"page","link":"https:\/\/blogs.univ-tlse2.fr\/sct\/poursuite-detudes\/","title":{"rendered":"Poursuite d&rsquo;\u00e9tudes"},"content":{"rendered":"<p style=\"text-align: justify\">L\u2019obtention de la Licence sciences sociales pluridisciplinaire : histoire, g\u00e9ographie, sociologie, \u00e9conomie donne acc\u00e8s \u00e0 de nombreux masters, notamment \u00e0 l\u2019Universit\u00e9 Toulouse Jean Jaur\u00e8s :<\/p>\n<ul>\n<li>Masters MEEF (ESPE)\n<ul>\n<li><a href=\"http:\/\/www.univ-tlse2.fr\/accueil\/formation-insertion\/decouvrir-nos-formations\/master-meef-professeur-des-ecoles-330979.kjsp?RH=02Diplomes\" target=\"_blank\" rel=\"noopener\">Master M\u00e9tiers de l\u2019Enseignement, de l\u2019\u00c9ducation et de la Formation 1er degr\u00e9 (Professeur des \u00c9coles)<\/a><\/li>\n<li><a href=\"http:\/\/www.univ-tlse2.fr\/accueil\/formation-insertion\/decouvrir-nos-formations\/master-meef-histoire-et-geographie-330933.kjsp?RH=02Diplomes\" target=\"_blank\" rel=\"noopener\">Master M\u00e9tiers de l\u2019Enseignement, de l\u2019\u00c9ducation et de la Formation 2nd degr\u00e9 (CAPES \u00ab Histoire et G\u00e9ographie \u00bb)<\/a><\/li>\n<\/ul>\n<\/li>\n<li>Masters \u00c9conomie\n<ul>\n<li><a href=\"http:\/\/www.univ-tlse2.fr\/accueil\/formation-insertion\/odf-2016-2020\/master-nouvelle-economie-sociale-nes--386228.kjsp?RH=02Diplomes\" target=\"_blank\" rel=\"noopener\">Master Innovation par l\u2019\u00e9conomie sociale<\/a><\/li>\n<li><a href=\"http:\/\/www.univ-tlse2.fr\/accueil\/formation-insertion\/odf-2016-2020\/master-management-de-projet-industriel-mpi--386226.kjsp?RH=02Diplomes\" target=\"_blank\" rel=\"noopener\">Master Management de projets industriels<\/a><\/li>\n<li><a href=\"http:\/\/www.univ-tlse2.fr\/accueil\/formation-insertion\/odf-2016-2020\/master-management-de-projet-numerique-mpn--386227.kjsp?RH=02Diplomes\" target=\"_blank\" rel=\"noopener\">Master Management des Projets Num\u00e9riques<\/a><\/li>\n<li>Master Sciences sociales | parcours <a href=\"https:\/\/www.univ-tlse2.fr\/accueil\/formation-insertion\/master-economie-ecologique-et-developpement-durable-2e2d\" target=\"_blank\" rel=\"noopener\">\u00c9conomie \u00c9cologique et D\u00e9veloppement Durable (2E2D)<\/a><\/li>\n<\/ul>\n<\/li>\n<li>Masters G\u00e9ographie\n<ul>\n<li>Master GTDL-Gestion des territoires &amp; d\u00e9veloppement local. <a href=\"https:\/\/blogs.univ-tlse2.fr\/master-gtdl\/\" target=\"_blank\" rel=\"noopener\">Ruralit\u00e9s dans les Nords et dans les Suds<\/a> (sur le site de Foix)<\/li>\n<li><a href=\"http:\/\/www.univ-tlse2.fr\/accueil\/formation-insertion\/odf-2016-2020\/master-geographie-des-changements-environnementaux-et-paysagers-gep--386264.kjsp?RH=02Diplomes\" target=\"_blank\" rel=\"noopener\">Master G\u00e9ographie des Changements Environnementaux et Paysagers<\/a><\/li>\n<li><a href=\"http:\/\/www.univ-tlse2.fr\/accueil\/formation-insertion\/decouvrir-nos-formations\/mention-urbanisme-et-amenagement-418106.kjsp?RH=02Diplomes\" target=\"_blank\" rel=\"noopener\">Master Urbanisme et Am\u00e9nagement<\/a><\/li>\n<\/ul>\n<\/li>\n<li>Master Histoire\n<ul>\n<li style=\"text-align: left\"><a href=\"http:\/\/www.univ-tlse2.fr\/accueil\/formation-insertion\/decouvrir-nos-formations\/mention-histoire-civilisations-patrimoine-436601.kjsp?RH=02Diplomes\" target=\"_blank\" rel=\"noopener\">Master Histoire, civilisation, patrimoine<\/a><\/li>\n<\/ul>\n<\/li>\n<li>Masters Sociologie\n<ul>\n<li><a href=\"http:\/\/www.univ-tlse2.fr\/accueil\/formation-insertion\/odf-2016-2020\/master-recherche-et-etudes-sociologiques-res--386448.kjsp?RH=02Diplomes\" target=\"_blank\" rel=\"noopener\">Master Recherche et \u00c9tudes Sociologiques<\/a><\/li>\n<li><a href=\"http:\/\/www.univ-tlse2.fr\/accueil\/formation-insertion\/odf-2016-2020\/master-mediation-intervention-sociale-solidarite-miss--386455.kjsp?RH=02Diplomes\" target=\"_blank\" rel=\"noopener\">Master M\u00e9diation, Intervention Sociale<\/a><\/li>\n<li><a href=\"http:\/\/www.univ-tlse2.fr\/accueil\/formation-insertion\/odf-2016-2020\/master-genre-egalite-et-politiques-sociales-geps--386452.kjsp?RH=02Diplomes\" target=\"_blank\" rel=\"noopener\">Master Genre, \u00c9galit\u00e9 et Politiques Sociales<\/a><\/li>\n<li><a href=\"http:\/\/www.univ-tlse2.fr\/accueil\/formation-insertion\/odf-2016-2020\/master-politique-environnementale-et-pratiques-sociales-peps--386450.kjsp?RH=02Diplomes\" target=\"_blank\" rel=\"noopener\">Master Politique environnementale et Pratiques Sociales<\/a><\/li>\n<li>Master Management de l\u2019Action Publique et des Entreprises<\/li>\n<\/ul>\n<\/li>\n<li>Masters ISTHIA\n<ul>\n<li><a href=\"http:\/\/www.univ-tlse2.fr\/accueil\/formation-insertion\/odf-2016-2020\/master-management-en-hotellerie-restauration-mhr--386318.kjsp?RH=02Diplomes\" target=\"_blank\" rel=\"noopener\">Master Tourisme \u2013 H\u00f4tellerie (sites de Foix et Toulouse)<\/a><\/li>\n<li><a href=\"http:\/\/www.univ-tlse2.fr\/accueil\/formation-insertion\/odf-2016-2020\/master-sciences-sociales-appliquees-a-l-alimentation-ssaa--386310.kjsp?RH=02Diplomes\" target=\"_blank\" rel=\"noopener\">Master Sciences sociales appliqu\u00e9es \u00e0 l\u2019alimentation<\/a><\/li>\n<\/ul>\n<\/li>\n<\/ul>\n","protected":false},"excerpt":{"rendered":"<p>L\u2019obtention de la Licence sciences sociales pluridisciplinaire : histoire, g\u00e9ographie, sociologie, \u00e9conomie donne acc\u00e8s \u00e0 de nombreux masters, notamment \u00e0 l\u2019Universit\u00e9 Toulouse Jean Jaur\u00e8s : Masters MEEF (ESPE) Master M\u00e9tiers de l\u2019Enseignement, de l\u2019\u00c9ducation et de la Formation 1er degr\u00e9 (Professeur des \u00c9coles) Master M\u00e9tiers de l\u2019Enseignement, de l\u2019\u00c9ducation et de la Formation 2nd degr\u00e9 [&hellip;]<\/p>\n","protected":false},"author":107,"featured_media":0,"parent":0,"menu_order":0,"comment_status":"closed","ping_status":"closed","template":"","meta":{"footnotes":""},"class_list":["post-38","page","type-page","status-publish","hentry"],"_links":{"self":[{"href":"https:\/\/blogs.univ-tlse2.fr\/sct\/wp-json\/wp\/v2\/pages\/38","targetHints":{"allow":["GET"]}}],"collection":[{"href":"https:\/\/blogs.univ-tlse2.fr\/sct\/wp-json\/wp\/v2\/pages"}],"about":[{"href":"https:\/\/blogs.univ-tlse2.fr\/sct\/wp-json\/wp\/v2\/types\/page"}],"author":[{"embeddable":true,"href":"https:\/\/blogs.univ-tlse2.fr\/sct\/wp-json\/wp\/v2\/users\/107"}],"replies":[{"embeddable":true,"href":"https:\/\/blogs.univ-tlse2.fr\/sct\/wp-json\/wp\/v2\/comments?post=38"}],"version-history":[{"count":5,"href":"https:\/\/blogs.univ-tlse2.fr\/sct\/wp-json\/wp\/v2\/pages\/38\/revisions"}],"predecessor-version":[{"id":186,"href":"https:\/\/blogs.univ-tlse2.fr\/sct\/wp-json\/wp\/v2\/pages\/38\/revisions\/186"}],"wp:attachment":[{"href":"https:\/\/blogs.univ-tlse2.fr\/sct\/wp-json\/wp\/v2\/media?parent=38"}],"curies":[{"name":"wp","href":"https:\/\/api.w.org\/{rel}","templated":true}]}}