 {"id":40,"date":"2016-06-02T10:59:39","date_gmt":"2016-06-02T08:59:39","guid":{"rendered":"https:\/\/blogs.univ-tlse2.fr\/sct\/?page_id=40"},"modified":"2016-06-20T11:09:14","modified_gmt":"2016-06-20T09:09:14","slug":"insertion-professionnelle","status":"publish","type":"page","link":"https:\/\/blogs.univ-tlse2.fr\/sct\/insertion-professionnelle\/","title":{"rendered":"Insertion professionnelle"},"content":{"rendered":"<p style=\"text-align: justify\">Cette licence permet notamment de se diriger vers les m\u00e9tiers suivants, parfois apr\u00e8s l\u2019obtention d\u2019un concours, d\u2019une formation compl\u00e9mentaire ou d\u2019un master : conseiller en d\u00e9veloppement local, journaliste, charg\u00e9 d\u2019\u00e9tudes en d\u00e9veloppement rural ou en environnement, charg\u00e9 d\u2019action ou de projet culturels, m\u00e9diateur culturel, charg\u00e9 de projet en am\u00e9nagement du territoire, charg\u00e9 de valorisation de sites touristiques, animateur du patrimoine, charg\u00e9 de mission tourisme\u2026<\/p>\n","protected":false},"excerpt":{"rendered":"<p>Cette licence permet notamment de se diriger vers les m\u00e9tiers suivants, parfois apr\u00e8s l\u2019obtention d\u2019un concours, d\u2019une formation compl\u00e9mentaire ou d\u2019un master : conseiller en d\u00e9veloppement local, journaliste, charg\u00e9 d\u2019\u00e9tudes en d\u00e9veloppement rural ou en environnement, charg\u00e9 d\u2019action ou de projet culturels, m\u00e9diateur culturel, charg\u00e9 de projet en am\u00e9nagement du territoire, charg\u00e9 de valorisation de [&hellip;]<\/p>\n","protected":false},"author":107,"featured_media":0,"parent":0,"menu_order":0,"comment_status":"closed","ping_status":"closed","template":"","meta":{"footnotes":""},"class_list":["post-40","page","type-page","status-publish","hentry"],"_links":{"self":[{"href":"https:\/\/blogs.univ-tlse2.fr\/sct\/wp-json\/wp\/v2\/pages\/40","targetHints":{"allow":["GET"]}}],"collection":[{"href":"https:\/\/blogs.univ-tlse2.fr\/sct\/wp-json\/wp\/v2\/pages"}],"about":[{"href":"https:\/\/blogs.univ-tlse2.fr\/sct\/wp-json\/wp\/v2\/types\/page"}],"author":[{"embeddable":true,"href":"https:\/\/blogs.univ-tlse2.fr\/sct\/wp-json\/wp\/v2\/users\/107"}],"replies":[{"embeddable":true,"href":"https:\/\/blogs.univ-tlse2.fr\/sct\/wp-json\/wp\/v2\/comments?post=40"}],"version-history":[{"count":2,"href":"https:\/\/blogs.univ-tlse2.fr\/sct\/wp-json\/wp\/v2\/pages\/40\/revisions"}],"predecessor-version":[{"id":74,"href":"https:\/\/blogs.univ-tlse2.fr\/sct\/wp-json\/wp\/v2\/pages\/40\/revisions\/74"}],"wp:attachment":[{"href":"https:\/\/blogs.univ-tlse2.fr\/sct\/wp-json\/wp\/v2\/media?parent=40"}],"curies":[{"name":"wp","href":"https:\/\/api.w.org\/{rel}","templated":true}]}}