 {"id":44,"date":"2016-06-02T11:10:03","date_gmt":"2016-06-02T09:10:03","guid":{"rendered":"https:\/\/blogs.univ-tlse2.fr\/sct\/?page_id=44"},"modified":"2016-06-27T09:48:27","modified_gmt":"2016-06-27T07:48:27","slug":"liens-utiles","status":"publish","type":"page","link":"https:\/\/blogs.univ-tlse2.fr\/sct\/liens-utiles\/","title":{"rendered":"Liens utiles"},"content":{"rendered":"<ul>\n<li><a href=\"http:\/\/www.univ-tlse2.fr\/\" target=\"_blank\">UT2J<\/a> (Universit\u00e9 de Toulouse \u2013 Jean Jaur\u00e8s)<\/li>\n<li><a href=\"http:\/\/centre-universitaire-ariege.fr\">Centre Universitaire de Foix \/ ADUA<\/a><\/li>\n<li>D\u00e9partement de <a href=\"http:\/\/w3.geo.univ-tlse2.fr\/\">G\u00e9ographie, Am\u00e9nagement, Environnement<\/a> de l\u2019UT2J<\/li>\n<li>D\u00e9partement de <a href=\"http:\/\/socio-anthropo.univ-tlse2.fr\/\" target=\"_blank\">Sociologie-Anthropologie<\/a> de l\u2019UT2J<\/li>\n<li>D\u00e9partement d\u2019<a href=\"http:\/\/ecogestion.univ-tlse2.fr\/\" target=\"_blank\">\u00c9conomie<\/a> de l\u2019UT2J<\/li>\n<li>D\u00e9partement d\u2019<a href=\"http:\/\/histoire.univ-tlse2.fr\/\" target=\"_blank\">Histoire<\/a> de l\u2019UT2J<\/li>\n<li>D\u00e9partement de <a href=\"http:\/\/mathsinfo.univ-tlse2.fr\/\" target=\"_blank\">Math\u00e9matiques<\/a> de l\u2019UT2J<\/li>\n<\/ul>\n","protected":false},"excerpt":{"rendered":"<p>UT2J (Universit\u00e9 de Toulouse \u2013 Jean Jaur\u00e8s) Centre Universitaire de Foix \/ ADUA D\u00e9partement de G\u00e9ographie, Am\u00e9nagement, Environnement de l\u2019UT2J D\u00e9partement de Sociologie-Anthropologie de l\u2019UT2J D\u00e9partement d\u2019\u00c9conomie de l\u2019UT2J D\u00e9partement d\u2019Histoire de l\u2019UT2J D\u00e9partement de Math\u00e9matiques de l\u2019UT2J<\/p>\n","protected":false},"author":107,"featured_media":0,"parent":0,"menu_order":0,"comment_status":"closed","ping_status":"closed","template":"","meta":{"footnotes":""},"class_list":["post-44","page","type-page","status-publish","hentry"],"_links":{"self":[{"href":"https:\/\/blogs.univ-tlse2.fr\/sct\/wp-json\/wp\/v2\/pages\/44","targetHints":{"allow":["GET"]}}],"collection":[{"href":"https:\/\/blogs.univ-tlse2.fr\/sct\/wp-json\/wp\/v2\/pages"}],"about":[{"href":"https:\/\/blogs.univ-tlse2.fr\/sct\/wp-json\/wp\/v2\/types\/page"}],"author":[{"embeddable":true,"href":"https:\/\/blogs.univ-tlse2.fr\/sct\/wp-json\/wp\/v2\/users\/107"}],"replies":[{"embeddable":true,"href":"https:\/\/blogs.univ-tlse2.fr\/sct\/wp-json\/wp\/v2\/comments?post=44"}],"version-history":[{"count":2,"href":"https:\/\/blogs.univ-tlse2.fr\/sct\/wp-json\/wp\/v2\/pages\/44\/revisions"}],"predecessor-version":[{"id":78,"href":"https:\/\/blogs.univ-tlse2.fr\/sct\/wp-json\/wp\/v2\/pages\/44\/revisions\/78"}],"wp:attachment":[{"href":"https:\/\/blogs.univ-tlse2.fr\/sct\/wp-json\/wp\/v2\/media?parent=44"}],"curies":[{"name":"wp","href":"https:\/\/api.w.org\/{rel}","templated":true}]}}