 {"id":10,"date":"2018-06-27T13:27:12","date_gmt":"2018-06-27T11:27:12","guid":{"rendered":"http:\/\/dev25-adim.univ-tlse2.fr\/slavica-boutique\/?page_id=2"},"modified":"2019-02-04T15:49:20","modified_gmt":"2019-02-04T14:49:20","slug":"politique-de-confidentialite","status":"publish","type":"page","link":"https:\/\/blogs.univ-tlse2.fr\/slavica-boutique\/politique-de-confidentialite\/","title":{"rendered":"Politique de confidentialit\u00e9"},"content":{"rendered":"<h2>Qui sommes-nous ?<\/h2>\n<p><em><strong>Slavica Occitania<\/strong><\/em> est une revue semestrielle de slavistique fond\u00e9e en 1995 \u00e0 l&rsquo;Universit\u00e9 Toulouse &#8211; Jean Jaur\u00e8s. L&rsquo;orientation de la revue est \u00e0 la fois comparatiste et pluridisciplinaire ; il s&rsquo;agit d&rsquo;explorer \u00e0 travers des num\u00e9ros sp\u00e9ciaux th\u00e9matiques les rapports du monde slave avec l&rsquo;ext\u00e9rieur afin de mieux mettre en valeur la sp\u00e9cificit\u00e9 de celui-ci.<\/p>\n<p>La revue est consultable librement en ligne ici : <a href=\"http:\/\/revues.univ-tlse2.fr\/slavicaoccitania\" target=\"_blank\" rel=\"noopener\">http:\/\/revues.univ-tlse2.fr\/slavicaoccitania<\/a><\/p>\n<p>Vous \u00eates actuellement sur le site de vente en ligne de la revue au format papier. Vous pouvez dans cette boutique virtuelle chercher des ouvrages, les commander, et les payer par diff\u00e9rents moyens.<\/p>\n<h2>Utilisation des donn\u00e9es personnelles collect\u00e9es<\/h2>\n<p>Nous enregistrons des donn\u00e9es personnelles uniquement au moment de l&rsquo;acte d&rsquo;achat. Vous avez la possibilit\u00e9 de passer des commandes en tant que visiteur anonyme, ou bien en cr\u00e9ant un compte personnel (qui vous permettra de g\u00e9rer les modalit\u00e9s de vos commandes et de consulter l&rsquo;historique de ces derni\u00e8res).<\/p>\n<p>Un achat en tant que visiteur anonyme n\u00e9cessite de renseigner des coordonn\u00e9es pour la livraison de la commande et pour le destinataire de la facture (nom et pr\u00e9nom, adresses, courriel, n\u00b0 de t\u00e9l\u00e9phone [optionnel]).<\/p>\n<p>La cr\u00e9ation d&rsquo;un compte implique la cr\u00e9ation d&rsquo;un profil standard que l&rsquo;utilisateur pourra modifier \u00e0 tout moment. Les seuls champs obligatoires sont un pseudonyme et une adresse de messagerie, les autres renseignements (informations de contact, biographie, avatar) sont optionnels. Pour passer une commande, il est \u00e9galement n\u00e9cessaire de renseigner des coordonn\u00e9es pour la livraison de la commande et pour le destinataire de la facture.<\/p>\n<p>Ces donn\u00e9es sont n\u00e9cessaires \u00e0 l&rsquo;ex\u00e9cution du contrat qui lie le visiteur qui passe une commande d&rsquo;achat et la boutique Slavica Occitania (RGPD article 6.1b). Elles sont conserv\u00e9es pour la gestion de la boutique aussi longtemps que n\u00e9cessaire. Elles ne sont en aucun cas utilis\u00e9es \u00e0 d&rsquo;autres fins, ni partag\u00e9es avec des entreprises, associations ou institutions tierces.<\/p>\n<p>Nous acceptons les paiements par PayPal. Lors du traitement des paiements, certains donn\u00e9es seront transmises \u00e0 PayPal, incluant l\u2019information obligatoires \u00e0 l\u2019ex\u00e9cution du paiement, tel que le montant total ou les informations de facturation.<\/p>\n<p>Veuillez lire la <a href=\"https:\/\/www.paypal.com\/us\/webapps\/mpp\/ua\/privacy-full\">politique de confidentialit\u00e9 de PayPal<\/a> pour plus de d\u00e9tails.<\/p>\n<h3>Cookies<\/h3>\n<p>Si vous avez un compte et que vous vous connectez sur ce site, un cookie temporaire sera cr\u00e9\u00e9 afin de d\u00e9terminer si votre navigateur accepte les cookies. Il ne contient pas de donn\u00e9es personnelles et sera supprim\u00e9 automatiquement \u00e0 la fermeture de votre navigateur.<\/p>\n<p>Lorsque vous vous connecterez, nous mettrons en place un certain nombre de cookies pour enregistrer vos informations de connexion et vos pr\u00e9f\u00e9rences d\u2019\u00e9cran. La dur\u00e9e de vie d\u2019un cookie de connexion est de deux jours, celle d\u2019un cookie d\u2019option d\u2019\u00e9cran est d\u2019un an. Si vous cochez \u00ab Se souvenir de moi \u00bb, votre cookie de connexion sera conserv\u00e9 pendant deux semaines. Si vous vous d\u00e9connectez de votre compte, le cookie de connexion sera effac\u00e9.<\/p>\n<p>Un cookie est \u00e9galement utilis\u00e9 pour suivre les contenus du panier pendant que vous naviguez sur notre site.<\/p>\n<h3>Statistiques et mesures d\u2019audience<\/h3>\n<p>Nous utilisons l&rsquo;application <a href=\"https:\/\/matomo.org\/\" target=\"_blank\" rel=\"noopener\">Matomo <\/a>pour mesurer l&rsquo;audience du site. Nous ne r\u00e9coltons aucune donn\u00e9es personnelles, uniquement des donn\u00e9es globales de fr\u00e9quentation, zones g\u00e9ographiques, types de navigateur, etc. Ces donn\u00e9es sont conserv\u00e9es sur un serveur propri\u00e9t\u00e9 de l&rsquo;Universit\u00e9 Toulouse &#8211; Jean Jaur\u00e8s, et ne sont accessibles qu&rsquo;aux administrateurs du site.<\/p>\n<h2>Les droits que vous avez sur vos donn\u00e9es<\/h2>\n<p>Si vous avez un compte, vous pouvez demander \u00e0 recevoir un fichier contenant toutes les donn\u00e9es personnelles que nous poss\u00e9dons \u00e0 votre sujet, incluant celles que vous nous avez fournies. Vous pouvez \u00e9galement demander la suppression des donn\u00e9es personnelles vous concernant. Cela ne prend pas en compte les donn\u00e9es stock\u00e9es \u00e0 des fins administratives ou comptables, l\u00e9gales ou pour des raisons de s\u00e9curit\u00e9.<\/p>\n<h2>Informations de contact<\/h2>\n<p>L&rsquo;association Slavica Occitania qui g\u00e8re la boutique de la revue est une micro structure. Il n&rsquo;y a pas de D\u00e9l\u00e9gu\u00e9 \u00e0 la Protection des Donn\u00e9es. Vous pouvez nous contacter par courriel : <a href=\"&#x6d;a&#x69;&#x6c;t&#x6f;&#58;s&#x6c;&#97;v&#x69;c&#x61;&#x2e;o&#x63;&#99;i&#x74;&#97;n&#x69;a&#x40;&#x6f;r&#x61;&#x6e;g&#x65;&#46;f&#x72;\">&#115;&#x6c;a&#x76;i&#99;&#x61;&#46;&#x6f;c&#x63;i&#116;&#x61;n&#x69;a&#x40;&#x6f;&#114;&#x61;n&#x67;e&#46;&#x66;r<\/a>.<\/p>\n<p>Ou nous \u00e9crire \u00e0 :<\/p>\n<p style=\"text-align: center;\">Association Slavica Occitania<br \/>\n32, Bd Exelmans<br \/>\n75016 Paris<\/p>\n<p>Slavica Occitania est une association Loi 1901 d\u00e9clar\u00e9e \u00e0 la pr\u00e9fecture de Haute-Garonne (association non soumise \u00e0 TVA)<br \/>\nRNA : W313006103<br \/>\nSiren : 803 351 915<br \/>\nSiret : 803 351 915 00019<br \/>\nDomicile : 24, rue de Bayard, 31000 Toulouse<br \/>\nAdresse de correspondance : 32, Bd Exelmans 75016 Paris<\/p>\n<h2>Comment nous prot\u00e9geons vos donn\u00e9es<\/h2>\n<p>La boutique Slavica Occitania est install\u00e9e sur un serveur du domaine www.univ-tlse2.fr. Nous b\u00e9n\u00e9ficions des syst\u00e8mes de s\u00e9curit\u00e9 mis en place par la Direction du Syst\u00e8me d&rsquo;Information (DSI) de l&rsquo;Universit\u00e9 Toulouse &#8211; Jean Jaur\u00e8s pour l&rsquo;ensemble des sites web du domaine. En particulier le site utilise un protocole d&rsquo;\u00e9change https qui crypte toutes les donn\u00e9es transmises.<\/p>\n","protected":false},"excerpt":{"rendered":"<p>Qui sommes-nous ? Slavica Occitania est une revue semestrielle de slavistique fond\u00e9e en 1995 \u00e0 l&rsquo;Universit\u00e9 Toulouse &#8211; Jean Jaur\u00e8s. L&rsquo;orientation de la revue est \u00e0 la fois comparatiste et pluridisciplinaire ; il s&rsquo;agit d&rsquo;explorer \u00e0 travers des num\u00e9ros sp\u00e9ciaux th\u00e9matiques les rapports du monde slave avec l&rsquo;ext\u00e9rieur afin de<\/p>\n","protected":false},"author":1,"featured_media":0,"parent":0,"menu_order":0,"comment_status":"closed","ping_status":"closed","template":"","meta":{"footnotes":""},"class_list":["post-10","page","type-page","status-publish","hentry"],"_links":{"self":[{"href":"https:\/\/blogs.univ-tlse2.fr\/slavica-boutique\/wp-json\/wp\/v2\/pages\/10","targetHints":{"allow":["GET"]}}],"collection":[{"href":"https:\/\/blogs.univ-tlse2.fr\/slavica-boutique\/wp-json\/wp\/v2\/pages"}],"about":[{"href":"https:\/\/blogs.univ-tlse2.fr\/slavica-boutique\/wp-json\/wp\/v2\/types\/page"}],"author":[{"embeddable":true,"href":"https:\/\/blogs.univ-tlse2.fr\/slavica-boutique\/wp-json\/wp\/v2\/users\/1"}],"replies":[{"embeddable":true,"href":"https:\/\/blogs.univ-tlse2.fr\/slavica-boutique\/wp-json\/wp\/v2\/comments?post=10"}],"version-history":[{"count":2,"href":"https:\/\/blogs.univ-tlse2.fr\/slavica-boutique\/wp-json\/wp\/v2\/pages\/10\/revisions"}],"predecessor-version":[{"id":299,"href":"https:\/\/blogs.univ-tlse2.fr\/slavica-boutique\/wp-json\/wp\/v2\/pages\/10\/revisions\/299"}],"wp:attachment":[{"href":"https:\/\/blogs.univ-tlse2.fr\/slavica-boutique\/wp-json\/wp\/v2\/media?parent=10"}],"curies":[{"name":"wp","href":"https:\/\/api.w.org\/{rel}","templated":true}]}}