 {"id":101,"date":"2018-11-27T12:22:05","date_gmt":"2018-11-27T11:22:05","guid":{"rendered":"http:\/\/dev25-adim.univ-tlse2.fr\/slavica-boutique\/?post_type=product&#038;p=101"},"modified":"2020-11-16T11:44:02","modified_gmt":"2020-11-16T10:44:02","slug":"revue-n15-les-russes-et-la-mediterranee","status":"publish","type":"product","link":"https:\/\/blogs.univ-tlse2.fr\/slavica-boutique\/produit\/revue-n15-les-russes-et-la-mediterranee\/","title":{"rendered":"Revue n\u00b015 &#8211; Les Russes et la M\u00e9diterran\u00e9e"},"content":{"rendered":"<h2>Sommaire<\/h2>\n<h3>Articles<\/h3>\n<p>Alain BLONDY &#8211; Malte entre la Russie et la France au XVIIIe si\u00e8cle<\/p>\n<p>Emmanuel DEMADRE &#8211; Vladislav Khodass\u00e9vitch et l\u2019Italie<\/p>\n<p>Anatoly LIVRY &#8211; \u00ab\u00a0La M\u00e9diterran\u00e9e\u00a0\u00bb de Nietzsche dans l\u2019\u0153uvre de Vladimir Nabokov<\/p>\n<p>Marl\u00e8ne LARUELLE &#8211; La M\u00e9diterran\u00e9e antique chez les historiens slavophiles : le r\u00eave autochtoniste<\/p>\n<p>Pascale MELANI &#8211; L\u2019image de la Gr\u00e8ce antique dans le th\u00e9\u00e2tre musical de l\u2019\u00c2ge d\u2019argent russe<\/p>\n<p>Antoine NIVI\u00c8RE &#8211; Les Russes au Mont Athos au XIXe si\u00e8cle<\/p>\n<p>Sophie OLLIVIER &#8211; Les \u00e9glises orthodoxes russes de la C\u00f4te d\u2019Azur<\/p>\n<p>Jean-Fran\u00e7ois PEROUSE &#8211; Les Russes \u00a0\u00bb \u00e0 la piscine \u00a0\u00bb : l\u2019afflux r\u00e9cent vers la M\u00e9diterran\u00e9e turque<\/p>\n<p>Serge SAKHNO &#8211; Autour des pr\u00e9positions russes o(b)- et pro- : le probl\u00e8me des parall\u00e8les s\u00e9mantiques slavo-latins<\/p>\n<p>Igor SOKOLOGORSKY &#8211; La M\u00e9diterran\u00e9e de Chestov : Ath\u00e8nes, J\u00e9rusalem et Byzance<\/p>\n<p>Plamen TZVETKOV &#8211; La pouss\u00e9e moscovite vers Constantinople et l\u2019identit\u00e9 nationale des peuples balkaniques<\/p>\n<p>Walter ZIDARIC &#8211; L\u2019Espagne, la France et l\u2019Italie dans les \u0153uvres musicales de Glinka, Dargomyjski et Tcha\u00efkovski<\/p>\n<h3>Notes de lecture<\/h3>\n<p>Roger COMTET &#8211; M. Burda (\u00e9d.), <em>Prague entre l\u2019Est et l\u2019Ouest. L\u2019\u00e9migration russe en Tch\u00e9coslovaquie<\/em>, 1920-1938, Paris, L\u2019Harmattan, 2001, 137 p.<\/p>\n<p>Roger COMTET &#8211; J. Feuillet, <em>Grammaire historique du bulgare<\/em>, Paris, Institut d\u2019\u00e9tudes slaves, 1999<\/p>\n<p>Jean-Claude LANNE &#8211; H. Henry, M.-C. Autant-Mathieu et E. Galtsova (\u00e9d.), <em>Les voyages du th\u00e9\u00e2tre &#8211; Russie \/ France XXe si\u00e8cle<\/em>, Cahiers d\u2019histoire culturelle N\u00b0 10, Tours, 2002, 209 p.<\/p>\n","protected":false},"excerpt":{"rendered":"<p><strong>\u00c9diteur scientifique :<\/strong><\/p>\n<p>Roger Comtet<\/p>\n<p>299 pages<\/p>\n","protected":false},"featured_media":273,"template":"","meta":[],"product_brand":[],"product_cat":[],"product_tag":[171227],"class_list":{"0":"post-101","1":"product","2":"type-product","3":"status-publish","4":"has-post-thumbnail","6":"product_tag-epuise","8":"first","9":"outofstock","10":"shipping-taxable","11":"purchasable","12":"product-type-simple"},"_links":{"self":[{"href":"https:\/\/blogs.univ-tlse2.fr\/slavica-boutique\/wp-json\/wp\/v2\/product\/101","targetHints":{"allow":["GET"]}}],"collection":[{"href":"https:\/\/blogs.univ-tlse2.fr\/slavica-boutique\/wp-json\/wp\/v2\/product"}],"about":[{"href":"https:\/\/blogs.univ-tlse2.fr\/slavica-boutique\/wp-json\/wp\/v2\/types\/product"}],"wp:featuredmedia":[{"embeddable":true,"href":"https:\/\/blogs.univ-tlse2.fr\/slavica-boutique\/wp-json\/wp\/v2\/media\/273"}],"wp:attachment":[{"href":"https:\/\/blogs.univ-tlse2.fr\/slavica-boutique\/wp-json\/wp\/v2\/media?parent=101"}],"wp:term":[{"taxonomy":"product_brand","embeddable":true,"href":"https:\/\/blogs.univ-tlse2.fr\/slavica-boutique\/wp-json\/wp\/v2\/product_brand?post=101"},{"taxonomy":"product_cat","embeddable":true,"href":"https:\/\/blogs.univ-tlse2.fr\/slavica-boutique\/wp-json\/wp\/v2\/product_cat?post=101"},{"taxonomy":"product_tag","embeddable":true,"href":"https:\/\/blogs.univ-tlse2.fr\/slavica-boutique\/wp-json\/wp\/v2\/product_tag?post=101"}],"curies":[{"name":"wp","href":"https:\/\/api.w.org\/{rel}","templated":true}]}}