 {"id":103,"date":"2018-12-03T10:46:14","date_gmt":"2018-12-03T09:46:14","guid":{"rendered":"http:\/\/dev25-adim.univ-tlse2.fr\/slavica-boutique\/?post_type=product&#038;p=103"},"modified":"2020-08-09T22:56:08","modified_gmt":"2020-08-09T20:56:08","slug":"revue-n16-16-bogomiles-patarins-et-cathares","status":"publish","type":"product","link":"https:\/\/blogs.univ-tlse2.fr\/slavica-boutique\/produit\/revue-n16-16-bogomiles-patarins-et-cathares\/","title":{"rendered":"Revue n\u00b016 &#8211; Bogomiles, Patarins et Cathares"},"content":{"rendered":"<h2>Sommaire<\/h2>\n<h3>Regards crois\u00e9s sur l&rsquo;Histoire des Bogomiles, des Patarins et des Cathares<\/h3>\n<p>Sylvain PATRI &#8211; Le nom de \u00ab Bogomilu \u00bb<\/p>\n<p>Petar ANGUELOV &#8211; L&rsquo;image des bogomiles dans la litt\u00e9rature anti-h\u00e9r\u00e9tique<\/p>\n<p>Anisava MILTENOVA &#8211; Litt\u00e9rature apocryphe bogomile et pseudo-bogomile dans la Bulgarie m\u00e9di\u00e9vale<\/p>\n<p>Dimitrinka DIMITROVA-MARINOVA &#8211; Th\u00e8mes et sujets bogomiles dans la litt\u00e9rature m\u00e9di\u00e9vale \u00e9crite et la tradition orale bulgares<\/p>\n<p>Th\u00e9ofanis DRAKOPOULOS &#8211; L&rsquo;aspect asc\u00e9tique du bogomolisme<\/p>\n<p>Veselin PANA\u00cfOTOV &#8211; La vie de Pionios Franjo SANJEK Chr\u00e9tiens bosniens : un amalgame de catharisme et de vald\u00e9isme<\/p>\n<p>Paul-Louis THOMAS &#8211; L\u2019\u00e9glise m\u00e9di\u00e9vale de Bosnie \u00e9tait-elle dualiste?<\/p>\n<p>Jean-Louis BIGET &#8211; Les bons hommes sont-ils les fils des bogomiles ? Examen critique d&rsquo;une id\u00e9e re\u00e7ue<\/p>\n<p>Jean DUVERNOY &#8211; Les noms et la chose<\/p>\n<p>Edina BOZOKY &#8211; Le \u00ab\u00a0Livre secret\u00a0\u00bb des cathares : un lien entre l&rsquo;Orient et l&rsquo;Occident<\/p>\n<p>Pilar SANCHEZ &#8211; Le catharisme : une origine orientale \u00e0 deux tendances?<\/p>\n<p>Julien ROCHE &#8211; La Charte de Niquinta : un point sur la controverse<\/p>\n<p>Ylva HAGMAN &#8211; La cosmogonie de l\u2019 Ecclesia Sclavoni\u00e6 et les controverses sur la Charte de Niquinta<\/p>\n<p>Anne BRENON &#8211; Le sermon des h\u00e9r\u00e9tiques. Mode et pratique de la pr\u00e9dication cathare m\u00e9ridionale aux XIIIe et XIVe si\u00e8cles d&rsquo;apr\u00e8s les archives inquisitoriales<\/p>\n<p>Francesco ZAMBON &#8211; Les \u00e9v\u00e8nements du \u00a0\u00bb monde sup\u00e9rieur \u00a0\u00bb dans la doctrine des Albanais et de Jean de Lugio<\/p>\n<h3>R\u00e9sonances des th\u00e8mes h\u00e9r\u00e9tiques dans la pens\u00e9e philosophique, la litt\u00e9rature et l&rsquo;art<\/h3>\n<p>Georgi VASILEV &#8211; Id\u00e9es et images dualistes dans les \u0153uvres de William Tyndale<\/p>\n<p>Sava ANDELKOVIC &#8211; Le dualisme dans La Lumi\u00e8re du microcosme du prince-\u00e9v\u00eaque et po\u00e8te P.P.Njegos<\/p>\n<p>Fran\u00e7oise LESOURD &#8211; Le catharisme dans l&rsquo;\u0153uvre de Lev Karsavin<\/p>\n<p>Hanifa KAPID\u017dIC-OSMANAGIC &#8211; Mak Dizdar, po\u00e8te h\u00e9r\u00e9tique<\/p>\n<p>H\u00e9l\u00e8ne MENEGALDO &#8211; Boris Poplavski, ou la tendance gnostique<\/p>\n<p>Philippe CARBONNE &#8211; Joan Bodon et les Bolgres<\/p>\n<p>Jordan PLEVNES &#8211; 100 minutes pour 1000 ans, ou Voyage entre la copie et l&rsquo;original. \u00c0 propos du sc\u00e9nario du film Le Livre secret<\/p>\n<p>Patrick SERIOT &#8211; Jamais l\u2019Un sans l\u2019Autre (Bref \u00e9loge du manich\u00e9isme)<\/p>\n","protected":false},"excerpt":{"rendered":"<p><strong>\u00c9diteurs scientifiques :<\/strong><\/p>\n<p>Edina Bozoky, Marie Vrinat-Nikolov et Jean Breuillard<\/p>\n<p><strong>ISBN : <\/strong>978-2-9532020-1-4<\/p>\n<p>401 pages<\/p>\n","protected":false},"featured_media":272,"template":"","meta":[],"product_brand":[],"product_cat":[],"product_tag":[],"class_list":{"0":"post-103","1":"product","2":"type-product","3":"status-publish","4":"has-post-thumbnail","7":"first","8":"instock","9":"purchasable","10":"product-type-simple"},"_links":{"self":[{"href":"https:\/\/blogs.univ-tlse2.fr\/slavica-boutique\/wp-json\/wp\/v2\/product\/103","targetHints":{"allow":["GET"]}}],"collection":[{"href":"https:\/\/blogs.univ-tlse2.fr\/slavica-boutique\/wp-json\/wp\/v2\/product"}],"about":[{"href":"https:\/\/blogs.univ-tlse2.fr\/slavica-boutique\/wp-json\/wp\/v2\/types\/product"}],"wp:featuredmedia":[{"embeddable":true,"href":"https:\/\/blogs.univ-tlse2.fr\/slavica-boutique\/wp-json\/wp\/v2\/media\/272"}],"wp:attachment":[{"href":"https:\/\/blogs.univ-tlse2.fr\/slavica-boutique\/wp-json\/wp\/v2\/media?parent=103"}],"wp:term":[{"taxonomy":"product_brand","embeddable":true,"href":"https:\/\/blogs.univ-tlse2.fr\/slavica-boutique\/wp-json\/wp\/v2\/product_brand?post=103"},{"taxonomy":"product_cat","embeddable":true,"href":"https:\/\/blogs.univ-tlse2.fr\/slavica-boutique\/wp-json\/wp\/v2\/product_cat?post=103"},{"taxonomy":"product_tag","embeddable":true,"href":"https:\/\/blogs.univ-tlse2.fr\/slavica-boutique\/wp-json\/wp\/v2\/product_tag?post=103"}],"curies":[{"name":"wp","href":"https:\/\/api.w.org\/{rel}","templated":true}]}}