 {"id":104,"date":"2018-12-03T11:00:59","date_gmt":"2018-12-03T10:00:59","guid":{"rendered":"http:\/\/dev25-adim.univ-tlse2.fr\/slavica-boutique\/?post_type=product&#038;p=104"},"modified":"2020-08-09T22:35:12","modified_gmt":"2020-08-09T20:35:12","slug":"revue-n17-entre-russie-et-europe-itineraires-croises-des-linguistes-et-des-idees-linguistiques","status":"publish","type":"product","link":"https:\/\/blogs.univ-tlse2.fr\/slavica-boutique\/produit\/revue-n17-entre-russie-et-europe-itineraires-croises-des-linguistes-et-des-idees-linguistiques\/","title":{"rendered":"Revue n\u00b017 &#8211; Entre Russie et Europe : itin\u00e9raires crois\u00e9s des linguistes et des id\u00e9es linguistiques"},"content":{"rendered":"<h2>Sommaire<\/h2>\n<h3>Articles<\/h3>\n<p>Antonia BERNARD &#8211; Les correspondants russes de Jernej Kopitar (1780 &#8211; 1844)<\/p>\n<p>Alexander DULICENKO &#8211; Jan Baudouin de Courtenay et la naissance de la g\u00e9ographie linguistique<\/p>\n<p>Jean-Marie FOURNIER &#8211; La th\u00e9orie des temps dans <em>les Vrais principes de la langue fran\u00e7aise<\/em> (1747) de l&rsquo;Abb\u00e9 Girard, grammairien et \u00ab\u00a0s\u00e9cr\u00e9taire-interpr\u00e8te du roi pour la langue russe\u00a0\u00bb<\/p>\n<p>Val\u00e9rie GERONIMI &#8211; Les grammaires russes de Juraj Krizanic (1617 &#8211; 1693) entre Smotrickij et Lomonosov : de la th\u00e9roie x\u00e9nophobe \u00e0 une pratique nationale<\/p>\n<p>Irina IVANOVA &#8211; Les contacts franco-russes en phon\u00e9tique exp\u00e9rimentale : l&rsquo;abb\u00e9 Rousselot et ses stagiaires russes<\/p>\n<p>Patrick SERIOT &#8211; L&rsquo;affaire du pretit drame : filiation franco-russe ou communaut\u00e9 de pens\u00e9e ? (Tesni\u00e8re de Dmitrievskij)<\/p>\n<p>Ekaterina VELMEZOVA &#8211; Lucien L\u00e9vy-Bruhl lu par Nikolaj Marr : deux th\u00e9ories des langues dites primitives<\/p>\n<p>Serhii WAKULENKO &#8211; Les \u00ab\u00a0th\u00e9ories d\u00e9pass\u00e9es\u00a0\u00bb dans le domaine de l&rsquo;\u00e9tude du langage selon Alexandre Potebnia<\/p>\n<h3>Bakhtiniana et Alia<\/h3>\n<p>Delphine HUSER KHOMIAKOV &#8211; \u00ab\u00a0Discours\u00a0\u00bb, \u00ab\u00a0Enonciation\u00a0\u00bb, \u00ab\u00a0sujet parlant\u00a0\u00bb : la question de la l\u00e9gitimit\u00e9 des termes choisis dans la traduction de Marxisme et philosophie du langage de Volosinov\/Baxtin par Marina Yaguello<\/p>\n<p>B\u00e9n\u00e9dicte VAUTHIER &#8211; Roman Jakobson face \u00e0 Bakhtine et \u00e0 ses disciples<\/p>\n<p>Karine ZBINDEN &#8211; Du dialogisme \u00e0 l&rsquo;intertextualit\u00e9 : une relecture de la r\u00e9ception de Bakhtine en France (1967 &#8211; 1980)<\/p>\n<p>Serge\u00ef TCHOUGOUNNIKOV &#8211; Les mod\u00e8les allemands dans la gen\u00e8se de la pens\u00e9e formaliste et structuraliste russe<\/p>\n<p>Vladimir BAZYLEV &#8211; La tradition europ\u00e9enne des parodies grammaticales dans la Russie des XVIIIe-XIXe si\u00e8cles<\/p>\n<h3>Dossier<\/h3>\n<p>Roger COMTET &#8211; La classification du verbe slave comme enjeu franco-russe dans la premi\u00e8re moiti\u00e9 du XXe si\u00e8cle : Paul Boyer, Serge Karcevski et Antoine Meillet<\/p>\n<h3>Notes de lecture<\/h3>\n<p>Roger COMTET &#8211; Le retour du latin dans la Russie d\u2019aujourd\u2019hui \u00e0 travers deux manuels r\u00e9cents : T.A. Shirjaeva, <em>Slovar\u2019 latinskix slov. 1 700 edinic<\/em> , Rostov-na-Donu, Feniks, 2002, 448 p. et A.I. Voronkov, L.P. Ponjaeva &amp; L.M. Popova, <em>Slovar\u2019 \u2013 spravochnik. Latinskoe nasledie v russkom jazyke<\/em> , Moskva, Finta-Nauka, 2002, 430 p.<\/p>\n<p>Sylvie MARTIN &#8211; Jean-Philippe Jaccard (\u00e9d.), <em>Un \u00ab mensonge d\u00e9concertant \u00bb ? La Russie au XXe si\u00e8cle<\/em> , Paris, L\u2019Harmattan, 2003, 263 p.<\/p>\n<p>Boris CZERNY &#8211; Arkadi Vaksberg, <em>Staline et les Juifs. L\u2019antis\u00e9mitisme russe : une continuit\u00e9 du tsarisme au communisme<\/em>, Paris, Robert Laffont, 2003, 308 p.<\/p>\n<p>Christian BOIS &#8211; B\u00e9n\u00e9dicte Vauthier &amp; Pedro M. Catedra (\u00e9d.), <em>Mijail Bahtin en la encrucijada de la hermen\u00e9utica y las ciencias humanas<\/em> , Salamanca, SEMYR, 2003, 211 p.<\/p>\n<p>Pierre-Yves BOISSAU &#8211; Marc Weinstein (\u00e9d.), <em>La Geste russe. Comment les Russes \u00e9crivent-ils l\u2019histoire au XXe si\u00e8cle<\/em> , Aix-en-Provence, Publications de l\u2019Universit\u00e9 de Provence, 2002<\/p>\n<p>Pascale MELANI &#8211; Walter Zidaric, <em>Alexandre Dargomijski et la vie musicale en Russie au XXe si\u00e8cle. Vers l\u2019affirmation d\u2019une \u00e9cole nationale avec la Roussalka<\/em> (1856) , Paris, L\u2019Harmattan, 2003<\/p>\n","protected":false},"excerpt":{"rendered":"<p><strong>\u00c9diteur scientifique :<\/strong><\/p>\n<p>Roger Comtet<\/p>\n<p>344 pages<\/p>\n","protected":false},"featured_media":271,"template":"","meta":[],"product_brand":[],"product_cat":[],"product_tag":[171227],"class_list":{"0":"post-104","1":"product","2":"type-product","3":"status-publish","4":"has-post-thumbnail","6":"product_tag-epuise","8":"first","9":"outofstock","10":"purchasable","11":"product-type-simple"},"_links":{"self":[{"href":"https:\/\/blogs.univ-tlse2.fr\/slavica-boutique\/wp-json\/wp\/v2\/product\/104","targetHints":{"allow":["GET"]}}],"collection":[{"href":"https:\/\/blogs.univ-tlse2.fr\/slavica-boutique\/wp-json\/wp\/v2\/product"}],"about":[{"href":"https:\/\/blogs.univ-tlse2.fr\/slavica-boutique\/wp-json\/wp\/v2\/types\/product"}],"wp:featuredmedia":[{"embeddable":true,"href":"https:\/\/blogs.univ-tlse2.fr\/slavica-boutique\/wp-json\/wp\/v2\/media\/271"}],"wp:attachment":[{"href":"https:\/\/blogs.univ-tlse2.fr\/slavica-boutique\/wp-json\/wp\/v2\/media?parent=104"}],"wp:term":[{"taxonomy":"product_brand","embeddable":true,"href":"https:\/\/blogs.univ-tlse2.fr\/slavica-boutique\/wp-json\/wp\/v2\/product_brand?post=104"},{"taxonomy":"product_cat","embeddable":true,"href":"https:\/\/blogs.univ-tlse2.fr\/slavica-boutique\/wp-json\/wp\/v2\/product_cat?post=104"},{"taxonomy":"product_tag","embeddable":true,"href":"https:\/\/blogs.univ-tlse2.fr\/slavica-boutique\/wp-json\/wp\/v2\/product_tag?post=104"}],"curies":[{"name":"wp","href":"https:\/\/api.w.org\/{rel}","templated":true}]}}