 {"id":106,"date":"2018-12-03T11:11:03","date_gmt":"2018-12-03T10:11:03","guid":{"rendered":"http:\/\/dev25-adim.univ-tlse2.fr\/slavica-boutique\/?post_type=product&#038;p=106"},"modified":"2020-08-09T22:35:46","modified_gmt":"2020-08-09T20:35:46","slug":"revue-n18-psyche-en-tous-ses-etats-les-sciences-de-lesprit-en-russie-et-union-sovietique","status":"publish","type":"product","link":"https:\/\/blogs.univ-tlse2.fr\/slavica-boutique\/produit\/revue-n18-psyche-en-tous-ses-etats-les-sciences-de-lesprit-en-russie-et-union-sovietique\/","title":{"rendered":"Revue n\u00b018 &#8211; Psych\u00e9 en tous ses \u00e9tats. Les \u00ab sciences de l&rsquo;esprit \u00bb en Russie et Union sovi\u00e9tique"},"content":{"rendered":"<h2>Sommaire<\/h2>\n<h3>Textes et t\u00e9moignages<\/h3>\n<p>Michel GOUREVITCH, Cyrille KOUPERNIK &#8211; La psychiatrie russe avant 1917 et apr\u00e8s<\/p>\n<p>H\u00e9l\u00e8ne MENEGALDO &#8211; La psychologie sovi\u00e9tique : quelques jalons<\/p>\n<p>Elena SIMONATO KOKOCHKINA &#8211; Le raisonnement \u00e9nerg\u00e9tique chez les psychologues russes de la fin du XIXe si\u00e8cle : espoirs et illusions<\/p>\n<p>Marie MORISSEAU &#8211; Clinique de L\u2019Homme \u00e0 l\u2019\u00e9tui : Tch\u00e9khov psychiatre?<\/p>\n<p>Maryse DENNES &#8211; La place du corps et la critique de la psychologie classique dans <em>L\u2019Introduction \u00e0 la psychologie ethnique<\/em> de Gustav Chpet<\/p>\n<p>Ivan IVIC &#8211; Lev Semenovitch Vygotski<\/p>\n<p>Constantin SINELNIKOFF &#8211; Wilhelm Reich et la Russie<\/p>\n<h3>Les repr\u00e9sentations<\/h3>\n<p>Jacques CATTEAU &#8211; Un dossier controvers\u00e9 : le cas Dosto\u00efevski par Freud<\/p>\n<p>Catherine DEPRETTO &#8211; <em>Avant le lever du soleil<\/em> (1943) de Mikha\u00efl Zochtchenko : une autobiographie psychanalytique?<\/p>\n<p>Anne COLDEFY-FAUCARD &#8211; Loups, machines, ing\u00e9nieurs, femmes-araign\u00e9es&#8230; L\u2019inventaire de Boris Pilniak, ou comment parler de l\u2019inconscient sans en avoir l\u2019air<\/p>\n<p>Oksana BOULGAKOVA &#8211; Serge Eisenstein et son \u201cBerlin psychologique\u201d: entre psychanalyse et psychologie structurale<\/p>\n<h3>Textes et t\u00e9moignages<\/h3>\n<p>Nicolas BOKOV &#8211; Amour et psych\u00e9<\/p>\n<p>Vladimir BATCHEV &#8211; Les \u00e9crivains russes et l\u2019H.P.<\/p>\n<p>Pavel KATCHALOV, Victoria POTAPOVA &#8211; La psychanalyse en Russie : \u00e9tat des lieux et perspectives<\/p>\n<p>Vladimir GAVRILOV, A. MIGOUNOV &#8211; Alexandre Lobanov ou l\u2019art-th\u00e9rapie \u00e0 Iaroslavl<\/p>\n<p>Alexandre LURIA, Lev VYGOTSKI &#8211; Avant-propos \u00e0 la traduction russe de <em>Au-del\u00e0 du principe de plaisir\u00a0<\/em><\/p>\n<p>V\u00e9ra SCHMIDT &#8211; Education psychanalytique en Russie sovi\u00e9tique<\/p>\n<p>Lev VYGOTSKI &#8211; L\u2019art et la psychanalyse<\/p>\n<h3>Dossier<\/h3>\n<p>Jean BREUILLARD, H\u00e9l\u00e8ne MENEGALDO &#8211; La psychanalyse russe prise aux mots<\/p>\n","protected":false},"excerpt":{"rendered":"<p><strong>\u00c9diteur scientifique :<\/strong><\/p>\n<p>H\u00e9l\u00e8ne Menegaldo<\/p>\n<p>399 pages<\/p>\n","protected":false},"featured_media":270,"template":"","meta":[],"product_brand":[],"product_cat":[],"product_tag":[],"class_list":{"0":"post-106","1":"product","2":"type-product","3":"status-publish","4":"has-post-thumbnail","7":"first","8":"instock","9":"purchasable","10":"product-type-simple"},"_links":{"self":[{"href":"https:\/\/blogs.univ-tlse2.fr\/slavica-boutique\/wp-json\/wp\/v2\/product\/106","targetHints":{"allow":["GET"]}}],"collection":[{"href":"https:\/\/blogs.univ-tlse2.fr\/slavica-boutique\/wp-json\/wp\/v2\/product"}],"about":[{"href":"https:\/\/blogs.univ-tlse2.fr\/slavica-boutique\/wp-json\/wp\/v2\/types\/product"}],"wp:featuredmedia":[{"embeddable":true,"href":"https:\/\/blogs.univ-tlse2.fr\/slavica-boutique\/wp-json\/wp\/v2\/media\/270"}],"wp:attachment":[{"href":"https:\/\/blogs.univ-tlse2.fr\/slavica-boutique\/wp-json\/wp\/v2\/media?parent=106"}],"wp:term":[{"taxonomy":"product_brand","embeddable":true,"href":"https:\/\/blogs.univ-tlse2.fr\/slavica-boutique\/wp-json\/wp\/v2\/product_brand?post=106"},{"taxonomy":"product_cat","embeddable":true,"href":"https:\/\/blogs.univ-tlse2.fr\/slavica-boutique\/wp-json\/wp\/v2\/product_cat?post=106"},{"taxonomy":"product_tag","embeddable":true,"href":"https:\/\/blogs.univ-tlse2.fr\/slavica-boutique\/wp-json\/wp\/v2\/product_tag?post=106"}],"curies":[{"name":"wp","href":"https:\/\/api.w.org\/{rel}","templated":true}]}}