 {"id":110,"date":"2018-12-03T11:40:17","date_gmt":"2018-12-03T10:40:17","guid":{"rendered":"http:\/\/dev25-adim.univ-tlse2.fr\/slavica-boutique\/?post_type=product&#038;p=110"},"modified":"2023-06-14T10:43:35","modified_gmt":"2023-06-14T08:43:35","slug":"revue-n20-mosaiques-germano-slaves-et-minorites-deurope-centrale-et-orientale","status":"publish","type":"product","link":"https:\/\/blogs.univ-tlse2.fr\/slavica-boutique\/produit\/revue-n20-mosaiques-germano-slaves-et-minorites-deurope-centrale-et-orientale\/","title":{"rendered":"Revue n\u00b020 &#8211; Mosa\u00efques germano-slaves et minorit\u00e9s d&rsquo;Europe centrale et orientale"},"content":{"rendered":"<h2>Sommaire<\/h2>\n<h3>Europe balkanique et m\u00e9diane<\/h3>\n<p>Michel ROUX &#8211; Le concept de minorit\u00e9 \u00e0 l&rsquo;\u00e9preuve des Balkans<\/p>\n<p>S\u00e9bastien MORET &#8211; Le probl\u00e8me des minorit\u00e9s d&rsquo;Europe centrale et orientale lors des conf\u00e9rences de paix de 1919-1920<\/p>\n<p>Antonia BERNARD &#8211; Slov\u00e8nes et Allemands : une histoire et une historiographie probl\u00e9matiques<\/p>\n<p>H\u00e9l\u00e8ne LECLERC &#8211; La repr\u00e9sentation de l&rsquo;antagonisme germano-tch\u00e8que dans le roman historique allemand du <em>Vorm\u00e4rz&lt;:I&gt; : l&rsquo;exemple de Carl Herlo\u00dfsohn <\/em><\/p>\n<p>Xavier GALMICHE &#8211; L&rsquo;\u00ab utraquisme \u00bb, une d\u00e9nomination de l&rsquo;indiff\u00e9rence nationale dans la Boh\u00eame du XIXe et XXe si\u00e8cle<\/p>\n<p>Roland MARTI &#8211; Dans la gueule du loup : les Sorabes en Allemagne<\/p>\n<p>Irina IVANOVA &#8211; <em>Un dialecte sorabe oriental<\/em> de \u0160cerba, premier essai de linguistique de la parole<\/p>\n<p>Jadwiga WALA &#8211; La faiblesse cong\u00e9nitale de la Pologne de l&rsquo;entre-deux-guerres : des minorit\u00e9s nombreuses et non assum\u00e9es<\/p>\n<p>Leszek KUK &#8211; La minorit\u00e9 allemande dans la Pologne postcommuniste : les composantes historiques et g\u00e9opolitiques de sa reconstruction identitaire<\/p>\n<p>Jacqueline DERA-FISCHER &#8211; Entre Prusse et Pologne : l&rsquo;expression litt\u00e9raire du dilemme kachoube<\/p>\n<p>Alexander DULICENKO &#8211; Une page de l&rsquo;histoire de la germanisation des Slaves : les Slovinces de Pom\u00e9ranie<\/p>\n<h3>Confins est-europ\u00e9ens<\/h3>\n<p>Daniel BEAUVOIS &#8211; Le multi-palimpseste des cultures lituano-ruth\u00e8nes : variations sur le mineur et le majeur<\/p>\n<p>Virginie SYMANIEC &#8211; Les nationalit\u00e9s dans le th\u00e9\u00e2tre bi\u00e9lorussianophone : l&rsquo;exemple de <em>Com\u00e9die<\/em> (1787-1990)<\/p>\n<p>Anne SOMMERLAT &#8211; L&rsquo;insertion de la Russie dans l&rsquo;Europe des Lumi\u00e8res : le point de vue germano-balte<\/p>\n<p>Alain COZIC &#8211; De la \u00ab langue sauv\u00e9e \u00bb \u00e0 la langue ma\u00eetris\u00e9e : l&rsquo;itin\u00e9raire d&rsquo;Elias Canetti<\/p>\n<p>Manuel DURAND-BARTHEZ &#8211; Jud\u00e9it\u00e9 galicienne : la situation \u00e0 Lemberg \u00e0 la fin de l&rsquo;Empire des Habsbourg<\/p>\n<h3>Marges eurasiennes<\/h3>\n<p>Ekaterina VELMEZOVA &#8211; Nations et minorit\u00e9s nationales dans la \u00ab Nouvelle th\u00e9orie du langage \u00bb : de la c\u00e9l\u00e9bration \u00e0 la n\u00e9gation<\/p>\n<p>Roger COMTET &#8211; de Russie et th\u00e9orie des \u00eelots linguistiques dans la tradition russe et chez Viktor \u017dirmunskij (1891-1971)<\/p>\n<p>Jean-Fran\u00e7ois BOURRET &#8211; La lutte anti-religieuse dans la po\u00e9sie sovi\u00e9tique de langue allemande<\/p>\n<p>Bakyt ALICHEVA-HIMY &#8211; Les Allemands du Kazakhstan : des steppes de l&rsquo;Asie centrale aux dunes de la Baltique<\/p>\n<p>S\u00e9bastien PEYROUSE &#8211; Une majorit\u00e9 devenue minorit\u00e9 : les Russes du Kazakhstan<\/p>\n<p>Elena SIMONATO KOKOCHKINA &#8211; Le kabarde, langue minoritaire du Caucase, et la r\u00e9flexion linguistique dans l&rsquo;URSS des ann\u00e9es 1920-1930<\/p>\n<p>Gayaneh ARMAGANIAN-LE VU &#8211; Le regard des \u00e9crivains russes sur l&rsquo;Arm\u00e9nie<\/p>\n<h3>Notes de lecture<\/h3>\n<p>Roger COMTET &#8211; Paul Garde, <em>Le discours balkanique. Des mots et des hommes<\/em>, Paris, Fayard, 2004, 479 p.<\/p>\n","protected":false},"excerpt":{"rendered":"<p><strong>\u00c9diteur scientifique :<\/strong><\/p>\n<p>Roger Comtet<\/p>\n<p>420 pages<\/p>\n","protected":false},"featured_media":268,"template":"","meta":[],"product_brand":[],"product_cat":[],"product_tag":[],"class_list":{"0":"post-110","1":"product","2":"type-product","3":"status-publish","4":"has-post-thumbnail","7":"first","8":"outofstock","9":"purchasable","10":"product-type-simple"},"_links":{"self":[{"href":"https:\/\/blogs.univ-tlse2.fr\/slavica-boutique\/wp-json\/wp\/v2\/product\/110","targetHints":{"allow":["GET"]}}],"collection":[{"href":"https:\/\/blogs.univ-tlse2.fr\/slavica-boutique\/wp-json\/wp\/v2\/product"}],"about":[{"href":"https:\/\/blogs.univ-tlse2.fr\/slavica-boutique\/wp-json\/wp\/v2\/types\/product"}],"wp:featuredmedia":[{"embeddable":true,"href":"https:\/\/blogs.univ-tlse2.fr\/slavica-boutique\/wp-json\/wp\/v2\/media\/268"}],"wp:attachment":[{"href":"https:\/\/blogs.univ-tlse2.fr\/slavica-boutique\/wp-json\/wp\/v2\/media?parent=110"}],"wp:term":[{"taxonomy":"product_brand","embeddable":true,"href":"https:\/\/blogs.univ-tlse2.fr\/slavica-boutique\/wp-json\/wp\/v2\/product_brand?post=110"},{"taxonomy":"product_cat","embeddable":true,"href":"https:\/\/blogs.univ-tlse2.fr\/slavica-boutique\/wp-json\/wp\/v2\/product_cat?post=110"},{"taxonomy":"product_tag","embeddable":true,"href":"https:\/\/blogs.univ-tlse2.fr\/slavica-boutique\/wp-json\/wp\/v2\/product_tag?post=110"}],"curies":[{"name":"wp","href":"https:\/\/api.w.org\/{rel}","templated":true}]}}