 {"id":111,"date":"2018-12-03T12:39:06","date_gmt":"2018-12-03T11:39:06","guid":{"rendered":"http:\/\/dev25-adim.univ-tlse2.fr\/slavica-boutique\/?post_type=product&#038;p=111"},"modified":"2020-07-24T12:51:18","modified_gmt":"2020-07-24T10:51:18","slug":"revue-n21-presence-du-bouddhisme-en-russie","status":"publish","type":"product","link":"https:\/\/blogs.univ-tlse2.fr\/slavica-boutique\/produit\/revue-n21-presence-du-bouddhisme-en-russie\/","title":{"rendered":"Revue n\u00b021 &#8211; Pr\u00e9sence du bouddhisme en Russie"},"content":{"rendered":"<h2>Sommaire<\/h2>\n<h3>En guise de pr\u00e9sentation<\/h3>\n<p>Dany SAVELLI &#8211; Penser le bouddhisme et la Russie<\/p>\n<h3>Conna\u00eetre<\/h3>\n<p>Viktorija LYSENKO &#8211; La philosophie bouddhique en Russie : br\u00e8ve histoire de l\u2019approche et des m\u00e9thodes d\u2019\u00e9tudes de la fin du XIXe si\u00e8cle aux ann\u00e9es 1940<\/p>\n<p>Sergej SEREBRJANYJ &#8211; Lev Tolstoj et le bouddhisme<\/p>\n<h3>Relier (autour d&rsquo;Agvan Dor<span>\u017eiev)<\/span><span style=\"font-family: Times New Roman, serif\"><span style=\"font-size: medium\"><\/span><\/span><\/h3>\n<p>Tat\u2019jana SHAUMJAN &#8211; Agvan Dor\u017eiev : les missions tib\u00e9taines aupr\u00e8s du tsar (1900-1901)<\/p>\n<p>Aleksandr ANDREEV &#8211; La Maison du Bouddha dans le Nord de la Russie (Histoire du temple bouddhique de Saint-P\u00e9tersbourg)<\/p>\n<p>Galina DORD\u017dIEVA &#8211; Le <em>lharamba<\/em> Agvan Dor\u017eiev et le clerg\u00e9 kalmouk<\/p>\n<h3>Soigner (la m\u00e9decine tib\u00e9taine et la famille Badmaev)<\/h3>\n<p>Tat\u2019jana GREKOVA &#8211; P\u00ebtr Badmaev (1851-1920), \u00ab m\u00e9decin tib\u00e9tain \u00bb converti \u00e0 l\u2019orthodoxie. (R\u00e9flexions d\u2019un biographe)<\/p>\n<p>Jurij KUZ\u2019MIN &#8211; P\u00ebtr Badmaev, entrepreneur en Transba\u00efkalie et en Mongolie<\/p>\n<p>Tat\u2019jana GREKOVA &#8211; Nikolaj Badmaev (1879-1939), \u00ab m\u00e9decin tib\u00e9tain \u00bb des dirigeants du Kremlin<\/p>\n<h3>R\u00eaver<\/h3>\n<p>Marl\u00e8ne LARUELLE &#8211; La place du bouddhisme dans les discours nationalistes russes du XIXe si\u00e8cle<\/p>\n<p>Vladimir ROSOV &#8211; La mission bouddhique de Nikolaj Roerich au Tibet (1927-1928)<\/p>\n<h3>\u00c9crire et peindre<\/h3>\n<p>Natalija OZEROVA &#8211; Bouddhisme et tol\u00e9rance religieuse dans l\u2019\u0153uvre de Nikolaj Leskov<\/p>\n<p>Fr\u00e9d\u00e9ric BERTRAND &#8211; Le peintre Vasilij Vereshchagin, l\u2019Himalaya et le bouddhisme tib\u00e9tain<\/p>\n<p>Jean-Claude LANNE &#8211; Velimir Khlebnikov et le bouddhisme<\/p>\n<p>Dany SAVELLI &#8211; Une lecture du <em>Retour du Bouddha<\/em> de Vsevolod Ivanov ou le fantastique \u00e0 la jonction du bouddhisme et de la r\u00e9volution<\/p>\n<h3>Terres de tradition bouddhique (Bouriatie, Kalmoukie, Touva)<\/h3>\n<p>Natalija ZHUKOVSKAJA &#8211; Le bouddhisme en Bouriatie. Pass\u00e9 et pr\u00e9sent<\/p>\n<p>Lubo\u0161 BELKA &#8211; Histoire et renouveau du bouddhisme en Sib\u00e9rie : l\u2019exemple du datsan d\u2019Aga<\/p>\n<p>\u00c8l\u2019za BAKAEVA &#8211; Le bouddhisme en Kalmoukie<\/p>\n<p>Marina MONGU\u0160 &#8211; Le renouveau bouddhique \u00e0 Touva<\/p>\n<p>Vladimir DACY\u0160EN &#8211; Le <em>sangha<\/em> de Touva durant le protectorat russe (1911-1921)<\/p>\n<h3>Aspects du bouddhisme en Russie occidentale (la secte Karma-Kagy\u00fc)<\/h3>\n<p>Ksenja PIMENOVA &#8211; Formes recompos\u00e9es de traditions et d\u2019innovations dans le bouddhisme Karma-Kagy\u00fc : le cas du centre de Moscou<\/p>\n<p>Eug\u00e8ne GIOVANELLI &#8211; L&rsquo;activit\u00e9 du lama danois Ole Nydhal en Russie (Entretien avec Aleksandr Kojbagarov)<\/p>\n<h3>Notes de lecture<\/h3>\n<p>Sylvie MARTIN &#8211; Denis Eckert, <em>Le Monde russe<\/em>, Paris, Hachette, 2005, 239 p<\/p>\n<p>Sylvie MARTIN &#8211; <em>Outre-Terre, revue fran\u00e7aise de g\u00e9opolitique<\/em>, \u00ab La Roulette russe \u00bb, 4, Ramonville Saint-Agne, Ed. Er\u00e8s, 2003<\/p>\n<p>Roger COMTET &#8211; Stanislaw Predota, <em>Mehrsprachige W\u00f6rterb\u00fccher des 16. bis 18. Jahrhunderts mit einem niederl\u00e4ndischen und polnischen Teil<\/em>, Frankfurt am Main [&#8230;], Peter Lang, 2004, 139 p.<\/p>\n<p>Christina ANDRIEU &#8211; E. Simonato, <em>Une linguistique \u00e9nerg\u00e9tique en Russie au seuil du XXe si\u00e8cle. Essai d\u2019analyse \u00e9pist\u00e9mologique<\/em>, Bern [\u2026], Peter Lang, 2005, 211 p.<\/p>\n<p>St\u00e9phane VIELLARD &#8211; Elena Yakovleva, <em>Deutsche und russische Gespr\u00e4che. Ein Beitrag zur interkulturellen Pragmatik<\/em>, T\u00fcbingen, Maw Niemeyer Verlag, Reihe Germanistiche Linguistik, 2004, 431 p.<\/p>\n","protected":false},"excerpt":{"rendered":"<p><strong>\u00c9diteur scientifique :<\/strong><\/p>\n<p>Dany Savelli<\/p>\n<p><strong>ISBN : <\/strong>978-2-9532020-6-9<\/p>\n<p>474 pages<\/p>\n","protected":false},"featured_media":267,"template":"","meta":[],"product_brand":[],"product_cat":[],"product_tag":[],"class_list":{"0":"post-111","1":"product","2":"type-product","3":"status-publish","4":"has-post-thumbnail","7":"first","8":"instock","9":"purchasable","10":"product-type-simple"},"_links":{"self":[{"href":"https:\/\/blogs.univ-tlse2.fr\/slavica-boutique\/wp-json\/wp\/v2\/product\/111","targetHints":{"allow":["GET"]}}],"collection":[{"href":"https:\/\/blogs.univ-tlse2.fr\/slavica-boutique\/wp-json\/wp\/v2\/product"}],"about":[{"href":"https:\/\/blogs.univ-tlse2.fr\/slavica-boutique\/wp-json\/wp\/v2\/types\/product"}],"wp:featuredmedia":[{"embeddable":true,"href":"https:\/\/blogs.univ-tlse2.fr\/slavica-boutique\/wp-json\/wp\/v2\/media\/267"}],"wp:attachment":[{"href":"https:\/\/blogs.univ-tlse2.fr\/slavica-boutique\/wp-json\/wp\/v2\/media?parent=111"}],"wp:term":[{"taxonomy":"product_brand","embeddable":true,"href":"https:\/\/blogs.univ-tlse2.fr\/slavica-boutique\/wp-json\/wp\/v2\/product_brand?post=111"},{"taxonomy":"product_cat","embeddable":true,"href":"https:\/\/blogs.univ-tlse2.fr\/slavica-boutique\/wp-json\/wp\/v2\/product_cat?post=111"},{"taxonomy":"product_tag","embeddable":true,"href":"https:\/\/blogs.univ-tlse2.fr\/slavica-boutique\/wp-json\/wp\/v2\/product_tag?post=111"}],"curies":[{"name":"wp","href":"https:\/\/api.w.org\/{rel}","templated":true}]}}