 {"id":113,"date":"2018-12-03T12:46:42","date_gmt":"2018-12-03T11:46:42","guid":{"rendered":"http:\/\/dev25-adim.univ-tlse2.fr\/slavica-boutique\/?post_type=product&#038;p=113"},"modified":"2020-08-09T22:54:51","modified_gmt":"2020-08-09T20:54:51","slug":"revue-n-22-monde-slave-et-interculturalite-melanges-offerts-a-roger-comtet","status":"publish","type":"product","link":"https:\/\/blogs.univ-tlse2.fr\/slavica-boutique\/produit\/revue-n-22-monde-slave-et-interculturalite-melanges-offerts-a-roger-comtet\/","title":{"rendered":"Revue n\u00b022 &#8211; Monde slave et interculturalit\u00e9. M\u00e9langes offerts \u00e0 Roger Comtet"},"content":{"rendered":"<h2>Sommaire<\/h2>\n<h3>Articles<\/h3>\n<p>Ekaterina VELMEZOVA &#8211; La s\u00e9masiologie de M. Pokrovskij<\/p>\n<p>Christina ANDRIEU &#8211; Jurij Venelin (1802-1839) : les ambitions du d\u00e9couvreur de la langue bulgare en Russie<\/p>\n<p>Francesca FICI &#8211; Influences germaniques sur la linguistique russe \u00e0 la fin du XIXe si\u00e8cle. La pens\u00e9e de Jan Baudoin de Courtenay<\/p>\n<p>Irina IVANOVA &#8211; Du d\u00e9veloppement des langues au bilinguisme : la question du m\u00e9lange des langues dans la conception linguistique de Lev Shcherba<\/p>\n<p>Marcel FERRAND &#8211; La science incertaine de Humboldt Jack FEUILLET La composante slavo-russe dans le bulgare du d\u00e9but du XIXe si\u00e8cle<\/p>\n<p>Robert ROUDET &#8211; Origine et histoire de ment \u00ab flic \u00bb : anglicisme, polonisme ou autre ?<\/p>\n<p>Jean DURIN &#8211; La licorne ou comment l\u2019\u00ab aspect perfectif \u00bb n\u2019a rien \u00e0 voir avec l\u2019aspect<\/p>\n<p>Ian PRESS &#8211; Les participes et la combinatoire des propositions dans plusieurs aires linguistiques europ\u00e9ennes<\/p>\n<p>St\u00e9phane VIELLARD &#8211; Vladimir Dalh et la question de la langue russe<\/p>\n<p>Christine MEUNIER-BRACQUENIER &#8211; Voyage spatio-temporel \u00e0 travers quelques grammaires<\/p>\n<p>Patrick SERIOT &#8211; Droit au nom et droit du nom : les Ruth\u00e8nes sont-ils une minorit\u00e9 ?<\/p>\n<p>Alain COZIC &#8211; Espace, temps et m\u00e9moire dans la po\u00e9sie de Rose Ausl\u00e4nder<\/p>\n<p>Pierre-Yves BOISSAU &#8211; Empire austro-hongrois, minorit\u00e9s nationales et \u00e9criture \u00e0 l&rsquo;\u00e9preuve de la guerre. Les cas de L. Rebreanu (<em>La For\u00eat des pendus<\/em>) et M. Crnjanski (<em>Le Journal de Carnojevic<\/em>).<\/p>\n<p>Daniel BEAUVOIS &#8211; Les h\u00e9sitations identitaires d\u2019un hetman ukrainien d\u2019apr\u00e8s son journal (1720-1733)<\/p>\n<p>Kinga MIODO\u0143SKA-JOUCAVIEL &#8211; Lituanie, paradis perdu des \u00e9crivains polonais<\/p>\n<p>Fran\u00e7oise KNOPPER &#8211; Le voyage de l\u2019archiduc Jean en Russie (1837) ou l\u2019art de pr\u00e9server la paix<\/p>\n<p>Michel MERVAUD &#8211; Le russophile et le russophobe : Voltaire et Chappe d\u2019Auteroche<\/p>\n<p>Jean BREUILLARD &#8211; Trois motifs russes dans l&rsquo;oeuvre de Rouget de l&rsquo;Isle<\/p>\n<p>Catherine G\u00c9RY &#8211; L\u2019\u00e9loge du r\u00e9cit : Nikolaj Leskov et Sholem Aleikhem<\/p>\n<p>Boris CZERNY &#8211; L\u2019arbre chez Anton Tchexov. Essai d\u2019une double lecture<\/p>\n<p>Michel NIQUEUX &#8211; Qu\u2019en est-il de l\u2019influence de Nietzsche sur Gor\u2019kij ?<\/p>\n<p>Jean-Claude LANNE &#8211; Nous et l\u2019Occident : la question des rapports entre futurisme russe et futurisme italien<\/p>\n<p>H\u00e9l\u00e8ne MENEGALDO &#8211; L\u2019exposition des arts d\u00e9coratifs de 1925 : l\u2019\u00ab art de gauche \u00bb \u00e0 Paris<\/p>\n<p>Pascale MELANI &#8211; Une page oubli\u00e9e du \u00ab Paris russe \u00bb de l\u2019entre-deux-guerres : l\u2019entreprise d\u2019Ida Rubinstein vue \u00e0 travers les carnets d\u2019Alexandre Benois<\/p>\n<p>Christiane ROUQUET &#8211; La pi\u00e8ce de Bulgakov <em>L\u2019appartement de Zo\u00efka<\/em> au th\u00e9\u00e2tre du Vieux-Colombier<\/p>\n<p>Fran\u00e7oise LESOURD &#8211; L\u2019\u0153uvre de Lev Karsavin, un d\u00e9bat avec les sources de la pens\u00e9e europ\u00e9enne<\/p>\n<p>Dany SAVELLI &#8211; L\u2019exotisme impossible. De Pierre Loti, de l\u2019image du Japon et de l\u2019autocensure dans <em>Pierres et racines<\/em> de Boris Pil\u2019njak<\/p>\n<p>Fr\u00e9d\u00e9ric BERTRAND &#8211; Le temps des autres et le temps des siens : l\u2019anthropologie sovi\u00e9tique et post-sovi\u00e9tique dans ses rapports probl\u00e9matiques \u00e0 la temporalit\u00e9<\/p>\n<h3>Notes de lecture<\/h3>\n<p>Pierre-Yves BOISSAU &#8211; <em>Cahiers slaves n\u00b0 8, \u00ab Le R\u00e9alisme socialiste \u00bb dans la litt\u00e9rature et l\u2019art des pays slaves<\/em>, textes r\u00e9unis par Michel Aucouturier et Catherine Depretto, Paris, 2004<\/p>\n","protected":false},"excerpt":{"rendered":"<p><strong>\u00c9diteurs scientifiques :<\/strong><\/p>\n<p>Christina Andrieu, Pierre-Yves Boissau et Dany Savelli<\/p>\n<p><strong>ISBN : <\/strong>978-2-9538558-3-8<\/p>\n<p>527 pages<\/p>\n","protected":false},"featured_media":266,"template":"","meta":[],"product_brand":[],"product_cat":[],"product_tag":[],"class_list":{"0":"post-113","1":"product","2":"type-product","3":"status-publish","4":"has-post-thumbnail","7":"first","8":"instock","9":"purchasable","10":"product-type-simple"},"_links":{"self":[{"href":"https:\/\/blogs.univ-tlse2.fr\/slavica-boutique\/wp-json\/wp\/v2\/product\/113","targetHints":{"allow":["GET"]}}],"collection":[{"href":"https:\/\/blogs.univ-tlse2.fr\/slavica-boutique\/wp-json\/wp\/v2\/product"}],"about":[{"href":"https:\/\/blogs.univ-tlse2.fr\/slavica-boutique\/wp-json\/wp\/v2\/types\/product"}],"wp:featuredmedia":[{"embeddable":true,"href":"https:\/\/blogs.univ-tlse2.fr\/slavica-boutique\/wp-json\/wp\/v2\/media\/266"}],"wp:attachment":[{"href":"https:\/\/blogs.univ-tlse2.fr\/slavica-boutique\/wp-json\/wp\/v2\/media?parent=113"}],"wp:term":[{"taxonomy":"product_brand","embeddable":true,"href":"https:\/\/blogs.univ-tlse2.fr\/slavica-boutique\/wp-json\/wp\/v2\/product_brand?post=113"},{"taxonomy":"product_cat","embeddable":true,"href":"https:\/\/blogs.univ-tlse2.fr\/slavica-boutique\/wp-json\/wp\/v2\/product_cat?post=113"},{"taxonomy":"product_tag","embeddable":true,"href":"https:\/\/blogs.univ-tlse2.fr\/slavica-boutique\/wp-json\/wp\/v2\/product_tag?post=113"}],"curies":[{"name":"wp","href":"https:\/\/api.w.org\/{rel}","templated":true}]}}