 {"id":118,"date":"2018-12-04T09:48:14","date_gmt":"2018-12-04T08:48:14","guid":{"rendered":"http:\/\/dev25-adim.univ-tlse2.fr\/slavica-boutique\/?post_type=product&#038;p=118"},"modified":"2020-07-24T12:45:10","modified_gmt":"2020-07-24T10:45:10","slug":"revue-n24-la-franc-maconnerie-et-la-culture-russe","status":"publish","type":"product","link":"https:\/\/blogs.univ-tlse2.fr\/slavica-boutique\/produit\/revue-n24-la-franc-maconnerie-et-la-culture-russe\/","title":{"rendered":"Revue n\u00b024 &#8211; La franc-ma\u00e7onnerie et la culture russe"},"content":{"rendered":"<h2>Sommaire<\/h2>\n<h3>D\u00e9dicace<\/h3>\n<p>Roger COMTET &#8211; D\u00e9dicace \u00e0 Tatiana Bakounina-Ossorguina<\/p>\n<h3>Avant-propos<\/h3>\n<p>Jean BREUILLARD, Irina IVANOVA &#8211; Avant-propo<\/p>\n<h3>Franc-ma\u00e7onnerie russe et sociabilit\u00e9 : voyages et r\u00e9seaux (XVIIIe si\u00e8cle et d\u00e9but du XIXe)<\/h3>\n<p>Pierre-Yves BEAUREPAIRE &#8211; Marie-Daniel Bourr\u00e9e de Corberon et Karl-Heinrich von Heyking : deux itin\u00e9raires ma\u00e7onniques entre Paris, Varsovie et Saint-P\u00e9tersbourg, \u00e0 la tomb\u00e9e des Lumi\u00e8res<\/p>\n<p>Alexandre STROEV &#8211; Francs-ma\u00e7ons aventuriers et voyageurs au XVIIIe si\u00e8cle<\/p>\n<p>Vladislav RJ\u00c9OUTSKI &#8211; Les Fran\u00e7ais dans la franc-ma\u00e7onnerie russe au si\u00e8cle des Lumi\u00e8res : hypoth\u00e8ses et pistes de recherche<\/p>\n<h3>Contributions \u00e0 l&rsquo;Histoire de la franc-ma\u00e7onnerie russe<\/h3>\n<p>Fabian LINDE, Serge\u00ef TCHOUGOUNNIKOV &#8211; Les influences su\u00e9doises sur la franc-ma\u00e7onnerie russe : des \u201carchitectes\u201d du Nord parmi les \u201cb\u00e2tisseurs\u201d russes<\/p>\n<p>Natalia KOTCHETKOVA &#8211; Les femmes et la franc-ma\u00e7onnerie russe du XVIIIe si\u00e8cle et du d\u00e9but du XIXe<\/p>\n<p>H\u00e9l\u00e8ne YVERT-JALLU &#8211; La Soci\u00e9t\u00e9 Savante Amicale<\/p>\n<p>Elena BESPALOVA &#8211; Les francs-ma\u00e7ons de Simbirsk au XVIIIe si\u00e8cle et au d\u00e9but du XIXe<\/p>\n<p>Galina MIROLIOUBOVA, Irina OUKHANOVA &#8211; Objets ma\u00e7onniques russes de la fin du XVIIIe si\u00e8cle et du d\u00e9but du XIXe dans les collections de l&rsquo;Ermitage<\/p>\n<p>Mikhail LEPEKHINE &#8211; Iakov Ivanovitch de Saint-Glin (1776-1864), franc-ma\u00e7on pour le service du tsar<\/p>\n<p>Jean BREUILLARD &#8211; La loge russe de Maubeuge (1817-1818)<\/p>\n<h3>La franc-ma\u00e7onnerie russe et le pouvoir<\/h3>\n<p>Philippe EVREINOFF &#8211; franc-ma\u00e7onnerie russe et le pouvoir (1698-1825). Des liaisons dangereuses<\/p>\n<p>Andre\u00ef SERKOV &#8211; Franc-ma\u00e7onnerie et politique en Russie au d\u00e9but du XXe si\u00e8cle (1910-1917)<\/p>\n<p>Vitali STARTSEV &#8211; Les \u00e9migr\u00e9s russes francs-ma\u00e7ons en France (1918-1939)<\/p>\n<h3>Franc-ma\u00e7onnerie et philosophie<\/h3>\n<p>Vsevolod SAKHAROV &#8211; Les esp\u00e9rances du vieil Adam : l&rsquo;homme dans la philosophie des francs-ma\u00e7ons russes<\/p>\n<h3>Franc-ma\u00e7onnerie et litt\u00e9rature<\/h3>\n<p>Alexander LEVITSKY &#8211; Mikha\u00efl Kheraskov aux sources des Lumi\u00e8res russes : l\u2019influence du \u201cPo\u00e8te de l\u2019immortelle Rossiade\u201d sur Gavriil Derjavine et Nikola\u00ef Novikov<\/p>\n<p>Jean BREUILLARD &#8211; <em>Bog<\/em> [Dieu], de Mikha\u00efl \u041aheraskov (traduction)<\/p>\n<p>St\u00e9phane VIELLARD &#8211; Proverbe et franc-ma\u00e7onnerie. L&rsquo;exp\u00e9rience du proverbe chez Nikola\u00ef Novikov<\/p>\n<p>Rodolphe BAUDIN &#8211; La symbolique ma\u00e7onnique dans <em>Le Gentilhomme philosophe<\/em> de Fedor Ivanovitch Dmitriev-Mamonov [1769]<\/p>\n<p>Leonid HELLER &#8211; \u00ab Tout est arrang\u00e9 d&rsquo;apr\u00e8s le nombre \u00bb, ou les codes \u00e9sot\u00e9riques de Zamiatine<\/p>\n<p>Zsuzsa HET\u00c9NYI &#8211; Un pont sur la rivi\u00e8re. Code ma\u00e7onnique et code dantesque dans le roman de Vladimir Nabokov <em>La D\u00e9fense<\/em> Loujine<\/p>\n<h3>Annexes<\/h3>\n<p>Jean BREUILLARD &#8211; Cantiques ma\u00e7onniques russes en langue fran\u00e7aise (publication)<\/p>\n<p>Jean BREUILLARD &#8211; Un incident \u00e0 la loge du Sphinx Mourant (Publication)<\/p>\n<p>Irina IVANOVA &#8211; Bibliographie sommaire<\/p>\n","protected":false},"excerpt":{"rendered":"<p><strong>\u00c9diteurs scientifiques :<\/strong><\/p>\n<p>Jean Breuillard et Irina Ivanova<\/p>\n<p><strong>ISBN : <\/strong>978-2-9532020- 7-2<\/p>\n<p>628 pages<\/p>\n","protected":false},"featured_media":264,"template":"","meta":[],"product_brand":[],"product_cat":[],"product_tag":[],"class_list":{"0":"post-118","1":"product","2":"type-product","3":"status-publish","4":"has-post-thumbnail","7":"first","8":"instock","9":"purchasable","10":"product-type-simple"},"_links":{"self":[{"href":"https:\/\/blogs.univ-tlse2.fr\/slavica-boutique\/wp-json\/wp\/v2\/product\/118","targetHints":{"allow":["GET"]}}],"collection":[{"href":"https:\/\/blogs.univ-tlse2.fr\/slavica-boutique\/wp-json\/wp\/v2\/product"}],"about":[{"href":"https:\/\/blogs.univ-tlse2.fr\/slavica-boutique\/wp-json\/wp\/v2\/types\/product"}],"wp:featuredmedia":[{"embeddable":true,"href":"https:\/\/blogs.univ-tlse2.fr\/slavica-boutique\/wp-json\/wp\/v2\/media\/264"}],"wp:attachment":[{"href":"https:\/\/blogs.univ-tlse2.fr\/slavica-boutique\/wp-json\/wp\/v2\/media?parent=118"}],"wp:term":[{"taxonomy":"product_brand","embeddable":true,"href":"https:\/\/blogs.univ-tlse2.fr\/slavica-boutique\/wp-json\/wp\/v2\/product_brand?post=118"},{"taxonomy":"product_cat","embeddable":true,"href":"https:\/\/blogs.univ-tlse2.fr\/slavica-boutique\/wp-json\/wp\/v2\/product_cat?post=118"},{"taxonomy":"product_tag","embeddable":true,"href":"https:\/\/blogs.univ-tlse2.fr\/slavica-boutique\/wp-json\/wp\/v2\/product_tag?post=118"}],"curies":[{"name":"wp","href":"https:\/\/api.w.org\/{rel}","templated":true}]}}