 {"id":122,"date":"2018-12-04T11:01:08","date_gmt":"2018-12-04T10:01:08","guid":{"rendered":"http:\/\/dev25-adim.univ-tlse2.fr\/slavica-boutique\/?post_type=product&#038;p=122"},"modified":"2020-11-29T16:43:32","modified_gmt":"2020-11-29T15:43:32","slug":"revue-n26-gustave-chpet-et-son-heritage-aux-sources-russes-du-structuralisme-et-de-la-semiotique","status":"publish","type":"product","link":"https:\/\/blogs.univ-tlse2.fr\/slavica-boutique\/produit\/revue-n26-gustave-chpet-et-son-heritage-aux-sources-russes-du-structuralisme-et-de-la-semiotique\/","title":{"rendered":"Revue n\u00b026 &#8211; Gustave Chpet et son h\u00e9ritage. Aux sources russes du structuralisme et de la s\u00e9miotique"},"content":{"rendered":"<h2>Sommaire<\/h2>\n<h3>Avant-propos<\/h3>\n<p>Maryse DENNES &#8211; Avant-propos<\/p>\n<h3>Introduction<\/h3>\n<p>Maryse DENNES &#8211; La structure du mot et de l\u2019expression dans l\u2019\u0153uvre de G. Chpet<\/p>\n<h3>Gustave Chpet et son \u00e9poque<\/h3>\n<p>Galin TIHANOV &#8211; G. Chpet : Probl\u00e8mes th\u00e9oriques de litt\u00e9rature et de th\u00e9\u00e2tre dans les ann\u00e9es 1920<\/p>\n<p>Lioudmila GOGOTISHVILI &#8211; G. Chpet et M. Bakhtine : Divergences attendues et le rapprochements inattendus<\/p>\n<p>Rainer GRUEBEL &#8211; Esth\u00e9tique de la po\u00e9sie et esth\u00e9tique de la prose. G. Chpet et M. Bakhtine<\/p>\n<p>Nikola\u00ef VASILIEV &#8211; G. Chpet et M. Bakhtine : aux sources de la m\u00e9talangue du \u00ab cercle de Bakhtine \u00bb<\/p>\n<p>Natalia ANISIMOVA-FRAPP\u00e9 &#8211; G. Chpet et le probl\u00e8me de la forme interne du mot : ouverture \u00e0 la linguistique<\/p>\n<p>Natalia POLEVA &#8211; L\u2019influence des travaux de G. Chpet sur l\u2019\u00e9tude des probl\u00e8mes de la forme artistique<\/p>\n<p>Maria-Candida GHIDINI &#8211; Trois publications du D\u00e9partement de Philosophie du GAKhN<\/p>\n<p>Vladimir FESHCHENKO &#8211; G. Chpet et la tradition cach\u00e9e de la s\u00e9miotique profonde en Russie<\/p>\n<p>Ekaterina VELMEZOVA &#8211; S\u00e9mantique et s\u00e9miotique chez G. Chpet et N. Marr<\/p>\n<p>Denis IOFFE &#8211; G. Chpet, la religion et le probl\u00e8me du signe<\/p>\n<p>Olga MAZAEVA &#8211; G. Chpet et A. Bi\u00e9ly dans l\u2019horizon ph\u00e9nom\u00e9nologique de l\u2019\u00c2ge d\u2019argent<\/p>\n<p>Vladimir NOVIKOV &#8211; \u00ab Il vaut mieux Chpet que jamais \u00bb. Chpet et Tynianov<\/p>\n<p>Michela VENDITTI &#8211; La forme interne du mot chez G. Chpet et A. Marty<\/p>\n<p>Marta TRYBOWSKA &#8211; La pens\u00e9e de Gustave Chpet et l\u2019anthropologie polonaise : Chpet et Ingarden<\/p>\n<h3>Gustave Chpet et son \u0153uvre<\/h3>\n<p>Boris PRUZHININ &#8211; Perspective s\u00e9miotique de la m\u00e9thodologie des sciences humaines chez G. Chpet<\/p>\n<p>Victor MOLCHANOV &#8211; Le probl\u00e8me du \u201cMoi\u201d chez G. Chpet<\/p>\n<p>Olga NOVIKOVA &#8211; Chpet \u00e9crivain : l\u2019interaction du moi et de la pens\u00e9e dans ses travaux<\/p>\n<p>Peter STEINER &#8211; La formule math\u00e9matique de la beaut\u00e9 dans les Fragments esth\u00e9tiques de G. Chpet<\/p>\n<p>Anna SHIYAN &#8211; Les fondements ontologiques de la philosophie du langage du \u00ab dernier \u00bb Chpet<\/p>\n<p>Natalia AZAROVA &#8211; La Ph\u00e9nom\u00e9nologie de l\u2019Esprit de Hegel dans la traduction russe de G. Chpet et dans la traduction fran\u00e7aise de A. Kojeve<\/p>\n<p>Ewa KOCHAN &#8211; G. Chpet : la philosophie de l\u2019homme et de la culture<\/p>\n<p>Nadejda CHTCHETKINA-ROCHER &#8211; Herm\u00e9neutique de la temporalit\u00e9 et de la forme musicale chez G. Chpet<\/p>\n<h3>Gustave Chpet et son h\u00e9ritage, actualit\u00e9 de sa pens\u00e9e<\/h3>\n<p>Tatiana SHCHEDRINA &#8211; G. Chpet et les probl\u00e8mes actuels de la philosophie des sciences humaines<\/p>\n<p>Vladimir ZINCHENKO &#8211; Le creuset de W. von Humboldt et la forme interne de G. Chpet<\/p>\n<p>Igor CHUBAROV &#8211; Analyse compar\u00e9e de la compr\u00e9hension de la subjectivit\u00e9 chez G. Deleuze et G. Chpet<\/p>\n<p>Grigory TULCHINSKY &#8211; G. Chpet et les nouvelles perspectives du paradigme des sciences humaines<\/p>\n<p>Sergue\u00ef KHOROUJI [HORUZHY] &#8211; Aux limites de la ph\u00e9nom\u00e9nologie : Chpet, Husserl et l\u2019intentionnalit\u00e9 dans le monde de la pratique spirituelle<\/p>\n<p>Natalia AVTONOMOVA &#8211; Les principes \u00e9pist\u00e9mologiques de la critique de l\u2019ethnod\u00e9terminisme<\/p>\n<p>Ewa KOMOROWSKA &#8211; L\u2019actualit\u00e9 des conceptions scientifiques de G. Chpet<\/p>\n<p>Patrick FLACK &#8211; Dans l\u2019ombre du structuralisme (Chklovski, Merleau-Ponty\u2026 et Chpet ?)<\/p>\n<p>Vladimir ARISTOV &#8211; G. Chpet, la forme interne et sa signification pour la po\u00e9tique et la po\u00e9sie contemporaines<\/p>\n<p>Aleksandr LYUSYY &#8211; De la logique de l\u2019histoire aux genres de l\u2019histoire<\/p>\n<p>Marina GUSELTSEVA &#8211; La signification de la r\u00e9flexion m\u00e9thodologique de G. Chpet<\/p>\n<p>Tatiana MARTSINKOVSKA\u00efA &#8211; G. Chpet : paraphrase d\u2019un th\u00e8me contemporain<\/p>\n<p>Nicolas ZAVIALOFF &#8211; Actualit\u00e9 et perspectives de la notion de forme interne chez G. Chpet<\/p>\n<h3>Annexes<\/h3>\n<p>Maryse DENNES &#8211; Travaux ou articles sur Gustave Chpet parus en fran\u00e7ais, anglais, allemand, italien et japonais<\/p>\n<p>Maryse DENNES &#8211; Gustave Chpet \u2013 \u00c9l\u00e9ments biographiques I (famille)<\/p>\n<p>Maryse DENNES Gustave Chpet \u2013 \u00c9l\u00e9ments de biographiques II (principales \u00e9tapes du parcours professionnel et principaux travaux)<\/p>\n<p>Maryse DENNES &#8211; L\u2019affaire Gustave Chpet (tableau synoptique)<\/p>\n<p>Maryse DENNES &#8211; Bibliographie des oeuvres de Gustave Chpet<\/p>\n<p>Maryse DENNES &#8211; Principales publications sur Gustave Chpet en russe)<\/p>\n<p>Marina &amp; Tatiana CHPET &#8211; Lettres de Marina Gustavovna et de Tatiana Gustavovna, filles de Gustave Chpet, aux organisateurs et participants du colloque<\/p>\n","protected":false},"excerpt":{"rendered":"<p><strong>\u00c9diteur scientifique :<\/strong><\/p>\n<p>Maryse Dennes<\/p>\n<p><strong>ISBN :<\/strong> 978-2-9532020-3-8<\/p>\n<p>556 pages<\/p>\n","protected":false},"featured_media":262,"template":"","meta":[],"product_brand":[],"product_cat":[],"product_tag":[],"class_list":{"0":"post-122","1":"product","2":"type-product","3":"status-publish","4":"has-post-thumbnail","7":"first","8":"instock","9":"purchasable","10":"product-type-simple"},"_links":{"self":[{"href":"https:\/\/blogs.univ-tlse2.fr\/slavica-boutique\/wp-json\/wp\/v2\/product\/122","targetHints":{"allow":["GET"]}}],"collection":[{"href":"https:\/\/blogs.univ-tlse2.fr\/slavica-boutique\/wp-json\/wp\/v2\/product"}],"about":[{"href":"https:\/\/blogs.univ-tlse2.fr\/slavica-boutique\/wp-json\/wp\/v2\/types\/product"}],"wp:featuredmedia":[{"embeddable":true,"href":"https:\/\/blogs.univ-tlse2.fr\/slavica-boutique\/wp-json\/wp\/v2\/media\/262"}],"wp:attachment":[{"href":"https:\/\/blogs.univ-tlse2.fr\/slavica-boutique\/wp-json\/wp\/v2\/media?parent=122"}],"wp:term":[{"taxonomy":"product_brand","embeddable":true,"href":"https:\/\/blogs.univ-tlse2.fr\/slavica-boutique\/wp-json\/wp\/v2\/product_brand?post=122"},{"taxonomy":"product_cat","embeddable":true,"href":"https:\/\/blogs.univ-tlse2.fr\/slavica-boutique\/wp-json\/wp\/v2\/product_cat?post=122"},{"taxonomy":"product_tag","embeddable":true,"href":"https:\/\/blogs.univ-tlse2.fr\/slavica-boutique\/wp-json\/wp\/v2\/product_tag?post=122"}],"curies":[{"name":"wp","href":"https:\/\/api.w.org\/{rel}","templated":true}]}}