 {"id":124,"date":"2018-12-04T11:06:52","date_gmt":"2018-12-04T10:06:52","guid":{"rendered":"http:\/\/dev25-adim.univ-tlse2.fr\/slavica-boutique\/?post_type=product&#038;p=124"},"modified":"2023-06-23T10:51:41","modified_gmt":"2023-06-23T08:51:41","slug":"revue-n27-la-roumanie-aux-marches-du-monde-slave","status":"publish","type":"product","link":"https:\/\/blogs.univ-tlse2.fr\/slavica-boutique\/produit\/revue-n27-la-roumanie-aux-marches-du-monde-slave\/","title":{"rendered":"Revue n\u00b027 &#8211; La Roumanie aux marches du monde slave"},"content":{"rendered":"<h2>Sommaire<\/h2>\n<h3>Avant-propos<\/h3>\n<p>Pierre-Yves BOISSAU &#8211; Avant-propos<\/p>\n<h3>Histoire &#8211; G\u00e9ographie<\/h3>\n<p>Adrian NICULESCU &#8211; L\u2019arriv\u00e9e et l\u2019installation des Slaves sur le territoire de l\u2019actuelle Roumanie<\/p>\n<p>Catherine DURANDIN &#8211; Roumanie \u2013 Russie : Une longue histoire de tabous<\/p>\n<p>Mihnea BERINDEI &#8211; Affirmation de la conscience nationale roumaine et apparition de l\u2019\u00c9tat-nation<\/p>\n<p>Fr\u00e9d\u00e9ric BEAUMONT &#8211; Roumains et Ruth\u00e8nes de Bucovine. R\u00e9flexions sur la formation du mythe de la ruth\u00e9nisation<\/p>\n<p>Dorin DOBRINCU &#8211; Le r\u00f4le des conseillers sovi\u00e9tiques dans le processus de communisation de la Roumanie<\/p>\n<h3>Litt\u00e9rature<\/h3>\n<p>Roger COMTET &#8211; L\u2019\u00e9crivain russe Vladimir Korolenko (1853-1921) en Roumanie<\/p>\n<p>Elena LOGHINOVSKI &#8211; Lecture de Dosto\u00efevski : un test pour la libert\u00e9 de pens\u00e9e (N. Crainic, M. Eliade, M. Sebastian)<\/p>\n<h3>Linguistique<\/h3>\n<p>Alexandre NICULESCU &#8211; Roumanit\u00e9, Slavit\u00e9<\/p>\n<p>Marcel FERRAND &#8211; Comment les Roumains chang\u00e8rent d\u2019alphabet<\/p>\n<p>Ekaterina VELMEZOVA &#8211; \u00ab Comme un vrai Roumain, il est patriote et gourmand \u00bb. <em>Roumain et Moldave<\/em> : une \u00e9tude compar\u00e9e des connotations<\/p>\n","protected":false},"excerpt":{"rendered":"<p><strong>\u00c9diteur scientifique :<\/strong><\/p>\n<p>Pierre-Yves Boissau<\/p>\n<p>229 pages<\/p>\n","protected":false},"featured_media":261,"template":"","meta":[],"product_brand":[],"product_cat":[],"product_tag":[],"class_list":{"0":"post-124","1":"product","2":"type-product","3":"status-publish","4":"has-post-thumbnail","7":"first","8":"instock","9":"purchasable","10":"product-type-simple"},"_links":{"self":[{"href":"https:\/\/blogs.univ-tlse2.fr\/slavica-boutique\/wp-json\/wp\/v2\/product\/124","targetHints":{"allow":["GET"]}}],"collection":[{"href":"https:\/\/blogs.univ-tlse2.fr\/slavica-boutique\/wp-json\/wp\/v2\/product"}],"about":[{"href":"https:\/\/blogs.univ-tlse2.fr\/slavica-boutique\/wp-json\/wp\/v2\/types\/product"}],"wp:featuredmedia":[{"embeddable":true,"href":"https:\/\/blogs.univ-tlse2.fr\/slavica-boutique\/wp-json\/wp\/v2\/media\/261"}],"wp:attachment":[{"href":"https:\/\/blogs.univ-tlse2.fr\/slavica-boutique\/wp-json\/wp\/v2\/media?parent=124"}],"wp:term":[{"taxonomy":"product_brand","embeddable":true,"href":"https:\/\/blogs.univ-tlse2.fr\/slavica-boutique\/wp-json\/wp\/v2\/product_brand?post=124"},{"taxonomy":"product_cat","embeddable":true,"href":"https:\/\/blogs.univ-tlse2.fr\/slavica-boutique\/wp-json\/wp\/v2\/product_cat?post=124"},{"taxonomy":"product_tag","embeddable":true,"href":"https:\/\/blogs.univ-tlse2.fr\/slavica-boutique\/wp-json\/wp\/v2\/product_tag?post=124"}],"curies":[{"name":"wp","href":"https:\/\/api.w.org\/{rel}","templated":true}]}}