 {"id":127,"date":"2018-12-04T11:30:43","date_gmt":"2018-12-04T10:30:43","guid":{"rendered":"http:\/\/dev25-adim.univ-tlse2.fr\/slavica-boutique\/?post_type=product&#038;p=127"},"modified":"2020-11-16T11:41:49","modified_gmt":"2020-11-16T10:41:49","slug":"revue-n28-naissance-de-lhistoriographie-russe","status":"publish","type":"product","link":"https:\/\/blogs.univ-tlse2.fr\/slavica-boutique\/produit\/revue-n28-naissance-de-lhistoriographie-russe\/","title":{"rendered":"Revue n\u00b028 &#8211; Naissance de l\u2019historiographie russe"},"content":{"rendered":"<h2>Sommaire<\/h2>\n<h3>Naissance de l&rsquo;historiographie russe<\/h3>\n<p>Michel MERVAUD, St\u00e9phane VIELLARD &#8211; Introduction<\/p>\n<p>Michel MERVAUD &#8211; L\u2019<em>Histoire d\u2019Azov<\/em> de Gottlieb Siegfried Bayer<\/p>\n<p>Alexandre KAMENSKI &#8211; Gerhard Friedrich M\u00fcller : aux sources de la science historique russe<\/p>\n<p>G\u00e9rard LAUDIN &#8211; Diffusion de connaissances et \u00e9laboration de savoirs nouveaux : Schl\u00f6zer, Schmidt-Phiseldeck, Ewers et la russologie allemande du XVIIIe si\u00e8cle au d\u00e9but du XIXe<\/p>\n<p>Alexandre KHLEVOV &#8211; La question normande et l\u2019\u00e9volution de l\u2019historiographie russe au XVIIIe si\u00e8cle<\/p>\n<p>Aleksandr LAVROV &#8211; Vassili Nikititch Tatichtchev<\/p>\n<p>St\u00e9phane VIELLARD &#8211; Proverbe et \u00e9criture de l\u2019histoire dans l\u2019<em>Histoire de l\u2019\u00c9tat russe<\/em> de Nicolas Karamzine<\/p>\n<p>Michel MERVAUD &#8211; Voltaire historien de la Russie : v\u00e9rit\u00e9 ou histoire militante ?<\/p>\n<p>Vladislav RJ\u00c9OUTSKI &#8211; Aux sources de l\u2019histoire de la Russie dans la France des Lumi\u00e8res : Philippe Hernandez et sa biblioth\u00e8que<\/p>\n<h3>Index<\/h3>\n<p>Michel MERVAUD &#8211; Index<\/p>\n<h3>Notes de lecture<\/h3>\n<p>Maryse DENNES &#8211; Manon de Courten, <em>History, Sophia and the Russian Nation. A Reassessment of Vladimir Solov\u2019ev\u2019s Views on History and his Social Commitment<\/em>, Peter Lang, \u00ab European Academic Publishers \u00bb, Berne, 2004, 532 p.<\/p>\n<p>Maya GOUBINA &#8211; Elena Gretchanaia &amp; Catherine Viollet (\u00e9d.), <em>Si tu lis jamais ce journal\u2026 Diaristes russes francophones. 1780-1854<\/em>, avant-propos de Philippe Lejeune, Paris, CNRS \u00c9ditions, 2008, 350 p.<\/p>\n<p>C\u00e9cile VAISSI\u00c9 &#8211; Lise Gruel-Apert, <em>De la paysanne \u00e0 la tsarine. La Russie traditionnelle c\u00f4t\u00e9 femmes<\/em>, Paris, \u00c9ditions Imago, 2007, 334 p.<\/p>\n<p>Dany SAVELLI &#8211; \u00c9ric Aunoble, <em>\u00ab Le communisme, tout de suite ! \u00bb. Le mouvement des Communes en Ukraine sovi\u00e9tique (1919-1920)<\/em>, [s.l.], Les Nuits rouges, 2008, 286 p.<\/p>\n<p>H\u00e9l\u00e8ne MENEGALDO &#8211; Alexandre Jevakhoff, <em>Les Russes blancs<\/em>, Paris, Tallandier, 2007, 605 p.<\/p>\n<p>Boris LAZI\u0106 &#8211; Nina \u017divan\u010devi\u0107, <em>Milo\u0161 Crnjanski : la Serbie, l\u2019exil et le retour<\/em>, Paris, L\u2019Harmattan, 2007, 236 p.<\/p>\n<p>Jean-Paul DEPRETTO &#8211; Lewis H. Siegelbaum, <em>Cars for Comrades: The Life of the Soviet Automobile<\/em>, Ithaca\u2013New-York, Cornell University Press, 2008, XVII-309 p.<\/p>\n","protected":false},"excerpt":{"rendered":"<p><strong>\u00c9diteurs scientifiques :<\/strong><\/p>\n<p>Michel Mervaud et St\u00e9phane Viellard<\/p>\n<p><strong>ISBN :<\/strong>\u00a0978-2-9532020-4-5<\/p>\n<p>372 pages<\/p>\n","protected":false},"featured_media":260,"template":"","meta":[],"product_brand":[],"product_cat":[],"product_tag":[],"class_list":{"0":"post-127","1":"product","2":"type-product","3":"status-publish","4":"has-post-thumbnail","7":"first","8":"instock","9":"purchasable","10":"product-type-simple"},"_links":{"self":[{"href":"https:\/\/blogs.univ-tlse2.fr\/slavica-boutique\/wp-json\/wp\/v2\/product\/127","targetHints":{"allow":["GET"]}}],"collection":[{"href":"https:\/\/blogs.univ-tlse2.fr\/slavica-boutique\/wp-json\/wp\/v2\/product"}],"about":[{"href":"https:\/\/blogs.univ-tlse2.fr\/slavica-boutique\/wp-json\/wp\/v2\/types\/product"}],"wp:featuredmedia":[{"embeddable":true,"href":"https:\/\/blogs.univ-tlse2.fr\/slavica-boutique\/wp-json\/wp\/v2\/media\/260"}],"wp:attachment":[{"href":"https:\/\/blogs.univ-tlse2.fr\/slavica-boutique\/wp-json\/wp\/v2\/media?parent=127"}],"wp:term":[{"taxonomy":"product_brand","embeddable":true,"href":"https:\/\/blogs.univ-tlse2.fr\/slavica-boutique\/wp-json\/wp\/v2\/product_brand?post=127"},{"taxonomy":"product_cat","embeddable":true,"href":"https:\/\/blogs.univ-tlse2.fr\/slavica-boutique\/wp-json\/wp\/v2\/product_cat?post=127"},{"taxonomy":"product_tag","embeddable":true,"href":"https:\/\/blogs.univ-tlse2.fr\/slavica-boutique\/wp-json\/wp\/v2\/product_tag?post=127"}],"curies":[{"name":"wp","href":"https:\/\/api.w.org\/{rel}","templated":true}]}}