 {"id":129,"date":"2018-12-04T12:11:19","date_gmt":"2018-12-04T11:11:19","guid":{"rendered":"http:\/\/dev25-adim.univ-tlse2.fr\/slavica-boutique\/?post_type=product&#038;p=129"},"modified":"2020-07-24T12:45:52","modified_gmt":"2020-07-24T10:45:52","slug":"revue-n29-la-religion-de-lautre-reactions-et-interactions-entre-religions-en-russie","status":"publish","type":"product","link":"https:\/\/blogs.univ-tlse2.fr\/slavica-boutique\/produit\/revue-n29-la-religion-de-lautre-reactions-et-interactions-entre-religions-en-russie\/","title":{"rendered":"Revue n\u00b029 &#8211; La religion de l\u2019Autre : r\u00e9actions et interactions entre religions en Russie"},"content":{"rendered":"<h2>Sommaire<\/h2>\n<h3>Introduction<\/h3>\n<p>Boris CZERNY, Dany SAVELLI &#8211; Autour de l\u2019id\u00e9e de rencontres interreligieuses dans le monde russe<\/p>\n<h3>L&rsquo;Autre schismatique ou h\u00e9r\u00e9tique<\/h3>\n<p>Michel NIQUEUX &#8211; L\u2019\u00c9glise orthodoxe et la \u00ab mission int\u00e9rieure \u00bb dans la Russie du d\u00e9but du xxe si\u00e8cle : entre la lutte contre les sectes et la libert\u00e9 de conscience<\/p>\n<p>Roberta DE GIORGI &#8211; D\u2019une relative tol\u00e9rance \u00e0 une v\u00e9ritable intol\u00e9rance : Le cas des Stundistes en Russie avant 1905<\/p>\n<h3>Administrer les \u00ab\u00a0confessions \u00e9trang\u00e8res\u00a0\u00bb<\/h3>\n<p>Ir\u00e8ne SEMENOFF-TIAN-CHANSKY-BA\u00cfDINE &#8211; Les \u00e9coles pour Kriach\u00e8nes sous Alexandre II ou la formation d\u2019enfants allog\u00e8nes orthodoxes dans un environnement musulman<\/p>\n<p>Claire LE FOLL &#8211; L\u2019empire russe et le hassidisme : enjeux politiques et gestion administrative d\u2019un conflit religieux interne (1770-1860)<\/p>\n<p>Aldo FERRARI &#8211; Collaboration sans interaction. L\u2019\u00c9glise arm\u00e9nienne au sein de l\u2019Empire russe<\/p>\n<p>Elena ASTAFIEVA &#8211; L&rsquo;\u00c9tat, l&rsquo;\u00c9glise orthodoxe et les religions dites \u00e9trang\u00e8res : le cas de l&rsquo;\u00c9glise catholique dans la Russie imp\u00e9riale<\/p>\n<p>Daniel BEAUVOIS &#8211; La Russie et les uniates. Esquisse historique<\/p>\n<h3>Rencontres interreligieuses autour des rites et des f\u00eates<\/h3>\n<p>Jean-Luc LAMBERT &#8211; Quand le dieu c\u00e9leste envoie son enfant-ours aux hommes : Essai sur les interactions religieuses chez les Ougriens de l\u2019Ob (XVIIIe-d\u00e9but XXe si\u00e8cles)<\/p>\n<p>Xavier LE TORRIVELLEC &#8211; Croyants et communistes au tir \u00e0 la corde. Religions, id\u00e9ologie et tradition festive du saban tuj en Volga-Oural (XIXe &#8211; XXIe si\u00e8cles)<\/p>\n<h3>Parcours singuliers<\/h3>\n<p>Aleksandr LAVROV &#8211; Histoire d\u2019un retour en pays orthodoxe apr\u00e8s une conversion \u00e0 l\u2019islam : L\u00e9onti Osman-Sukhotine, guerrier moscovite du sultan<\/p>\n<p>Dani\u00e8le BEAUNE-GRAY &#8211; Konstantin L\u00e9ontiev : rencontres avec l\u2019Orthodoxie, le Catholicisme et l\u2019Islam<\/p>\n<p>Aleksandr ANDREEV &#8211; Le mythe de Shambhala revisit\u00e9 : l\u2019occultiste Alexandre Bartchenko et le pouvoir sovi\u00e9tique<\/p>\n<p>Dany SAVELLI &#8211; Shambhala de-ci, de-l\u00e0 : syncr\u00e9tisme ou appropriation de la religion de l\u2019Autre ? (Autour de l\u2019exp\u00e9dition N. K. Roerich en Asie Centrale)<\/p>\n<h3>Rencontres interreligieuses dans et par les textes<\/h3>\n<p>Patrice LAJOYE &#8211; La byline Ilya et Idolichtch\u00e9 : Reflet de luttes religieuses ou ancien r\u00e9cit mythologique ?<\/p>\n<p>Marina APTEKMAN &#8211; Motifs kabbalistiques dans la prose romantique russe<\/p>\n<p>Boris CZERNY &#8211; Deux lieux de rencontres. Les paysages de la Russie et de la Terre promise dans la litt\u00e9rature juive de langue russe<\/p>\n<p>Edith YBERT &#8211; \u00ab La premi\u00e8re revue russe d\u2019islamologie : Mir Islama (1912-1913). La religion de l\u2019Autre \u00e0 travers diff\u00e9rents prismes \u00bb<\/p>\n<p>Nadejda CHTCHETKINA-ROCHER &#8211; La revue <em>Vol\u0161ebnaja Gora<\/em> [La Montagne Magique]<\/p>\n<p>Dany SAVELLI &#8211; D\u00e9couverte et red\u00e9couverte du bouddhisme dans le monde russe (Autour de quelques revues russophones parues depuis les ann\u00e9es 1990)<\/p>\n<p>Maxime MOUNKO &#8211; L\u2019almanach scientifique <em>Lipovane: istorija i kultura russkix staroobrjadcev<\/em> [Les lipov\u00e8nes : histoire et culture des vieux-croyants russes]<\/p>\n<p>Roger COMTET &#8211; Un regard russe sur la r\u00e9forme et sur Pierre Bayle : le <em>Pierre Bayle<\/em> d\u2019Alexandre Nikola\u00efevitch Vesselovski (1872) (accompagn\u00e9e d\u2019une traduction in\u00e9dite et annot\u00e9e du texte)<\/p>\n","protected":false},"excerpt":{"rendered":"<p><strong>\u00c9diteur scientifique :<\/strong><\/p>\n<p>Dany Savelli<\/p>\n<p><strong>ISBN :<\/strong> 978-2-9532020-5-2<\/p>\n<p>428 pages<\/p>\n","protected":false},"featured_media":259,"template":"","meta":[],"product_brand":[],"product_cat":[],"product_tag":[],"class_list":{"0":"post-129","1":"product","2":"type-product","3":"status-publish","4":"has-post-thumbnail","7":"first","8":"instock","9":"purchasable","10":"product-type-simple"},"_links":{"self":[{"href":"https:\/\/blogs.univ-tlse2.fr\/slavica-boutique\/wp-json\/wp\/v2\/product\/129","targetHints":{"allow":["GET"]}}],"collection":[{"href":"https:\/\/blogs.univ-tlse2.fr\/slavica-boutique\/wp-json\/wp\/v2\/product"}],"about":[{"href":"https:\/\/blogs.univ-tlse2.fr\/slavica-boutique\/wp-json\/wp\/v2\/types\/product"}],"wp:featuredmedia":[{"embeddable":true,"href":"https:\/\/blogs.univ-tlse2.fr\/slavica-boutique\/wp-json\/wp\/v2\/media\/259"}],"wp:attachment":[{"href":"https:\/\/blogs.univ-tlse2.fr\/slavica-boutique\/wp-json\/wp\/v2\/media?parent=129"}],"wp:term":[{"taxonomy":"product_brand","embeddable":true,"href":"https:\/\/blogs.univ-tlse2.fr\/slavica-boutique\/wp-json\/wp\/v2\/product_brand?post=129"},{"taxonomy":"product_cat","embeddable":true,"href":"https:\/\/blogs.univ-tlse2.fr\/slavica-boutique\/wp-json\/wp\/v2\/product_cat?post=129"},{"taxonomy":"product_tag","embeddable":true,"href":"https:\/\/blogs.univ-tlse2.fr\/slavica-boutique\/wp-json\/wp\/v2\/product_tag?post=129"}],"curies":[{"name":"wp","href":"https:\/\/api.w.org\/{rel}","templated":true}]}}