 {"id":132,"date":"2018-12-10T09:46:40","date_gmt":"2018-12-10T08:46:40","guid":{"rendered":"http:\/\/dev25-adim.univ-tlse2.fr\/slavica-boutique\/?post_type=product&#038;p=132"},"modified":"2020-08-09T22:52:28","modified_gmt":"2020-08-09T20:52:28","slug":"revue-n30-transferts-culturels-et-comparatisme-en-russie","status":"publish","type":"product","link":"https:\/\/blogs.univ-tlse2.fr\/slavica-boutique\/produit\/revue-n30-transferts-culturels-et-comparatisme-en-russie\/","title":{"rendered":"Revue n\u00b030 &#8211; Transferts culturels et comparatisme en Russie"},"content":{"rendered":"<h2>Sommaire<\/h2>\n<h3>Articles<\/h3>\n<p>Michel ESPAGNE &#8211; Introduction<\/p>\n<p>Igor SHA\u00efTANOV &#8211; Pourquoi comparer ? Comparatisme et\/ou po\u00e9tique<\/p>\n<p>Maryse DENNES &#8211; Le comparatisme dans la philosophie russe<\/p>\n<p>Ekaterina DMITRIEVA &#8211; L\u2019enseignement de la litt\u00e9rature compar\u00e9e \u00e0 l\u2019Universit\u00e9 de Saint-P\u00e9tersbourg (1850-1917)<\/p>\n<p>Michel ESPAGNE &#8211; Les racines allemandes du comparatisme de Propp et sa th\u00e9orie du comique<\/p>\n<p>Sylvie ARCHAIMBAULT &#8211; La notion d\u2019aperception en Russie au tournant des XIXe et XXe si\u00e8cles<\/p>\n<p>Serge\u00ef TCHOUGOUNNIKOV &#8211; L\u2019effet \u00ab n\u00e9o-grammairien \u00bb entre la Russie et l\u2019Allemagne<\/p>\n<p>C\u00e9line TRAUTMANN-WALLER &#8211; Le comparatisme du linguiste Antoine Meillet (1866-1936) entre France, Allemagne et Russie<\/p>\n<p>Pascale RABAULT-FEUERHAHN &#8211; Langue, culture et classifications : Otto von Boehtlingk et l\u2019\u00e9tude du iakoute<\/p>\n<p>Florence CORRADO-KAZANSKI &#8211; La pens\u00e9e de Humboldt sur la langue et les po\u00e8tes de l\u2019\u00c2ge d\u2019argent<\/p>\n<p>Anna GICHKINA &#8211; Sauver la France selon Eug\u00e8ne-Melchior de Vog\u00fc\u00e9<\/p>\n<p>Frances NETHERCOTT &#8211; \u00c9crire l\u2019histoire de la Russie : question de paradigmes occidentaux dans l\u2019historiographie nationale<\/p>\n<p>Ewa B\u00e9RARD &#8211; La notion de \u00ab starina \u00bb au tournant du XXe si\u00e8cle et la \u00ab valeur d\u2019anciennet\u00e9 \u00bb d\u2019Alo\u00efs Riegl<\/p>\n<p>Dittmar DAHLMANN &#8211; Max Weber et la Russie<\/p>\n<p>Marl\u00e8ne LARUELLE &#8211; Transferts culturels autour du concept de Race. Lectures de Darwin en Russie<\/p>\n<h3>R\u00e9sum\u00e9s de th\u00e8se<\/h3>\n<p>C\u00e9cile GAUTHIER &#8211; Nom, langue, identit\u00e9 : les errances du mot slave dans les discours de l\u2019autre (\u00e0 partir d\u2019un corpus lexicographique \u2013 XVIIIe-XXe si\u00e8cle \u2013 et romanesque \u2013 ann\u00e9es 1880-1930 \u2013 de langue fran\u00e7aise et allemande)<\/p>\n<p>Christina ANDRIEU &#8211; La d\u00e9couverte de la langue bulgare par les linguistes russes au XIXe si\u00e8cle<\/p>\n","protected":false},"excerpt":{"rendered":"<p><strong>\u00c9diteur scientifique :<\/strong><\/p>\n<p>Michel Espagne<\/p>\n<p><strong>ISBN : <\/strong>978-2-9532020-7-6<\/p>\n<p>346 pages<\/p>\n","protected":false},"featured_media":258,"template":"","meta":[],"product_brand":[],"product_cat":[],"product_tag":[],"class_list":{"0":"post-132","1":"product","2":"type-product","3":"status-publish","4":"has-post-thumbnail","7":"first","8":"instock","9":"purchasable","10":"product-type-simple"},"_links":{"self":[{"href":"https:\/\/blogs.univ-tlse2.fr\/slavica-boutique\/wp-json\/wp\/v2\/product\/132","targetHints":{"allow":["GET"]}}],"collection":[{"href":"https:\/\/blogs.univ-tlse2.fr\/slavica-boutique\/wp-json\/wp\/v2\/product"}],"about":[{"href":"https:\/\/blogs.univ-tlse2.fr\/slavica-boutique\/wp-json\/wp\/v2\/types\/product"}],"wp:featuredmedia":[{"embeddable":true,"href":"https:\/\/blogs.univ-tlse2.fr\/slavica-boutique\/wp-json\/wp\/v2\/media\/258"}],"wp:attachment":[{"href":"https:\/\/blogs.univ-tlse2.fr\/slavica-boutique\/wp-json\/wp\/v2\/media?parent=132"}],"wp:term":[{"taxonomy":"product_brand","embeddable":true,"href":"https:\/\/blogs.univ-tlse2.fr\/slavica-boutique\/wp-json\/wp\/v2\/product_brand?post=132"},{"taxonomy":"product_cat","embeddable":true,"href":"https:\/\/blogs.univ-tlse2.fr\/slavica-boutique\/wp-json\/wp\/v2\/product_cat?post=132"},{"taxonomy":"product_tag","embeddable":true,"href":"https:\/\/blogs.univ-tlse2.fr\/slavica-boutique\/wp-json\/wp\/v2\/product_tag?post=132"}],"curies":[{"name":"wp","href":"https:\/\/api.w.org\/{rel}","templated":true}]}}