 {"id":134,"date":"2018-12-10T10:00:37","date_gmt":"2018-12-10T09:00:37","guid":{"rendered":"http:\/\/dev25-adim.univ-tlse2.fr\/slavica-boutique\/?post_type=product&#038;p=134"},"modified":"2020-08-09T22:51:53","modified_gmt":"2020-08-09T20:51:53","slug":"revue-n31-loeuvre-daleksei-losev-dans-le-contexte-de-la-culture-europeenne","status":"publish","type":"product","link":"https:\/\/blogs.univ-tlse2.fr\/slavica-boutique\/produit\/revue-n31-loeuvre-daleksei-losev-dans-le-contexte-de-la-culture-europeenne\/","title":{"rendered":"Revue n\u00b031 &#8211; L\u2019\u0153uvre d\u2019Alekse\u00ef Losev dans le contexte de la culture europ\u00e9enne"},"content":{"rendered":"<h2>Sommaire<\/h2>\n<h3>Introduction<\/h3>\n<p>Maryse DENNES &#8211; Destin\u00e9e et actualit\u00e9 de l\u2019\u0153uvre d&rsquo;Alekse\u00ef Losev<\/p>\n<h3>Actualit\u00e9 d&rsquo;Alekse\u00ef Losev<\/h3>\n<p>Lioudmila GOGOTISHVILI &#8211; \u00ab Polytropie positionnelle \u00bb, le principe cl\u00e9 de la th\u00e9orie los\u00e9vienne de l\u2019expression<\/p>\n<p>Fumikazu OSUKA &#8211; Actualit\u00e9 de la philosophie du langage d&rsquo;A.F. Losev<\/p>\n<p>Pavel BOYKO &#8211; La Dialectique d&rsquo;A.F. Losev dans le contexte du renouveau m\u00e9thodologique des sciences humaines<\/p>\n<p>Irina DANILOVA &#8211; La signification de la th\u00e9orie du symbole d&rsquo;A.F. Losev pour la m\u00e9thodologie des recherches actuelles sur le th\u00e9\u00e2tre<\/p>\n<p>Lioudmila ANDRIOUKHINA &#8211; L&rsquo;ontologie de la cr\u00e9ation dans les travaux d&rsquo;A.F. Losev et les pratiques cr\u00e9atives contemporaines<\/p>\n<p>Boris TARASSOV &#8211; Une nouvelle Renaissance ou une Apocalypse pr\u00e9cipit\u00e9e ?<\/p>\n<h3>L\u2019\u0153uvre d&rsquo;Alekse\u00ef Losev et la culture russe<\/h3>\n<p>Natalia ANISIMOVA-FRAPP\u00e9 &#8211; A.F. Losev et la critique des th\u00e9ories du signe linguistique<\/p>\n<p>Maria-Candida GHIDINI &#8211; A. Losev et P. Florenski : la rencontre de la philosophie du langage et de l&rsquo;onomatodoxie (Glorification du Nom)<\/p>\n<p>Sergue\u00ef NIZHNIKOV &#8211; La m\u00e9taphysique de la Glorification du Nom chez A.F. Losev<\/p>\n<p>Viktor TRO\u00efTSKIY &#8211; La philosophie des math\u00e9matiques d&rsquo;A.F. Losev et le probl\u00e8me du fondement de la Glorification du Nom<\/p>\n<p>Konstantin ZENKIN &#8211; La philosophie et la mythologie de la musique d&rsquo;A.F. Losev<\/p>\n<p>Annett JUBARA &#8211; La compr\u00e9hension byzantine de l&rsquo;\u00eatre dans la philosophie du mythe d&rsquo;A.F. Losev<\/p>\n<p>Andre\u00ef TASHCHYAN &#8211; La triade, la t\u00e9trade et la pentade dans la m\u00e9thodologie de Losev (exp\u00e9rience de l&rsquo;analyse logique, th\u00e9ologique et historico-culturelle)<\/p>\n<p>Ekaterina ARTIOUKH &#8211; Alekse\u00ef Losev et la litt\u00e9rature russe : le regard d&rsquo;un penseur du XXe si\u00e8cle<\/p>\n<h3>Alekse\u00ef Losev et la culture europ\u00e9enne (grecque, byzantine et occidentale)<\/h3>\n<p>Elena TAKHO-GODI &#8211; L&rsquo;\u0153uvre d&rsquo;A.F. Losev et les traditions litt\u00e9raires d&rsquo;Europe occidentale<\/p>\n<p>Milan UZELAC &#8211; La philosophie de la musique d&rsquo;A.F. Losev et sa parent\u00e9 avec le n\u00e9o-platonisme tardif<\/p>\n<p>Florence CORRADO-KAZANSKI &#8211; Les projets d\u2019autobiographie spirituelle d\u2019A.F. Losev et Hans-Urs von Balthasar : tentative de comparaison<\/p>\n<p>Vladimir BELOV &#8211; Alexis Losev et le n\u00e9o-kantisme de Marburg<\/p>\n<p>Sergey ZMIKHNOVSKY &#8211; La th\u00e9orie du mythe d&rsquo;A.F. Losev dans le contexte de la pens\u00e9e sociale europ\u00e9enne<\/p>\n<p>Holger KUSSE &#8211; La s\u00e9mantique de l&rsquo;interpr\u00e9tation d&rsquo;A.F. Losev et les th\u00e9ories de la s\u00e9mantique au XXe si\u00e8cle<\/p>\n<h3>Annexes<\/h3>\n<p>Valentina ILJINA &#8211; La Biblioth\u00e8que-mus\u00e9e \u00ab Maison A.F. Losev \u00bb de Moscou<\/p>\n<h3>Notes de lecture<\/h3>\n<p>B\u00e9n\u00e9dicte VAUTHIER &#8211; Catherine Depretto, <em>Le formalisme en Russie<\/em>, avant-propos de Michel Aucouturier, Paris, Institut d\u2019\u00c9tudes slaves, 2009, 330 p.<\/p>\n<p>Roger COMTET &#8211; Ekaterina VELMEZOVA (\u00e9d.), <em>Philologie slave. Linguistique \u2013 Analyse litt\u00e9raire \u2013 Histoire des id\u00e9es<\/em>, Lausanne, Universit\u00e9 de Lausanne, 2009, 180 pages (\u00c9tudes de lettres, 4, 2009).<\/p>\n","protected":false},"excerpt":{"rendered":"<p><strong>\u00c9diteur scientifique :<\/strong><\/p>\n<p>Maryse Dennes<\/p>\n<p><strong>ISBN :<\/strong> 978-2-9532020-8-3<\/p>\n<p>357 pages<\/p>\n","protected":false},"featured_media":257,"template":"","meta":[],"product_brand":[],"product_cat":[],"product_tag":[],"class_list":{"0":"post-134","1":"product","2":"type-product","3":"status-publish","4":"has-post-thumbnail","7":"first","8":"instock","9":"purchasable","10":"product-type-simple"},"_links":{"self":[{"href":"https:\/\/blogs.univ-tlse2.fr\/slavica-boutique\/wp-json\/wp\/v2\/product\/134","targetHints":{"allow":["GET"]}}],"collection":[{"href":"https:\/\/blogs.univ-tlse2.fr\/slavica-boutique\/wp-json\/wp\/v2\/product"}],"about":[{"href":"https:\/\/blogs.univ-tlse2.fr\/slavica-boutique\/wp-json\/wp\/v2\/types\/product"}],"wp:featuredmedia":[{"embeddable":true,"href":"https:\/\/blogs.univ-tlse2.fr\/slavica-boutique\/wp-json\/wp\/v2\/media\/257"}],"wp:attachment":[{"href":"https:\/\/blogs.univ-tlse2.fr\/slavica-boutique\/wp-json\/wp\/v2\/media?parent=134"}],"wp:term":[{"taxonomy":"product_brand","embeddable":true,"href":"https:\/\/blogs.univ-tlse2.fr\/slavica-boutique\/wp-json\/wp\/v2\/product_brand?post=134"},{"taxonomy":"product_cat","embeddable":true,"href":"https:\/\/blogs.univ-tlse2.fr\/slavica-boutique\/wp-json\/wp\/v2\/product_cat?post=134"},{"taxonomy":"product_tag","embeddable":true,"href":"https:\/\/blogs.univ-tlse2.fr\/slavica-boutique\/wp-json\/wp\/v2\/product_tag?post=134"}],"curies":[{"name":"wp","href":"https:\/\/api.w.org\/{rel}","templated":true}]}}