 {"id":138,"date":"2018-12-10T10:20:16","date_gmt":"2018-12-10T09:20:16","guid":{"rendered":"http:\/\/dev25-adim.univ-tlse2.fr\/slavica-boutique\/?post_type=product&#038;p=138"},"modified":"2020-08-09T22:51:26","modified_gmt":"2020-08-09T20:51:26","slug":"revue-n32-la-decouverte-de-la-langue-bulgare-par-les-linguistes-russes-au-xixe-siecle","status":"publish","type":"product","link":"https:\/\/blogs.univ-tlse2.fr\/slavica-boutique\/produit\/revue-n32-la-decouverte-de-la-langue-bulgare-par-les-linguistes-russes-au-xixe-siecle\/","title":{"rendered":"Revue n\u00b032 &#8211; La d\u00e9couverte de la langue bulgare par les linguistes russes au XIXe si\u00e8cle"},"content":{"rendered":"<p>Christina ANDRIEU &#8211; <em>La d\u00e9couverte de la langue bulgare par les linguistes russes au XIXe si\u00e8cle<\/em> [volume int\u00e9gral]<\/p>\n","protected":false},"excerpt":{"rendered":"<p><strong>Auteur :<\/strong><\/p>\n<p>Christina Strantchevska-Andrieu<\/p>\n<p><strong>ISBN : <\/strong>978-2-9532020-9-0<\/p>\n<p>521 pages<\/p>\n","protected":false},"featured_media":255,"template":"","meta":[],"product_brand":[],"product_cat":[],"product_tag":[],"class_list":{"0":"post-138","1":"product","2":"type-product","3":"status-publish","4":"has-post-thumbnail","7":"first","8":"instock","9":"purchasable","10":"product-type-simple"},"_links":{"self":[{"href":"https:\/\/blogs.univ-tlse2.fr\/slavica-boutique\/wp-json\/wp\/v2\/product\/138","targetHints":{"allow":["GET"]}}],"collection":[{"href":"https:\/\/blogs.univ-tlse2.fr\/slavica-boutique\/wp-json\/wp\/v2\/product"}],"about":[{"href":"https:\/\/blogs.univ-tlse2.fr\/slavica-boutique\/wp-json\/wp\/v2\/types\/product"}],"wp:featuredmedia":[{"embeddable":true,"href":"https:\/\/blogs.univ-tlse2.fr\/slavica-boutique\/wp-json\/wp\/v2\/media\/255"}],"wp:attachment":[{"href":"https:\/\/blogs.univ-tlse2.fr\/slavica-boutique\/wp-json\/wp\/v2\/media?parent=138"}],"wp:term":[{"taxonomy":"product_brand","embeddable":true,"href":"https:\/\/blogs.univ-tlse2.fr\/slavica-boutique\/wp-json\/wp\/v2\/product_brand?post=138"},{"taxonomy":"product_cat","embeddable":true,"href":"https:\/\/blogs.univ-tlse2.fr\/slavica-boutique\/wp-json\/wp\/v2\/product_cat?post=138"},{"taxonomy":"product_tag","embeddable":true,"href":"https:\/\/blogs.univ-tlse2.fr\/slavica-boutique\/wp-json\/wp\/v2\/product_tag?post=138"}],"curies":[{"name":"wp","href":"https:\/\/api.w.org\/{rel}","templated":true}]}}