 {"id":140,"date":"2018-12-10T11:01:23","date_gmt":"2018-12-10T10:01:23","guid":{"rendered":"http:\/\/dev25-adim.univ-tlse2.fr\/slavica-boutique\/?post_type=product&#038;p=140"},"modified":"2020-07-24T12:46:31","modified_gmt":"2020-07-24T10:46:31","slug":"revue-n33-le-japon-en-russie-imaginaire-savoir-conflits-et-voyages","status":"publish","type":"product","link":"https:\/\/blogs.univ-tlse2.fr\/slavica-boutique\/produit\/revue-n33-le-japon-en-russie-imaginaire-savoir-conflits-et-voyages\/","title":{"rendered":"Revue n\u00b033 &#8211; Le Japon en Russie : imaginaire, savoir, conflits et voyages"},"content":{"rendered":"<h2>Sommaire<\/h2>\n<h3>Introduction<\/h3>\n<p>Dany SAVELLI &#8211; De la matriochka au paradis, en passant par la Sib\u00e9rie (ou de quelques surprises sur le Japon en Russie)<\/p>\n<h3>I &#8211; Imaginaire et savoir<\/h3>\n<p>Nadejda CHTCHETKINA-ROCHER &#8211; Le Japon dans l&rsquo;imaginaire russe des XVIIe et XVIIIe si\u00e8cles : de la <em>terra incognita<\/em> \u00e0 la terre promise<\/p>\n<p>Vladimir ALPATOV &#8211; La gen\u00e8se des \u00e9tudes japonaises en Russie<\/p>\n<p>Lorraine DE MEAUX &#8211; Port Arthur et le renouveau des \u00e9tudes japonaises en Russie<\/p>\n<h3>II &#8211; Litt\u00e9rature et arts<\/h3>\n<p>Galina DUDARETS &#8211; Futabatei Shimei \u00e0 Saint-P\u00e9tersbourg<\/p>\n<p>Vassili MOLODIAKOV &#8211; L\u2019image du Japon dans la litt\u00e9rature symboliste russe<\/p>\n<p>Rie UENO &#8211; \u00c0 propos des motifs japonisants dans l\u2019\u0153uvre de Pavel Kouznetsov et celle des n\u00e9o-primitivistes<\/p>\n<p>Susanna Soojung LIM &#8211; \u00ab L\u2019esprit du continent \u00bb ou le Japon, l\u2019Eurasie et l\u2019Empire dans l\u2019\u0153uvre de V\u00e9limir Khlebnikov<\/p>\n<h3>III &#8211; D&rsquo;une sc\u00e8ne \u00e0 l&rsquo;autre<\/h3>\n<p>Yukiko KITAMURA, Dany SAVELLI &#8211; L\u2019exotisme justifi\u00e9 ou la venue du kabuki en Union Sovi\u00e9tique en 1928<\/p>\n<p>Dany SAVELLI &#8211; Un t\u00e9moignage sovi\u00e9tique de 1936 sur le th\u00e9\u00e2tre japonais : \u00ab Le Th\u00e9\u00e2tre japonais \u00bb de Boris Pilniak<\/p>\n<p>Boris PILNIAK &#8211; \u00ab Le Th\u00e9\u00e2tre japonais \u00bb (publication, traduction et notes par D. Savelli)<\/p>\n<p>Eketerina SIMONOVA-GOUDZENKO &#8211; Konstantin Simonov et le th\u00e9\u00e2tre japonais<\/p>\n<p>Mazaku HAYASHI &#8211; Le th\u00e9\u00e2tre japonais face au th\u00e9\u00e2tre occidental et \u00e0 la tradition : l\u2019\u0153uvre d\u2019Osanai Kaoru (1881-1928)<\/p>\n<h3>IV &#8211; L&rsquo;entre deux ou la Sib\u00e9rie<\/h3>\n<p>Vladimir DACY\u0160EN &#8211; La pr\u00e9sence japonaise en Sib\u00e9rie<\/p>\n<p>Sergue\u00ef KOUZNETSOV &#8211; Les anciens prisonniers de guerre japonais \u00e9voquent leur captivit\u00e9 en Sib\u00e9rie<\/p>\n<p>Toshio TAKEMOTO &#8211; M\u00e9moire et violence dans les <em>Chroniques de l\u2019oiseau \u00e0 ressort<\/em> de Murakami Haruki ou de Khalkhin Gol aux camps de Sib\u00e9rie<\/p>\n<h3>R\u00e9sum\u00e9s des articles \/ Abstracts \/ Notices sur les auteurs \/ Notes de lecture<\/h3>\n<p>Dany SAVELLI &#8211; Yulia Mikhailova &amp; M. William Steele, <em>Japan and Russia. Three Centuries of Mutual Images<\/em>, Folkertsone, Global Oriental, 2008, 237 p.<\/p>\n<p>Maxime MOUNKO &#8211; I. P. Bondarenko, <em>Russko-japonskie jazykovye vzaimosvjazi 18-ogo veka<\/em> [Les interactions linguistiques russo-japonaises au XVIIIe si\u00e8cle], Odessa, Astro-Print, 2000, 395 p.<\/p>\n<p>Dany SAVELLI &#8211; Naoko Shimazu, <em>Japanese Society at War. Death, Memory and the Russo-Japanese War<\/em>, Cambridge, Cambridge University Press, 2009, 335 p.<\/p>\n<p>Toshio TAKEMOTO &#8211; Shimada Kinji, <em>Rosiya ni okeru Hirose Takeo Bukotsutenshiden<\/em> [Hirose Takeo en Russie ou la vie d\u2019un ange sauvage], Tokyo, Asahishinbunsha, 2003 (1e \u00e9d. : 1970), 2 t., 490 p.<\/p>\n<p>Dany SAVELLI &#8211; Amir A. Xisamutdinov, <em>Russkaja Japonija<\/em> [Le Japon russe], M., Ve\u010de, 2010, 397 p.<\/p>\n<p>Dominique SAMSON NORMAND DE CHAMBOURG &#8211; Eleonora Sablina, <em>Istorija japonskoj pravoslavnoj cerkvi i ee osnovatel\u2019 arxiepiskopop Nikolaj<\/em> [L\u2019Histoire de l\u2019\u00c9glise orthodoxe japonaise et son fondateur, l\u2019archev\u00eaque Nicolas], M. \u2013 SPb., Dmitrij Bulanin, 2006, 528 p.<\/p>\n<p>Dominique SAMSON NORMAND DE CHAMBOURG &#8211; E. L. Katasanova, <em>Poslednie plenniki vtoroj mirovoj vojny: maloizvestnye stranicy rossijsko-japonskix otno\u0161ennij<\/em> [Les derniers prisonniers de la Seconde Guerre mondiale : une page m\u00e9connue des relations russo-japonaises], M., Institut vostokovedenija RAN, 2005, 256 p.<\/p>\n<h3>Chronologie<\/h3>\n<p>Dany SAVELLI &#8211; Chronologie<\/p>\n<h3>Index<\/h3>\n<p>Dany SAVELLI &#8211; Index<\/p>\n","protected":false},"excerpt":{"rendered":"<p><strong>\u00c9diteur scientifique :<\/strong><\/p>\n<p>Dany Savelli<\/p>\n<p><strong>ISBN : <\/strong>978-2-9538558-1-4<\/p>\n<p>486 pages<\/p>\n","protected":false},"featured_media":256,"template":"","meta":[],"product_brand":[],"product_cat":[],"product_tag":[],"class_list":{"0":"post-140","1":"product","2":"type-product","3":"status-publish","4":"has-post-thumbnail","7":"first","8":"instock","9":"purchasable","10":"product-type-simple"},"_links":{"self":[{"href":"https:\/\/blogs.univ-tlse2.fr\/slavica-boutique\/wp-json\/wp\/v2\/product\/140","targetHints":{"allow":["GET"]}}],"collection":[{"href":"https:\/\/blogs.univ-tlse2.fr\/slavica-boutique\/wp-json\/wp\/v2\/product"}],"about":[{"href":"https:\/\/blogs.univ-tlse2.fr\/slavica-boutique\/wp-json\/wp\/v2\/types\/product"}],"wp:featuredmedia":[{"embeddable":true,"href":"https:\/\/blogs.univ-tlse2.fr\/slavica-boutique\/wp-json\/wp\/v2\/media\/256"}],"wp:attachment":[{"href":"https:\/\/blogs.univ-tlse2.fr\/slavica-boutique\/wp-json\/wp\/v2\/media?parent=140"}],"wp:term":[{"taxonomy":"product_brand","embeddable":true,"href":"https:\/\/blogs.univ-tlse2.fr\/slavica-boutique\/wp-json\/wp\/v2\/product_brand?post=140"},{"taxonomy":"product_cat","embeddable":true,"href":"https:\/\/blogs.univ-tlse2.fr\/slavica-boutique\/wp-json\/wp\/v2\/product_cat?post=140"},{"taxonomy":"product_tag","embeddable":true,"href":"https:\/\/blogs.univ-tlse2.fr\/slavica-boutique\/wp-json\/wp\/v2\/product_tag?post=140"}],"curies":[{"name":"wp","href":"https:\/\/api.w.org\/{rel}","templated":true}]}}