 {"id":142,"date":"2018-12-10T11:16:03","date_gmt":"2018-12-10T10:16:03","guid":{"rendered":"http:\/\/dev25-adim.univ-tlse2.fr\/slavica-boutique\/?post_type=product&#038;p=142"},"modified":"2020-08-09T22:50:57","modified_gmt":"2020-08-09T20:50:57","slug":"revue-n34-la-linguistique-russe-une-approche-syntaxique-semantique-et-pragmatique","status":"publish","type":"product","link":"https:\/\/blogs.univ-tlse2.fr\/slavica-boutique\/produit\/revue-n34-la-linguistique-russe-une-approche-syntaxique-semantique-et-pragmatique\/","title":{"rendered":"Revue n\u00b034 &#8211; La linguistique russe : une approche syntaxique, s\u00e9mantique et pragmatique"},"content":{"rendered":"<h2>Sommaire<\/h2>\n<h3>In memoriam<\/h3>\n<p>LA R\u00c9DACTION &#8211; In memoriam. Jean Breuillard (1945-2011)<\/p>\n<h3>Introduction<\/h3>\n<p>Vladimir BELIAKOV, Christine BRACQUENIER &#8211; La linguistique russe : une approche syntaxique, s\u00e9mantique et pragmatique<\/p>\n<h3>S\u00e9mantique, pragmatique, syntaxe des formes et constructions verbales<\/h3>\n<p>Natalia BERNITSKA\u00cfA &#8211; L\u2019influence des facteurs linguistiques et pragmatiques sur l\u2019ordre temporel en russe contemporain<\/p>\n<p>Oleg CHINKAROUK &#8211; \u00c0 propos de l\u2019imp\u00e9ratif narratif<\/p>\n<p>Natalia BERNITSKA\u00cfA &#8211; G\u00e9rondif russe : aspects syntaxiques, s\u00e9mantiques et pragmatiques<\/p>\n<p>Vladimir BELIAKOV &#8211; Les collocations \u00e0 verbe support : approche syntaxique ou s\u00e9mantique ?<\/p>\n<p>Thierry RUCHOT &#8211; Actance et aspectualit\u00e9 dans les verbes de perception visuelle passive en russe contemporain<\/p>\n<p>Christine BRACQUENIER &#8211; Transitivit\u00e9 vs intransitivit\u00e9 : s\u00e9mantique et syntaxe du syntagme \u00e0 l\u2019accusatif<\/p>\n<p>Vladimir BELIAKOV &#8211; La s\u00e9mantique verbale : le cas des verbes de mouvement et de position<\/p>\n<p>Christine BRACQUENIER &#8211; D\u00e9placements dans l\u2019espace et circonstants en russe<\/p>\n<h3>Lexique, s\u00e9mantique, discursivit\u00e9<\/h3>\n<p>Tatiana BOTTINEAU &#8211; L\u2019analyse fonctionnelle et \u00e9nonciative de l\u2019adverbe russe \u010cUT&rsquo; : \u010dut&rsquo; ou point trop n\u2019en faut<\/p>\n<p>Tatiana BOTTINEAU &#8211; Les variations s\u00e9mantiques du suffixe russe -ovat-<\/p>\n<p>Antonina BOURBIER &#8211; Peut-on parler de \u00ab suffixaufnahme \u00bb en russe ?<\/p>\n<p>Ludmila KASTLER &#8211; Les effets de sens des \u00e9nonc\u00e9s n\u00e9gatifs en russe<\/p>\n<p>Elena ZHELUDKOVA &#8211; Le fonctionnement de la cat\u00e9gorie de l\u2019adresse dans le discours politique<\/p>\n<p>Maxim KRONGAUZ &#8211; Le progr\u00e8s technique et la langue russe<\/p>\n<h3>Notes de lecture<\/h3>\n<p>Jack FEUILLET &#8211; Claire Le Feuvre, <em>Le Vieux Slave<\/em>, Peeters, Leuven-Paris, 2009, 242 p.<\/p>\n<p>Roger BAURY &#8211; Anne M\u00e9zin &amp; Vladislav Rj\u00e9outski (\u00e9d.), <em>Les Fran\u00e7ais en Russie au si\u00e8cle des Lumi\u00e8res<\/em>, Ferney-Voltaire, Centre international d\u2019\u00e9tude du XVIIIe si\u00e8cle, 2011, t. I, XLV-528 p. ; t. II, 837 p.<\/p>\n<p>Natalia GAMALOVA &#8211; I. F. Annenskij, Pis\u2019ma. [Lettres], A. I. Tcherviakov (\u00e9d.). , SPb., Galina Scripsit, izd. N. I. Novikov, coll. \u00abRusskij \u00e8pistoljarnyj arxiv\u00bb. Vyp. 1., 2007, t. I, 460 \u0440. ; 2009, t. II, 508 \u0440.<\/p>\n<p>Natalia GAMALOVA &#8211; L. G. Kixnej, G. N. \u0160elogurova &amp; M. A. Vygranenko (\u00e9d.), <em>Innokentij Annenskij glazami sovremennikov. K 300-letiju Carskogo Sela<\/em> [Innokenti Annenski vu par ses contemporains. Pour le tricentenaire de Tsarsko\u00efe Si\u00e9lo], Saint-P\u00e9tersbourg, R\u043estok, 2011, 640 \u0440.<\/p>\n<p>Natalia GAMALOVA &#8211; Rosina Neginsky (\u00e9d.), <em>Symbolism, Its Origins and Its Consequences<\/em> Cambridge, Cambridge Scholars Publishing, 2010, 642 p.<\/p>\n<p>Maryse DENNES &#8211; Jean-Michel Kantor &amp; Loren Graham, <em>Au Nom de l\u2019infini. Une histoire vraie de mysticisme religieux et de cr\u00e9ation math\u00e9matique<\/em>, trad. de l\u2019anglais de Philippe Boulanger, pr\u00e9f. de Laurent Lafforgue, Paris, Belin, 2010, 285 p.<\/p>\n<p>Clara DARMON &#8211; Martine Godet, <em>La Pellicule et les ciseaux. La censure dans le cin\u00e9ma sovi\u00e9tique du D\u00e9gel \u00e0 la perestro\u00efka<\/em>, Paris, \u00c9ditions du CNRS, 2010, 308 p.<\/p>\n","protected":false},"excerpt":{"rendered":"<p><strong>\u00c9diteurs scientifiques :<\/strong><\/p>\n<p>Vladimir Beliakov et Christine Bracquenier<\/p>\n<p><strong>ISBN : <\/strong>978-2-9538558-2-1<\/p>\n<p>355 pages<\/p>\n","protected":false},"featured_media":253,"template":"","meta":[],"product_brand":[],"product_cat":[],"product_tag":[],"class_list":{"0":"post-142","1":"product","2":"type-product","3":"status-publish","4":"has-post-thumbnail","7":"first","8":"instock","9":"purchasable","10":"product-type-simple"},"_links":{"self":[{"href":"https:\/\/blogs.univ-tlse2.fr\/slavica-boutique\/wp-json\/wp\/v2\/product\/142","targetHints":{"allow":["GET"]}}],"collection":[{"href":"https:\/\/blogs.univ-tlse2.fr\/slavica-boutique\/wp-json\/wp\/v2\/product"}],"about":[{"href":"https:\/\/blogs.univ-tlse2.fr\/slavica-boutique\/wp-json\/wp\/v2\/types\/product"}],"wp:featuredmedia":[{"embeddable":true,"href":"https:\/\/blogs.univ-tlse2.fr\/slavica-boutique\/wp-json\/wp\/v2\/media\/253"}],"wp:attachment":[{"href":"https:\/\/blogs.univ-tlse2.fr\/slavica-boutique\/wp-json\/wp\/v2\/media?parent=142"}],"wp:term":[{"taxonomy":"product_brand","embeddable":true,"href":"https:\/\/blogs.univ-tlse2.fr\/slavica-boutique\/wp-json\/wp\/v2\/product_brand?post=142"},{"taxonomy":"product_cat","embeddable":true,"href":"https:\/\/blogs.univ-tlse2.fr\/slavica-boutique\/wp-json\/wp\/v2\/product_cat?post=142"},{"taxonomy":"product_tag","embeddable":true,"href":"https:\/\/blogs.univ-tlse2.fr\/slavica-boutique\/wp-json\/wp\/v2\/product_tag?post=142"}],"curies":[{"name":"wp","href":"https:\/\/api.w.org\/{rel}","templated":true}]}}