 {"id":144,"date":"2018-12-10T11:24:42","date_gmt":"2018-12-10T10:24:42","guid":{"rendered":"http:\/\/dev25-adim.univ-tlse2.fr\/slavica-boutique\/?post_type=product&#038;p=144"},"modified":"2020-08-09T22:50:25","modified_gmt":"2020-08-09T20:50:25","slug":"revue-n35-les-orients-dans-la-culture-russe","status":"publish","type":"product","link":"https:\/\/blogs.univ-tlse2.fr\/slavica-boutique\/produit\/revue-n35-les-orients-dans-la-culture-russe\/","title":{"rendered":"Revue n\u00b035 &#8211; Les Orients dans la culture russe"},"content":{"rendered":"<h2>Sommaire<\/h2>\n<h3>Introduction<\/h3>\n<p>Anna PONDOPOULO &#8211; Les Orients dans la culture russe : la puissance des r\u00eaves<\/p>\n<h3>Acteurs et instruments des politiques imp\u00e9riales<\/h3>\n<p>Natalia PLATONOVA &#8211; Alexandre Radichtchev en Sib\u00e9rie et le commerce russo-chinois au XVIIIe si\u00e8cle<\/p>\n<p>Alexander POLUNOV &#8211; \u00ab Les petits fr\u00e8res de l\u2019Empire \u00bb : le parti conservateur russe et les peuples de l\u2019Asie et de l\u2019Afrique \u00e0 la fin du XIXe si\u00e8cle et au d\u00e9but du XXe<\/p>\n<p>Edith YBERT &#8211; Les premi\u00e8res revues britannique, fran\u00e7aise et russe d\u2019islamologie (1906-1913) : convergences et divergences<\/p>\n<p>Olga BESSMERTNAYA &#8211; Un agent-provocateur musulman, ou un orientaliste de plus : \u00ab jouer \u00e0 l\u2019autre \u00bb dans les miroirs imp\u00e9rio-orientalistes<\/p>\n<h3>Passeurs litt\u00e9raires des figures d&rsquo;Orient<\/h3>\n<p>Lorraine DE MEAUX &#8211; L\u2019Orient de Pouchkine au c\u0153ur de l\u2019imaginaire russe<\/p>\n<p>Katalin JUH\u00c1SZ &#8211; Des papillons au Tibet : dimensions de l\u2019Orient dans Le Don de Vladimir Nabokov<\/p>\n<p>Anna LOUYEST &#8211; L\u2019esth\u00e9tique de l\u2019Orient dans <em>Le Don<\/em> de Nabokov<\/p>\n<p>Galina OVTCHINNIKOVA &#8211; Les emprunts orientaux en russe et en fran\u00e7ais dans <em>Le Gambit turc<\/em> de Boris Akounine<\/p>\n<h3>Images et mises en sc\u00e8ne de l&rsquo;Orient : transmission et dispositifs<\/h3>\n<p>Svetlana GORSHENINA &#8211; Tachkent : une ville (non-)exotique ?<\/p>\n<p>Gabrielle CHOMENTOWSKI &#8211; Il \u00e9tait une fois dans l\u2019Est : l\u2019Orient dans le cin\u00e9ma sovi\u00e9tique des ann\u00e9es 1920<\/p>\n<p>Fran\u00e7ois DUB\u00c9 &#8211; \u00ab De sombres nuages se prom\u00e8nent sur la fronti\u00e8re \u00bb : la repr\u00e9sentation musicale de la fronti\u00e8re sino-sovi\u00e9tique<\/p>\n<p>Dani\u00e8le BEAUNE-GRAY &#8211; Construction de l\u2019image de l\u2019\u00e9tat russe dans la Gr\u00e8ce contemporaine<\/p>\n","protected":false},"excerpt":{"rendered":"<p><strong>\u00c9diteur scientifique :<\/strong><\/p>\n<p>Anna Pondopoulo<\/p>\n<p><strong>ISBN : <\/strong>978-2-9538558-4-5<\/p>\n<p>309 pages<\/p>\n","protected":false},"featured_media":252,"template":"","meta":[],"product_brand":[],"product_cat":[],"product_tag":[],"class_list":{"0":"post-144","1":"product","2":"type-product","3":"status-publish","4":"has-post-thumbnail","7":"first","8":"instock","9":"purchasable","10":"product-type-simple"},"_links":{"self":[{"href":"https:\/\/blogs.univ-tlse2.fr\/slavica-boutique\/wp-json\/wp\/v2\/product\/144","targetHints":{"allow":["GET"]}}],"collection":[{"href":"https:\/\/blogs.univ-tlse2.fr\/slavica-boutique\/wp-json\/wp\/v2\/product"}],"about":[{"href":"https:\/\/blogs.univ-tlse2.fr\/slavica-boutique\/wp-json\/wp\/v2\/types\/product"}],"wp:featuredmedia":[{"embeddable":true,"href":"https:\/\/blogs.univ-tlse2.fr\/slavica-boutique\/wp-json\/wp\/v2\/media\/252"}],"wp:attachment":[{"href":"https:\/\/blogs.univ-tlse2.fr\/slavica-boutique\/wp-json\/wp\/v2\/media?parent=144"}],"wp:term":[{"taxonomy":"product_brand","embeddable":true,"href":"https:\/\/blogs.univ-tlse2.fr\/slavica-boutique\/wp-json\/wp\/v2\/product_brand?post=144"},{"taxonomy":"product_cat","embeddable":true,"href":"https:\/\/blogs.univ-tlse2.fr\/slavica-boutique\/wp-json\/wp\/v2\/product_cat?post=144"},{"taxonomy":"product_tag","embeddable":true,"href":"https:\/\/blogs.univ-tlse2.fr\/slavica-boutique\/wp-json\/wp\/v2\/product_tag?post=144"}],"curies":[{"name":"wp","href":"https:\/\/api.w.org\/{rel}","templated":true}]}}