 {"id":146,"date":"2018-12-10T11:33:55","date_gmt":"2018-12-10T10:33:55","guid":{"rendered":"http:\/\/dev25-adim.univ-tlse2.fr\/slavica-boutique\/?post_type=product&#038;p=146"},"modified":"2020-07-24T12:42:37","modified_gmt":"2020-07-24T10:42:37","slug":"revue-n36-pelerinages-en-eurasie-et-au-dela","status":"publish","type":"product","link":"https:\/\/blogs.univ-tlse2.fr\/slavica-boutique\/produit\/revue-n36-pelerinages-en-eurasie-et-au-dela\/","title":{"rendered":"Revue n\u00b036 &#8211; P\u00e8lerinages en Eurasie et au-del\u00e0"},"content":{"rendered":"<h2>Sommaire<\/h2>\n<h3>P\u00e8lerinages en Eurasie et au-del\u00e0<\/h3>\n<p>Kathy ROUSSELET &#8211; D\u2019un p\u00e8lerinage \u00e0 l\u2019autre<\/p>\n<p>Marcello GARZANITI &#8211; <em>Le Livre du P\u00e8lerin<\/em> d\u2019Antoine de Novgorod : Constantinople dans le premier t\u00e9moignage d\u2019un r\u00e9cit de voyage russe<\/p>\n<p>Myriam D&rsquo;AVEZAC-ODAYSK &#8211; Les <em>P\u00e9r\u00e9grinations<\/em> de Vassili Grigorovitch-Barski : du p\u00e8lerinage \u00e0 la r\u00e9alisation de soi<\/p>\n<p>Aleksandr LAVROV &#8211; Un p\u00e8lerin de Moscovie aux lieux saints de l\u2019islam<\/p>\n<p>Ilya PLATOV &#8211; Le p\u00e8lerinage en Terre sainte et la soci\u00e9t\u00e9 russe au XIXe si\u00e8cle<\/p>\n<p>Roger COMTET &#8211; Vladimir G. Korolenko (1853-1921) et le p\u00e8lerinage russe<\/p>\n<p>Dany SAVELLI &#8211; Des th\u00e9osophes sur la route de Lhassa. Les carnets de voyage au Tibet de trois membres de l\u2019exp\u00e9dition Roerich (1927-1928)<\/p>\n<p>Ilnur MINNULIN &#8211; La lutte contre les \u00ab saints \u00bb. La politique sovi\u00e9tique \u00e0 l\u2019\u00e9gard des p\u00e8lerinages de musulmans dans la Moyenne Volga dans les ann\u00e9es 1950 et 1960<\/p>\n<p>Anne NERCESSIAN &#8211; Le parc des Lamentations \u00e0 Saint-P\u00e9tersbourg<\/p>\n<p>Jeanna KORMINA &#8211; La langue des p\u00e8lerins orthodoxes : \u00ab l\u2019\u00e9nergie sacrale d\u2019un lieu charg\u00e9 de pri\u00e8re \u00bb<\/p>\n<p>Irina BABITCH, Evgueni KRATOV, Natalia KRATOVA &#8211; Notes ethnographiques sur le p\u00e8lerinage orthodoxe dans le Caucase du Nord aujourd\u2019hui<\/p>\n<p>Katerina SERA\u00efDARI &#8211; P\u00e8lerinages entre la Gr\u00e8ce et la Russie : jeux de pouvoirs et recompositions du christianisme orthodoxe<\/p>\n<p>Anya BERNSTEIN &#8211; L\u2019Asie du nord au sud : genre, pouvoir et position sociale dans la topographie bouddhique post-sovi\u00e9tique<\/p>\n<h3>Le cours de la recherche sur le fait religieux en Eurasie<\/h3>\n<p>Svetlana DUDARENOK &#8211; Entre proph\u00e9ties et pers\u00e9cutions : l\u2019\u00e9migration des pentec\u00f4tistes de Nakhodka<\/p>\n<p>Fran\u00e7oise LESOURD &#8211; S\u00e9cularisation et culture russe<\/p>\n<p>Ksenja PIMENOVA &#8211; Les sources du savoir. Le renouveau du bouddhisme et du chamanisme chez les Touvas de la Sib\u00e9rie du Sud (r\u00e9sum\u00e9 de th\u00e8se)<\/p>\n<h3>Notes de lecture<\/h3>\n<p>Jean-Pierre ALBERT &#8211; Roberte Hamayon, <em>Jouer. \u00c9tude anthropologique \u00e0 partir d\u2019exemples sib\u00e9riens<\/em>, Paris, La D\u00e9couverte, \u00ab Biblioth\u00e8que du Mauss \u00bb, 2012, 369 p. \u2013 ISBN 9-782707-164919<\/p>\n<p>Roger COMTET &#8211; Iva Novakova &amp; Elena Dontchenko (\u00e9d.), <em>Grammaire et lexique : regards crois\u00e9s<\/em>, Grenoble, \u00c9ditions litt\u00e9raires et artistiques de l\u2019Universit\u00e9 de Grenoble \u2013 Astrakhan, Universit\u00e9 d\u2019\u00c9tat d\u2019Astrakhan, 2010, 247 p. \u2013 ISBN (France) : 978-2-84310-165-6 ISBN (Russie) : 978-5-9926-03147-9.<\/p>\n<p>Roger COMTET &#8211; Jack Feuillet, <em>La Langue bulgare au d\u00e9but du XIXe si\u00e8cle<\/em>, Paris, Institut d\u2019\u00e9tudes slaves, (Collection de manuels publi\u00e9s par l\u2019Institut d\u2019\u00e9tudes slaves. \u2013 XIII), 2011, 575 p. \u2015 ISSN 0078-9992 ISBN 978-2- 7204-0470-2<\/p>\n<p>Maryse DENNES &#8211; William Leatherbarrow &amp; Derek Offord (\u00e9d.), <em>A History of Russian Thought<\/em>, New York, Cambridge University Press, 2010, 444 p. \u2013 ISBN 978-0-521-87521-9<\/p>\n<p>Isabelle DESPR\u00c9S &#8211; Catherine Depretto (\u00e9d.), <em>Un Autre Tolsto\u00ef<\/em>, Paris, Institut d\u2019\u00e9tudes slaves, 2012, 288 p. \u2013 ISBN 978-2-7204-0491-7<\/p>\n<p>Jean-Marie JACONO &#8211; Pascale Melani, <em>L\u2019Op\u00e9ra priv\u00e9 de Moscou et l\u2019av\u00e8nement du spectacle d\u2019op\u00e9ra moderne en Russie<\/em>, Paris, Institut d\u2019\u00e9tudes slaves, 2012, 293 p. \u2013 ISBN 978-2-7204-0487-0 ISSN 0078-9976<\/p>\n<p>Natalia GAMALOVA &#8211; <em>Nikoletta<\/em> [Nicoletta] Misler, <em>V Na\u010dale bylo telo. Ritmoplasti\u010deskie \u00e8ksperimenty na\u010dala XX veka<\/em>. [Au commencement \u00e9tait le corps. Exp\u00e9riences rythmiques et plastiques du d\u00e9but du XXe si\u00e8cle], Moscou, Iskusstvo-XXI vek, 2011, 447 p. \u2013 ISBN 978-5- 98051-076-3.<\/p>\n","protected":false},"excerpt":{"rendered":"<p><strong>\u00c9diteur scientifique :<\/strong><\/p>\n<p>Kathy Rousselet<\/p>\n<p><strong>ISBN : <\/strong>978-2-9538558-5-2<\/p>\n<p>402 pages<\/p>\n","protected":false},"featured_media":251,"template":"","meta":[],"product_brand":[],"product_cat":[],"product_tag":[],"class_list":{"0":"post-146","1":"product","2":"type-product","3":"status-publish","4":"has-post-thumbnail","7":"first","8":"instock","9":"purchasable","10":"product-type-simple"},"_links":{"self":[{"href":"https:\/\/blogs.univ-tlse2.fr\/slavica-boutique\/wp-json\/wp\/v2\/product\/146","targetHints":{"allow":["GET"]}}],"collection":[{"href":"https:\/\/blogs.univ-tlse2.fr\/slavica-boutique\/wp-json\/wp\/v2\/product"}],"about":[{"href":"https:\/\/blogs.univ-tlse2.fr\/slavica-boutique\/wp-json\/wp\/v2\/types\/product"}],"wp:featuredmedia":[{"embeddable":true,"href":"https:\/\/blogs.univ-tlse2.fr\/slavica-boutique\/wp-json\/wp\/v2\/media\/251"}],"wp:attachment":[{"href":"https:\/\/blogs.univ-tlse2.fr\/slavica-boutique\/wp-json\/wp\/v2\/media?parent=146"}],"wp:term":[{"taxonomy":"product_brand","embeddable":true,"href":"https:\/\/blogs.univ-tlse2.fr\/slavica-boutique\/wp-json\/wp\/v2\/product_brand?post=146"},{"taxonomy":"product_cat","embeddable":true,"href":"https:\/\/blogs.univ-tlse2.fr\/slavica-boutique\/wp-json\/wp\/v2\/product_cat?post=146"},{"taxonomy":"product_tag","embeddable":true,"href":"https:\/\/blogs.univ-tlse2.fr\/slavica-boutique\/wp-json\/wp\/v2\/product_tag?post=146"}],"curies":[{"name":"wp","href":"https:\/\/api.w.org\/{rel}","templated":true}]}}