 {"id":148,"date":"2018-12-10T11:41:52","date_gmt":"2018-12-10T10:41:52","guid":{"rendered":"http:\/\/dev25-adim.univ-tlse2.fr\/slavica-boutique\/?post_type=product&#038;p=148"},"modified":"2020-07-24T12:47:50","modified_gmt":"2020-07-24T10:47:50","slug":"revue-n37-figures-dexil-entre-russie-occident-et-orient","status":"publish","type":"product","link":"https:\/\/blogs.univ-tlse2.fr\/slavica-boutique\/produit\/revue-n37-figures-dexil-entre-russie-occident-et-orient\/","title":{"rendered":"Revue n\u00b037 &#8211; Figures d\u2019exil entre Russie, Occident et Orient"},"content":{"rendered":"<h2>Sommaire<\/h2>\n<h3>Introduction<\/h3>\n<p>Irina KANTARBAEVA-BILL &#8211; Exil en Russie et hors de Russie : de la singularit\u00e9 des exp\u00e9riences<\/p>\n<h3>I &#8211; L&rsquo;exil et le d\u00e9chirement<\/h3>\n<p>H\u00e9l\u00e8ne MENEGALDO &#8211; \u00ab L\u2019Autre patrie \u00bb : la France et la \u00ab jeune g\u00e9n\u00e9ration \u00bb des \u00e9crivains exil\u00e9s<\/p>\n<p>Catherine G\u00c9RY &#8211; L\u2019Exil en Am\u00e9rique : les souvenirs-valise de Sergue\u00ef Dovlatov (1941-1990)<\/p>\n<h3>II &#8211; Exil, errance, fascination et d\u00e9sillusion<\/h3>\n<p>Michel NIQUEUX &#8211; \u00c9migration, conversion, d\u00e9sillusion : l\u2019itin\u00e9raire de Vladimir Petcherine (1807-1885)<\/p>\n<p>Marie-Christine AUTANT-MATHIEU &#8211; Les tourn\u00e9es du Th\u00e9\u00e2tre d\u2019Art de Moscou en Am\u00e9rique du Nord (1923-1927) : Messianisme et pragmatisme<\/p>\n<p>Jean-Paul DEPRETTO &#8211; Fred Beal, un Am\u00e9ricain en URSS dans les ann\u00e9es 1930<\/p>\n<p>Charlotte KRAUSS &#8211; \u00ab Aujourd\u2019hui Nicolas, \u2013 Napol\u00e9on demain ! \u00bb Paul de Julv\u00e9court (1807-1845) \u00e0 la recherche du bon tsar paternel<\/p>\n<p>Sophie OLLIVIER &#8211; Dosto\u00efevski en France et en Angleterre (15 juin \u2013 15 juillet 1862)<\/p>\n<p>Peter I. BARTA &#8211; <em>La Vengeance du n\u00e8gre<\/em> de Samuel Kissine : marginalit\u00e9, n\u00e9gritude et fragmentation<\/p>\n<h3>III &#8211; L&rsquo;exil int\u00e9rieur ou la fuite<\/h3>\n<p>Tatiana SOKOLNIKOVA &#8211; Entre fuite ext\u00e9rieure et int\u00e9rieure : les personnages de Mikha\u00efl Boulgakov, reflets du choix difficile de l\u2019\u00e9crivain<\/p>\n<p>Laurence GUY &#8211; Le r\u00eave de \u00ab la Russie absente et pr\u00e9sente \u00bb dans l\u2019\u0153uvre de Vladimir Nabokov : continuit\u00e9 ou rupture ?<\/p>\n<p>Anna LUSHENKOVA &#8211; L\u2019errance dans <em>La Vie d\u2019Ars\u00e9niev<\/em> d\u2019Ivan Bounine et <em>Autres Rivages<\/em> de Vladimir Nabokov<\/p>\n<p>Dani\u00e8le BEAUNE-GRAY &#8211; Dmitri Kontchalovski et l\u2019Occident<\/p>\n<h3>IV &#8211; Exil et espionnage<\/h3>\n<p>C\u00e9cile VAISSI\u00c9 &#8211; Moscou \u2013 Cannes \u2013 Hollywood : les allers-retours d\u2019Andre\u00ef Kontchalovski<\/p>\n<p>Dany SAVELLI &#8211; \u00ab Un homme d\u2019origine russe, \u00e0 la nationalit\u00e9 douteuse et avec un passeport fran\u00e7ais \u00bb : Nicolas Roerich entre jeux et enjeux de l\u2019apatridie<\/p>\n<h3>V &#8211; Exil, voyage et transfert culturel<\/h3>\n<p>St\u00e9phanie CIRAC &#8211; Alfred Bem (1886-1945) ou la g\u00e9ographie intime d\u2019un exil<\/p>\n<p>Maxime MAKAROV &#8211; La colonie russe au Lavandou dans les ann\u00e9es 1920 Photographies in\u00e9dites<\/p>\n<h3>Index<\/h3>\n<p>Irina KANTARBAEVA-BILL &#8211; Index<\/p>\n","protected":false},"excerpt":{"rendered":"<p><strong>\u00c9diteurs scientifiques :<\/strong><\/p>\n<p>Irina Kanterbaeva-Bill et Dani\u00e8le Beaune-Gray<\/p>\n<p><strong>ISBN : <\/strong>978-2-9538558-6-9<\/p>\n<p>320 pages<\/p>\n","protected":false},"featured_media":250,"template":"","meta":[],"product_brand":[],"product_cat":[],"product_tag":[],"class_list":{"0":"post-148","1":"product","2":"type-product","3":"status-publish","4":"has-post-thumbnail","7":"first","8":"instock","9":"purchasable","10":"product-type-simple"},"_links":{"self":[{"href":"https:\/\/blogs.univ-tlse2.fr\/slavica-boutique\/wp-json\/wp\/v2\/product\/148","targetHints":{"allow":["GET"]}}],"collection":[{"href":"https:\/\/blogs.univ-tlse2.fr\/slavica-boutique\/wp-json\/wp\/v2\/product"}],"about":[{"href":"https:\/\/blogs.univ-tlse2.fr\/slavica-boutique\/wp-json\/wp\/v2\/types\/product"}],"wp:featuredmedia":[{"embeddable":true,"href":"https:\/\/blogs.univ-tlse2.fr\/slavica-boutique\/wp-json\/wp\/v2\/media\/250"}],"wp:attachment":[{"href":"https:\/\/blogs.univ-tlse2.fr\/slavica-boutique\/wp-json\/wp\/v2\/media?parent=148"}],"wp:term":[{"taxonomy":"product_brand","embeddable":true,"href":"https:\/\/blogs.univ-tlse2.fr\/slavica-boutique\/wp-json\/wp\/v2\/product_brand?post=148"},{"taxonomy":"product_cat","embeddable":true,"href":"https:\/\/blogs.univ-tlse2.fr\/slavica-boutique\/wp-json\/wp\/v2\/product_cat?post=148"},{"taxonomy":"product_tag","embeddable":true,"href":"https:\/\/blogs.univ-tlse2.fr\/slavica-boutique\/wp-json\/wp\/v2\/product_tag?post=148"}],"curies":[{"name":"wp","href":"https:\/\/api.w.org\/{rel}","templated":true}]}}