 {"id":150,"date":"2018-12-10T12:03:37","date_gmt":"2018-12-10T11:03:37","guid":{"rendered":"http:\/\/dev25-adim.univ-tlse2.fr\/slavica-boutique\/?post_type=product&#038;p=150"},"modified":"2020-08-09T22:49:56","modified_gmt":"2020-08-09T20:49:56","slug":"revue-n38-le-litteraire-et-le-visuel-dans-la-culture-russe-des-xxe-et-xxie-siecles","status":"publish","type":"product","link":"https:\/\/blogs.univ-tlse2.fr\/slavica-boutique\/produit\/revue-n38-le-litteraire-et-le-visuel-dans-la-culture-russe-des-xxe-et-xxie-siecles\/","title":{"rendered":"Revue n\u00b038 &#8211; Le litt\u00e9raire et le visuel dans la culture russe des XXe et XXIe si\u00e8cles"},"content":{"rendered":"<h2>Sommaire<\/h2>\n<p>Catherine G\u00c9RY, H\u00e9l\u00e8ne M\u00c9LAT &#8211; Le litt\u00e9raire et le visuel dans la culture russe des XXe et XXIe si\u00e8cles : citations, adaptations, ekphrasis<\/p>\n<p>Dimitri TOKAREV &#8211; \u00ab Regarder l\u2019objet avec un oeil nu \u00bb : le visuel et le verbal dans l\u2019oeuvre de Daniil Harms<\/p>\n<p>Mikha\u00efl IAMPOLSKI &#8211; Les animaux intertextuels : Dmitri Prigov et la voie de la citation<\/p>\n<p>Eug\u00e9nie ZVONKINE &#8211; Faire entendre et faire voir le texte : les descriptions des personnages et les commentaires \u00e0 l\u2019action dans les films de Kira Mouratova<\/p>\n<p>Elena PETROVSKA\u00efA &#8211; L\u2019exp\u00e9rience, le mot et l\u2019image dans le conceptualisme russe (quatre courtes \u00e9tudes)<\/p>\n<p>Tom\u00e1\u0161 GLANC &#8211; Peut-on voir un texte ?<\/p>\n<p>Catherine G\u00c9RY &#8211; Du <em>skaz<\/em> au <em>kinoskaz<\/em> (r\u00e9flexions n\u00e9o-formalistes sur le passage du <em>skaz<\/em> dans les arts visuels)<\/p>\n<p>Jasmine JACQ &#8211; L\u2019adaptation des classiques litt\u00e9raires nationaux dans le cin\u00e9ma russe pr\u00e9r\u00e9volutionnaire : un r\u00e9flexe culturel ?<\/p>\n<p>H\u00e9l\u00e8ne M\u00c9LAT &#8211; <em>Le H\u00e9risson dans le brouillard<\/em> du texte au film, ou l\u2019amplification interpr\u00e9tative<\/p>\n<p>C\u00e9cile VAISSI\u00c9 &#8211; Le \u00ab double code \u00bb d\u2019Andre\u00ef Kontchalovski dans <em>Sib\u00e9riade<\/em> : un film de Bernardo Bertolucci et des romans de Gu\u00e9orgui Markov<\/p>\n<p>Maria RUBINS &#8211; Dans les spires du serpent : le rite de passage dans l\u2019iconographie de l\u2019avant-garde<\/p>\n<p>Leonid HELLER &#8211; Le proc\u00e9d\u00e9 mis \u00e0 nu par ses pr\u00e9tendants, m\u00eame : incorporations, transpositions, traductions, ecphrase<\/p>\n<h3>Notes de lecture<\/h3>\n<p>Olga MEDVEDKOVA &#8211; Oxana Makheeva-Barabanova, <em>Ledoux, ma\u00eetre \u00e0 penser des architectes russes. Du classicisme au postmodernisme, XVIIIe-XXe si\u00e8cle<\/em>, Paris, \u00c9ditions du Patrimoine, 2010, 159 p.<\/p>\n<p>Roger COMTET &#8211; Serge Tchougounnikov &amp; C\u00e9line Trautmann-Waller (\u00e9d.), <em>P\u00ebtr Bogatyr\u00ebv et les d\u00e9buts du Cercle de Prague. Recherches ethnographiques et th\u00e9\u00e2trales<\/em>, Paris, Presses Sorbonne nouvelle, 2012, 275 p. ISBN \u2014 978-2-87854-577-7<\/p>\n<p>Antoine NIVI\u00c8RE &#8211; Florence Corrado-Kazanski (\u00e9d.), <em>Pavel Florenski et l&rsquo;Europe<\/em>, Bordeaux \u2013 Pessac, Maison des sciences de l\u2019homme d\u2019Aquitaine, 2013, 418 p. \u2013 ISBN 978-2-85892-415-8<\/p>\n<p>Emanuel LANDOLT &#8211; Jean-Philippe Jaccard &amp; Ioulia Podoroga, <em>\u00ab Temps ressenti et temps construit \u00bb dans les litt\u00e9ratures russe et fran\u00e7aise au XXe si\u00e8cle<\/em>, Paris, \u00c9ditions Kim\u00e9, 2013, 222 p. \u2013 ISBN 978-2-84174-626-2<\/p>\n<p>Christel KAPPS &#8211; Galina Kabakova, <em>L\u2019hospitalit\u00e9, le repas, le mangeur dans la civilisation russe<\/em>, Paris, L\u2019Harmattan, 2013, 308 p. \u2013 ISBN 978-2-343-00421-1<\/p>\n<p>Dominique SAMSON NORMAND DE CHAMBOURG &#8211; Evdokija Rombandeeva, <em>Medve\u017e\u2019i epi\u010deskie pesni mansi (vogulov) iz III toma Munk\u00e1\u010di Bern\u00e1ta \/ Vogul N\u00e9pk\u00f6lt\u00e9si gy\u0171jtem\u00e9ny, III K\u00f6tet. Medve\u00e9nekek Munk\u00e1csi Bern\u00e1t<\/em> [Les chants mansis (vogouls) de l\u2019Ours du tome III de Bern\u00e1t Munk\u00e1csi], Xanty-Mansijsk, Print-Klass, 2012, 658 p. \u2014 ISBN 978-5-4289-0043-9<\/p>\n","protected":false},"excerpt":{"rendered":"<p><strong>\u00c9diteurs scientifiques :<\/strong><\/p>\n<p>Catherine G\u00e9ry et H\u00e9l\u00e8ne M\u00e9lat<\/p>\n<p><strong>ISBN :\u00a0<\/strong>978-2-9538558-7-6<\/p>\n<p>285 pages<\/p>\n","protected":false},"featured_media":248,"template":"","meta":[],"product_brand":[],"product_cat":[],"product_tag":[],"class_list":{"0":"post-150","1":"product","2":"type-product","3":"status-publish","4":"has-post-thumbnail","7":"first","8":"instock","9":"purchasable","10":"product-type-simple"},"_links":{"self":[{"href":"https:\/\/blogs.univ-tlse2.fr\/slavica-boutique\/wp-json\/wp\/v2\/product\/150","targetHints":{"allow":["GET"]}}],"collection":[{"href":"https:\/\/blogs.univ-tlse2.fr\/slavica-boutique\/wp-json\/wp\/v2\/product"}],"about":[{"href":"https:\/\/blogs.univ-tlse2.fr\/slavica-boutique\/wp-json\/wp\/v2\/types\/product"}],"wp:featuredmedia":[{"embeddable":true,"href":"https:\/\/blogs.univ-tlse2.fr\/slavica-boutique\/wp-json\/wp\/v2\/media\/248"}],"wp:attachment":[{"href":"https:\/\/blogs.univ-tlse2.fr\/slavica-boutique\/wp-json\/wp\/v2\/media?parent=150"}],"wp:term":[{"taxonomy":"product_brand","embeddable":true,"href":"https:\/\/blogs.univ-tlse2.fr\/slavica-boutique\/wp-json\/wp\/v2\/product_brand?post=150"},{"taxonomy":"product_cat","embeddable":true,"href":"https:\/\/blogs.univ-tlse2.fr\/slavica-boutique\/wp-json\/wp\/v2\/product_cat?post=150"},{"taxonomy":"product_tag","embeddable":true,"href":"https:\/\/blogs.univ-tlse2.fr\/slavica-boutique\/wp-json\/wp\/v2\/product_tag?post=150"}],"curies":[{"name":"wp","href":"https:\/\/api.w.org\/{rel}","templated":true}]}}