 {"id":152,"date":"2018-12-10T12:16:52","date_gmt":"2018-12-10T11:16:52","guid":{"rendered":"http:\/\/dev25-adim.univ-tlse2.fr\/slavica-boutique\/?post_type=product&#038;p=152"},"modified":"2020-08-09T22:49:28","modified_gmt":"2020-08-09T20:49:28","slug":"revue-n39-confrontations-imperiales-1812-1814-evolution-de-lidentite-et-de-limage-de-la-russie-dans-le-contexte-europeen","status":"publish","type":"product","link":"https:\/\/blogs.univ-tlse2.fr\/slavica-boutique\/produit\/revue-n39-confrontations-imperiales-1812-1814-evolution-de-lidentite-et-de-limage-de-la-russie-dans-le-contexte-europeen\/","title":{"rendered":"Revue n\u00b039 &#8211; Confrontations imp\u00e9riales (1812-1814) : \u00c9volution de l\u2019identit\u00e9 et de l\u2019image de la Russie dans le contexte europ\u00e9en"},"content":{"rendered":"<h2>Sommaire<\/h2>\n<h3>Introduction<\/h3>\n<p>Ir\u00e8ne SEMENOFF-TIAN-CHANSKY-BA\u00cfDINE &#8211; Les guerres napol\u00e9oniennes : un \u00e9v\u00e9nement fondamental pour l\u2019identit\u00e9 russe et la perception de la Russie en Europe<\/p>\n<h3>L&rsquo;\u00e9tat de la recherche<\/h3>\n<p>Marie-Pierre REY &#8211; La Guerre patriotique de 1812 : nouvelles approches, nouvelles perspectives<\/p>\n<h3>I &#8211; Le r\u00f4le des minorit\u00e9s de l&rsquo;Empire dans la guerre contre Napol\u00e9on<\/h3>\n<p>Daniel BEAUVOIS &#8211; La Lituanie et la Ruth\u00e9nie blanche en 1812 : enjeux entre Alexandre Ier, Napol\u00e9on et les Polonais<\/p>\n<p>Sergue\u00ef KALININE &#8211; La participation des r\u00e9giments cosaques \u00e0 la Guerre patriotique de 1812 : organisation du service et donn\u00e9es chiffr\u00e9es<\/p>\n<p>Ramil RAKHIMOV &#8211; Les peuples de la r\u00e9gion Volga-Oural dans la Guerre patriotique de 1812<\/p>\n<p>Outach OTCHIROV &#8211; La participation des r\u00e9giments kalmouks \u00e0 la guerre de 1812 \u00e0 1814<\/p>\n<h3>II &#8211; Une guerre de religions ?<\/h3>\n<p>Jacques HANTRAYE &#8211; La d\u00e9couverte des religions de l\u2019Empire de Russie et la place du fait religieux dans la Grande Arm\u00e9e lors de la campagne de 1812<\/p>\n<p>Lioubov MELNIKOVA &#8211; L\u2019\u00c9glise orthodoxe russe durant la guerre de 1812<\/p>\n<h3>III &#8211; La construction de l&rsquo;image interne de la Russie \u00e0 partir de 1812<\/h3>\n<p>Catherine LEMAGNEN &#8211; Aux origines de la narodnost\u2019 : le r\u00f4le de la campagne de Russie dans la construction d\u2019une identit\u00e9 nationale russe<\/p>\n<p>Ir\u00e8ne SEMENOFF-TIAN-CHANSKY-BA\u00cfDINE &#8211; Anna Bounina (1774-1829) \u2013 chantre de la victoire russe de 1812<\/p>\n<p>Alexandre TCHOUDINOV &#8211; Les chevaux dans les \u00e9glises : un topos du folklore russe sur la guerre de 1812<\/p>\n<p>Alexandre PODMAZO &#8211; La c\u00e9l\u00e9bration du bicentenaire de la guerre de 1812 en Russie : petit aper\u00e7u d\u2019un jubil\u00e9 pl\u00e9thorique<\/p>\n<h3>IV &#8211; Regards occidentaux sur le conflit avec la Russie<\/h3>\n<p>Thierry LENTZ &#8211; La diplomatie napol\u00e9onienne et la Russie : du partage du monde aux barbares du Nord (1807-1812)<\/p>\n<p>David PAIGNEAU &#8211; La campagne de Russie vue de Finlande Pedro<\/p>\n<p>Alfonso DE DIEGO GONZ\u00c1LEZ, \u00c1lvaro FLEITES MARCOS &#8211; La campagne de Russie de 1812 vue d\u2019Espagne : analyse de la presse espagnole et des relations bilat\u00e9rales russo-espagnoles<\/p>\n<p>Marcel MOUSELER &#8211; T\u00e9moignages allemands crois\u00e9s sur la campagne de Russie de 1812<\/p>\n<p>Laura FOURNIER-FINOCCHIARO &#8211; Les Italiens en Russie en 1812 : \u00e9tat de la recherche<\/p>\n<p>Jean-Marc TICCHI &#8211; Le Saint-Si\u00e8ge et la campagne de Russie<\/p>\n<h3>V &#8211; La repr\u00e9sentation de la Russie en Occident<\/h3>\n<p>Nicolas PROMYSLOV, Evguenia PRUSSKAYA &#8211; L\u2019Orient dans la vision des soldats fran\u00e7ais de l\u2019arm\u00e9e napol\u00e9onienne : de l\u2019\u00c9gypte \u00e0 la Russie<\/p>\n<p>Michel NIQUEUX &#8211; Un probl\u00e8me de critique des sources : les avatars du t\u00e9moignage d\u2019un \u00ab t\u00e9moin oculaire \u00bb sur \u00ab l\u2019occupation de Moscou par les Fran\u00e7ais \u00bb (1813-1871)<\/p>\n<p>Vera MILCHINA &#8211; La guerre de 1812 dans <em>La Russie en 1839<\/em> du marquis de Custine : emprunts et impact<\/p>\n<h3>Notes de lecture<\/h3>\n<p>Michel NIQUEUX &#8211; M. V. Stroganov (\u00e9d.), <em>Vojna 1812 i koncept \u00abote\u010destvo\u00bb . Iz istorii osmyslenija gosudarstvennoj i nacional\u2019noj identi\u010dnosti v Rossii: issledovanija i materialy<\/em> [La guerre de 1812 et le concept de \u00ab patrie \u00bb. Contribution \u00e0 l\u2019histoire de la compr\u00e9hension de l\u2019identit\u00e9 \u00e9tatique et nationale en Russie : recherches et mat\u00e9riaux] (2012)<\/p>\n<p>Laura FOURNIER-FINOCCHIARO &#8211; Luca Ratti, <em>Russia 1812. Malojaroslavets, la battaglia degli Italiani<\/em> (2011)<\/p>\n<p>Laura FOURNIER-FINOCCHIARO &#8211; Virgilio Ilari, Maurizio Lo Re, Tatiana Polo &amp; Piero Crociani, <em>\u041c\u0430\u0440\u043a\u0438\u0437 \u041f\u0430\u0443\u043b\u0443\u0447\u0447\u0438. Filippo Paulucci delle Roncole (1779-1849)<\/em> (2013)<\/p>\n<h3>Chronologie<\/h3>\n<p>Ir\u00e8ne SEMENOFF-TIAN-CHANSKY-BA\u00cfDINE &#8211; Chronologie<\/p>\n<h3>Index<\/h3>\n<p>Ir\u00e8ne SEMENOFF-TIAN-CHANSKY-BA\u00cfDINE &#8211; Index<\/p>\n","protected":false},"excerpt":{"rendered":"<p><strong>\u00c9diteurs scientifiques :<\/strong><\/p>\n<p>Ir\u00e8ne Semenoff-Tian-Chansky-Ba\u00efdine<\/p>\n<p><strong>ISBN : <\/strong>978-2-9538558-8-3<\/p>\n<p>494 pages<\/p>\n","protected":false},"featured_media":247,"template":"","meta":[],"product_brand":[],"product_cat":[],"product_tag":[],"class_list":{"0":"post-152","1":"product","2":"type-product","3":"status-publish","4":"has-post-thumbnail","7":"first","8":"instock","9":"purchasable","10":"product-type-simple"},"_links":{"self":[{"href":"https:\/\/blogs.univ-tlse2.fr\/slavica-boutique\/wp-json\/wp\/v2\/product\/152","targetHints":{"allow":["GET"]}}],"collection":[{"href":"https:\/\/blogs.univ-tlse2.fr\/slavica-boutique\/wp-json\/wp\/v2\/product"}],"about":[{"href":"https:\/\/blogs.univ-tlse2.fr\/slavica-boutique\/wp-json\/wp\/v2\/types\/product"}],"wp:featuredmedia":[{"embeddable":true,"href":"https:\/\/blogs.univ-tlse2.fr\/slavica-boutique\/wp-json\/wp\/v2\/media\/247"}],"wp:attachment":[{"href":"https:\/\/blogs.univ-tlse2.fr\/slavica-boutique\/wp-json\/wp\/v2\/media?parent=152"}],"wp:term":[{"taxonomy":"product_brand","embeddable":true,"href":"https:\/\/blogs.univ-tlse2.fr\/slavica-boutique\/wp-json\/wp\/v2\/product_brand?post=152"},{"taxonomy":"product_cat","embeddable":true,"href":"https:\/\/blogs.univ-tlse2.fr\/slavica-boutique\/wp-json\/wp\/v2\/product_cat?post=152"},{"taxonomy":"product_tag","embeddable":true,"href":"https:\/\/blogs.univ-tlse2.fr\/slavica-boutique\/wp-json\/wp\/v2\/product_tag?post=152"}],"curies":[{"name":"wp","href":"https:\/\/api.w.org\/{rel}","templated":true}]}}