 {"id":155,"date":"2018-12-10T12:30:28","date_gmt":"2018-12-10T11:30:28","guid":{"rendered":"http:\/\/dev25-adim.univ-tlse2.fr\/slavica-boutique\/?post_type=product&#038;p=155"},"modified":"2020-08-09T22:48:44","modified_gmt":"2020-08-09T20:48:44","slug":"revue-n40-lecole-semiotique-de-moscou-tartu-tartu-moscou-histoire-epistemologie-actualite","status":"publish","type":"product","link":"https:\/\/blogs.univ-tlse2.fr\/slavica-boutique\/produit\/revue-n40-lecole-semiotique-de-moscou-tartu-tartu-moscou-histoire-epistemologie-actualite\/","title":{"rendered":"Revue n\u00b040 &#8211; L\u2019\u00c9cole s\u00e9miotique de Moscou-Tartu \/ Tartu-Moscou : Histoire. \u00c9pist\u00e9mologie. Actualit\u00e9"},"content":{"rendered":"<h2>Sommaire<\/h2>\n<h3>Pr\u00e9face<\/h3>\n<p>Ekaterina VELMEZOVA &#8211; Une \u00c9cole de paradoxes<\/p>\n<h3>I &#8211; L&rsquo;\u00c9cole s\u00e9miotique de Moscou-Tartu \/ Tartu-Moscou vue par ses participants<\/h3>\n<p>Boris OUSPENSKI &#8211; Sur l\u2019\u00c9cole s\u00e9miotique de Moscou-Tartu<\/p>\n<p>Tatiana NIKOLA\u00efEVA, Ekaterina VELMEZOVA &#8211; Douze questions \u00e0 Tatiana Nikola\u00efeva sur l\u2019\u00c9cole s\u00e9miotique de Moscou-Tartu (ou de Tartu-Moscou)<\/p>\n<h3>II &#8211; L&rsquo;\u00c9cole s\u00e9miotique de Moscou-Tartu : de la diversit\u00e9 dans l&rsquo;unit\u00e9<\/h3>\n<p>Roger COMTET &#8211; <em>La Petite Esquisse de l\u2019histoire de la langue russe litt\u00e9raire (XIe-XVIIe si\u00e8cles)<\/em> (1994) de Boris Ouspenski : un mod\u00e8le d\u2019analyse s\u00e9miotique ?<\/p>\n<p>Ekaterina VELMEZOVA &#8211; Texte et texte : des reconstructions historico-compar\u00e9es d\u2019A. Schleicher aux travaux sur la reconstruction s\u00e9mantique des chercheurs du Cercle s\u00e9miotique de Moscou<\/p>\n<p>Alekse\u00ef SEMENENKO &#8211; La culture dans le cerveau ? La s\u00e9miotique sovi\u00e9tique et l\u2019\u00e9tude de l\u2019asym\u00e9trie c\u00e9r\u00e9brale<\/p>\n<h3>II &#8211; L&rsquo;\u00c9cole s\u00e9miotique de Tartu-Moscou : \u00e0 l&rsquo;int\u00e9rieur des univers pensants&#8230; Lotmaniens<\/h3>\n<h3>1 &#8211; Youri Lotman \u00e0 travers ses textes peu connus<\/h3>\n<p>Igor PILSHCHIKOV &#8211; La perception de la po\u00e9tique structurale en URSS \u00e0 la fin des ann\u00e9es 1960 et au d\u00e9but des ann\u00e9es 1970 (Les avis des critiques internes de <em>la Petite Encyclop\u00e9die litt\u00e9raire [Kratkaja literaturnaja \u00e8nciklopedija ]<\/em> sur l\u2019article non publi\u00e9 de Youri Lotman \u00ab Le Structuralisme dans les \u00e9tudes litt\u00e9raires \u00bb [\u00ab Strukturalizm v literaturovedenii \u00bb])<\/p>\n<p>Tatiana KOUZOVKINA &#8211; La m\u00e9thode comparative en culturologie : un article non publi\u00e9 de Youri Lotman<\/p>\n<p>Kalevi KULL, Youri LOTMAN &#8211; Au sujet de la s\u00e9miotique de la vie et de l\u2019\u00e9volution<\/p>\n<h3>2 &#8211; Lotman r\u00e9interpr\u00e9t\u00e9<\/h3>\n<p>Winfried N\u00d6TH &#8211; La topographie de la s\u00e9miosph\u00e8re de Youri Lotman<\/p>\n<p>Andre\u00ef FAOUSTOV &#8211; Mythe, nom et syst\u00e8mes mod\u00e9lisants secondaires<\/p>\n<p>Jan LEVTCHENKO, Serge\u00ef TCHOUGOUNNIKOV &#8211; Du formalisme au structuralisme ? Ruptures et continuit\u00e9s<\/p>\n<p>Serge ZENKINE &#8211; Histoire des concepts et structuralisme (au sujet de deux textes de Youri Lotman)<\/p>\n<p>Roman MNICH &#8211; Youri Lotman et l\u2019\u00c9cole s\u00e9miotique de Moscou-Tartu \u00e0 travers l\u2019h\u00e9ritage intellectuel de Dmitri Tchijevski<\/p>\n<p>Jens HERLTH &#8211; L\u2019\u00e9thos de la s\u00e9miotique : observations sur les travaux de Youri Lotman<\/p>\n<p>Natalia AVTONOMOVA &#8211; Le Lotman des derniers travaux : \u00e0 l\u2019arri\u00e8re, au front ou tout simplement \u00ab en route \u00bb ?<\/p>\n<h3>Annexes<\/h3>\n<p>Youli CHRE\u00cfDER &#8211; A. Lioubichtchev structuraliste<\/p>\n<p>Aleksandre LIOUBICHTCHEV &#8211; Les concepts de syst\u00e9maticit\u00e9 et d\u2019organicit\u00e9 (esquisse pr\u00e9liminaire)<\/p>\n","protected":false},"excerpt":{"rendered":"<p><strong>\u00c9diteur scientifique :<\/strong><\/p>\n<p>Ekaterina Velmezova<\/p>\n<p><strong>ISBN :<\/strong> 978-2-9538558-9-0<\/p>\n<p>384 pages<\/p>\n","protected":false},"featured_media":246,"template":"","meta":[],"product_brand":[],"product_cat":[],"product_tag":[],"class_list":{"0":"post-155","1":"product","2":"type-product","3":"status-publish","4":"has-post-thumbnail","7":"first","8":"instock","9":"purchasable","10":"product-type-simple"},"_links":{"self":[{"href":"https:\/\/blogs.univ-tlse2.fr\/slavica-boutique\/wp-json\/wp\/v2\/product\/155","targetHints":{"allow":["GET"]}}],"collection":[{"href":"https:\/\/blogs.univ-tlse2.fr\/slavica-boutique\/wp-json\/wp\/v2\/product"}],"about":[{"href":"https:\/\/blogs.univ-tlse2.fr\/slavica-boutique\/wp-json\/wp\/v2\/types\/product"}],"wp:featuredmedia":[{"embeddable":true,"href":"https:\/\/blogs.univ-tlse2.fr\/slavica-boutique\/wp-json\/wp\/v2\/media\/246"}],"wp:attachment":[{"href":"https:\/\/blogs.univ-tlse2.fr\/slavica-boutique\/wp-json\/wp\/v2\/media?parent=155"}],"wp:term":[{"taxonomy":"product_brand","embeddable":true,"href":"https:\/\/blogs.univ-tlse2.fr\/slavica-boutique\/wp-json\/wp\/v2\/product_brand?post=155"},{"taxonomy":"product_cat","embeddable":true,"href":"https:\/\/blogs.univ-tlse2.fr\/slavica-boutique\/wp-json\/wp\/v2\/product_cat?post=155"},{"taxonomy":"product_tag","embeddable":true,"href":"https:\/\/blogs.univ-tlse2.fr\/slavica-boutique\/wp-json\/wp\/v2\/product_tag?post=155"}],"curies":[{"name":"wp","href":"https:\/\/api.w.org\/{rel}","templated":true}]}}