 {"id":158,"date":"2018-12-11T09:57:45","date_gmt":"2018-12-11T08:57:45","guid":{"rendered":"http:\/\/dev25-adim.univ-tlse2.fr\/slavica-boutique\/?post_type=product&#038;p=158"},"modified":"2020-07-24T12:51:46","modified_gmt":"2020-07-24T10:51:46","slug":"revue-n41-les-mutations-religieuses-en-russie-conversions-et-secularisation","status":"publish","type":"product","link":"https:\/\/blogs.univ-tlse2.fr\/slavica-boutique\/produit\/revue-n41-les-mutations-religieuses-en-russie-conversions-et-secularisation\/","title":{"rendered":"Revue n\u00b041 &#8211; Les mutations religieuses en Russie. Conversions et s\u00e9cularisation"},"content":{"rendered":"<h2>Sommaire<\/h2>\n<h3>Pr\u00e9sentation<\/h3>\n<p>Fran\u00e7oise LESOURD &#8211; Les mutations religieuses en Russie et dans l\u2019Empire russe<\/p>\n<h3>I &#8211; Les conversions en Russie et dans l&rsquo;Empire russe<\/h3>\n<p>Aleksandr LAVROV &#8211; Introduction<\/p>\n<h4>1 &#8211; Mutations religieuses en Russie ancienne<\/h4>\n<p>Alexe\u00ef ALEX\u00c9IEV &#8211; La conversion au juda\u00efsme et les \u00ab h\u00e9r\u00e9sies \u00bb dans la Rous m\u00e9di\u00e9vale<\/p>\n<p>Aleksandr LAVROV &#8211; Le tsar, le po\u00e8te et le converti. Le r\u00f4le de la conversion dans les relations entre le Khanat de Crim\u00e9e et la Moscovie au XVIIe si\u00e8cle<\/p>\n<h4>2 &#8211; Les conversions dans l&rsquo;Empire russe et au-del\u00e0<\/h4>\n<p>Jean-Luc LAMBERT &#8211; Comment les peuples sib\u00e9riens ont-ils pens\u00e9 la conversion \u00e0 l\u2019orthodoxie<\/p>\n<p>Mariel TSAROIEVA &#8211; Tentatives du gouvernement russe pour restaurer le christianisme chez les Ingouches et les Oss\u00e8tes (aux XVIIe et XIXe si\u00e8cles)<\/p>\n<p>Urszula CIERNIAK &#8211; Deux t\u00e9moignages sur la vie des convertis : l\u2019Apologia pro vita mea de Vladimir Sergu\u00e9ievitch P\u00e9tch\u00e9rine et l\u2019Apologia pro vita sua de John Henry Newman<\/p>\n<p>Kathy ROUSSELET &#8211; Les conversions \u00e0 l\u2019orthodoxie en Russie postsovi\u00e9tique<\/p>\n<h4>3 &#8211; Autour d&rsquo;Ivan Gagarine<\/h4>\n<p>Mireille CHMELEWSKY &#8211; La conversion d\u2019Ivan S. Gagarine : un drame familial<\/p>\n<p>Fran\u00e7ois ROULEAU &#8211; L\u2019oeuvre d\u2019Ivan Gagarine et sa triple dimension litt\u00e9raire, historique et religieuse<\/p>\n<p>Ren\u00e9 MARICHAL &#8211; Vicissitudes de la Biblioth\u00e8que slave fond\u00e9e par le P\u00e8re Gagarine<\/p>\n<p>Antonella CAVAZZA &#8211; Sur les sources de l\u2019essai d\u2019A. S. Khomiakov \u00ab L\u2019\u00c9glise est une \u00bb<\/p>\n<h4>4 &#8211; \u00ab\u00a0Conversions\u00a0\u00bb de philosophes<\/h4>\n<p>Ilya PLATOV &#8211; Pavel Florenski : la conversion comme metano\u00efa et epistroph\u00ea<\/p>\n<p>Fran\u00e7oise LESOURD &#8211; Viatcheslav Ivanov, la Russie, Rome, l\u2019universel<\/p>\n<h3>II &#8211; S\u00e9cularisation et spiritualit\u00e9 russe<\/h3>\n<p>Pierre CAUSSAT, Fran\u00e7oise LESOURD &#8211; Introduction<\/p>\n<p>Pierre CAUSSAT &#8211; Querelles et enjeux de la \u00ab s\u00e9cularisation : la constellation Blumenberg et ses expansions<\/p>\n<h4>1 &#8211; Question de la s\u00e9cularisation dans une perspective historique<\/h4>\n<p>Matthieu PARLIER &#8211; Aux sources de la th\u00e9ologie politique russe : la symphonie byzantine des pouvoirs. Face \u00e0 l\u2019\u00c9glise sous le regard de Dieu. La l\u00e9gitimit\u00e9 et la l\u00e9galit\u00e9 imp\u00e9riales de Michel VIII et d\u2019Andronic II<\/p>\n<p>Igor SOKOLOGORSKY &#8211; La sobornost selon Khomiakov<\/p>\n<p>Urszula CIERNIAK &#8211; Les questions de la foi, de la s\u00e9cularisation et d\u2019une religion d\u2019\u00c9tat dans les d\u00e9bats sur la r\u00e9union des \u00c9glises orthodoxe et catholique en Russie au d\u00e9but du XIXe si\u00e8cle<\/p>\n<p>Ilya PLATOV &#8211; S\u00e9cularisation, religion et mobilisation en Russie pendant la crise d\u2019Orient de 1875-1878<\/p>\n<p>Antoine ARJAKOVSKY &#8211; Essai de th\u00e9ologie du politique : la d\u00e9mocratie souveraine en Russie<\/p>\n<h4>2 &#8211; S\u00e9cularisation et spiritualit\u00e9 russe<\/h4>\n<p>Maria CYMBORSKA-LEBODA &#8211; Le \u00ab modernisme \u00bb orthodoxe russe : Nicolas Berdiaev et le d\u00e9bat sur la \u00ab stricte ob\u00e9dience \u00bb, l\u2019h\u00e9r\u00e9sie et l\u2019oecum\u00e9nisme<\/p>\n<p>Fran\u00e7oise LESOURD &#8211; Mystique n\u00e9gative et ath\u00e9isme moderne dans la philosophie de Lev Karsavine<\/p>\n<p>Angela DIOLETTA SICLARI &#8211; L\u2019individualit\u00e9, source et perte du religieux : deux aspects de la s\u00e9cularisation dans l\u2019histoire de la pens\u00e9e russe<\/p>\n<p>Konstantin IVANOV, Fran\u00e7oise LESOURD &#8211; Entretien de Fran\u00e7oise Lesourd avec Konstantin Ivanov (Saint-P\u00e9tersbourg) : Un t\u00e9moignage sur la vie religieuse en Russie sovi\u00e9tique et postsovi\u00e9tique<\/p>\n<h3>Notes de lecture<\/h3>\n<p>Pierre GONNEAU &#8211; Philippe Frison &amp; Olga Sevastyanova (\u00e9d.), <em>Novgorod, ou la Russie oubli\u00e9e : une r\u00e9publique commer\u00e7ante (XIIe-XVe si\u00e8cles)<\/em>, pr\u00e9f. de Florent Mouchard, Paris, Le Ver \u00e0 Soie \u2013 Virginie Symaniec \u00e9ditrice (2015)<\/p>\n<p>Muriel PLANA &#8211; Catherine G\u00e9ry, <em>Crime et sexualit\u00e9 dans la culture russe. \u00c0 propos de la nouvelle de Nikola\u00ef Leskov Lady Macbeth du district de Mtsensk et de ses adaptations<\/em>, Paris, Honor\u00e9 Champion (2015)<\/p>\n<p>Roger COMTET &#8211; Elena Simonato &amp; S\u00e9bastien Moret (\u00e9d.), <em>La linguistique sovi\u00e9tique \u00e0 la recherche de nouveaux paradigmes<\/em>, Lausanne, Universit\u00e9 de Lausanne (2014)<\/p>\n","protected":false},"excerpt":{"rendered":"<p><strong>\u00c9diteur scientifique :<\/strong><\/p>\n<p>Fran\u00e7oise Lesourd<\/p>\n<p><strong>ISBN : <\/strong>979-10-93090-00-9<\/p>\n<p>492 pages<\/p>\n","protected":false},"featured_media":245,"template":"","meta":[],"product_brand":[],"product_cat":[],"product_tag":[],"class_list":{"0":"post-158","1":"product","2":"type-product","3":"status-publish","4":"has-post-thumbnail","7":"first","8":"instock","9":"purchasable","10":"product-type-simple"},"_links":{"self":[{"href":"https:\/\/blogs.univ-tlse2.fr\/slavica-boutique\/wp-json\/wp\/v2\/product\/158","targetHints":{"allow":["GET"]}}],"collection":[{"href":"https:\/\/blogs.univ-tlse2.fr\/slavica-boutique\/wp-json\/wp\/v2\/product"}],"about":[{"href":"https:\/\/blogs.univ-tlse2.fr\/slavica-boutique\/wp-json\/wp\/v2\/types\/product"}],"wp:featuredmedia":[{"embeddable":true,"href":"https:\/\/blogs.univ-tlse2.fr\/slavica-boutique\/wp-json\/wp\/v2\/media\/245"}],"wp:attachment":[{"href":"https:\/\/blogs.univ-tlse2.fr\/slavica-boutique\/wp-json\/wp\/v2\/media?parent=158"}],"wp:term":[{"taxonomy":"product_brand","embeddable":true,"href":"https:\/\/blogs.univ-tlse2.fr\/slavica-boutique\/wp-json\/wp\/v2\/product_brand?post=158"},{"taxonomy":"product_cat","embeddable":true,"href":"https:\/\/blogs.univ-tlse2.fr\/slavica-boutique\/wp-json\/wp\/v2\/product_cat?post=158"},{"taxonomy":"product_tag","embeddable":true,"href":"https:\/\/blogs.univ-tlse2.fr\/slavica-boutique\/wp-json\/wp\/v2\/product_tag?post=158"}],"curies":[{"name":"wp","href":"https:\/\/api.w.org\/{rel}","templated":true}]}}