 {"id":161,"date":"2018-12-11T10:50:43","date_gmt":"2018-12-11T09:50:43","guid":{"rendered":"http:\/\/dev25-adim.univ-tlse2.fr\/slavica-boutique\/?post_type=product&#038;p=161"},"modified":"2020-08-09T22:48:17","modified_gmt":"2020-08-09T20:48:17","slug":"revue-n42-tadeusz-kantor-portrait-multiple-polyphonie-inspirations-renaissances","status":"publish","type":"product","link":"https:\/\/blogs.univ-tlse2.fr\/slavica-boutique\/produit\/revue-n42-tadeusz-kantor-portrait-multiple-polyphonie-inspirations-renaissances\/","title":{"rendered":"Revue n\u00b042 &#8211; Tadeusz Kantor. Portrait multiple. Polyphonie, inspirations, renaissances"},"content":{"rendered":"<h2>Sommaire<\/h2>\n<h3>Introduction<\/h3>\n<p>Kinga MIODO\u0143SKA-JOUCAVIEL &#8211; \u00ab Je laisse la lampe allum\u00e9e car je reviens tout de suite\u2026 \u00bb<\/p>\n<h3>Rep\u00e8res chronologiques<\/h3>\n<p>Karolina CZERSKA &#8211; Calendarium r\u00e9dig\u00e9 d\u2019apr\u00e8s les notes de J\u00f3zef Chrobak<\/p>\n<h3>I &#8211; Kantor &#8211; Contextes historique, sociopolitique et esth\u00e9tique<\/h3>\n<p>Marie-Th\u00e9r\u00e8se VIDO-RZEWUSKA &#8211; Kantor ou le Messager de Wielopole<\/p>\n<p>Krzysztof PLE\u015aNIAROWICZ &#8211; M\u00e9canismes de la m\u00e9moire de Kantor<\/p>\n<h3>II &#8211; Kantor &#8211; Inspirations &#8211; Filiations &#8211; Renaissances<\/h3>\n<p>B\u00e9atrice PICON-VALLIN &#8211; Tadeusz Kantor ou Vsevolod Meyerhold<\/p>\n<p>Jean-Pierre THIBAUDAT &#8211; Tadeusz Kantor face \u00e0 Krystian Lupa et Christian Boltanski : influences et filiations<\/p>\n<p>Muriel PLANA &#8211; Pouvoirs et actualit\u00e9 de la pens\u00e9e th\u00e9\u00e2trale de Kantor<\/p>\n<h3>III &#8211; D\u00e9marche esth\u00e9tique &#8211; Polyphonies &#8211; Art total<\/h3>\n<p>Aleksandra WOJDA &#8211; Musiques trouv\u00e9es dans le Th\u00e9\u00e2tre de la Mort de Tadeusz Kantor<\/p>\n<p>Karolina CZERSKA &#8211; Les sonorit\u00e9s dans les premiers spectacles de Tadeusz Kantor<\/p>\n<p>Ma\u0142gorzata PALUCH-CYBULSKA &#8211; \u00ab On ne regarde pas impun\u00e9ment par la fen\u00eatre \u00bb. La cr\u00e9ation picturale et th\u00e9\u00e2trale tardive de Tadeusz Kantor<\/p>\n<h3>IV &#8211; Mort et demi-mort (Shoah \/ Mannequin)<\/h3>\n<p>Jean-Yves POTEL &#8211; Tadeusz Kantor, t\u00e9moin de la Shoah<\/p>\n<p>Sab\u00ffn SOULARD &#8211; La demi-mort : du somnambulisme comme r\u00e9sistance-lucioles<\/p>\n<p>Wojtek SPERL &#8211; La classe morte : Photographies des r\u00e9p\u00e9titions du spectacle<\/p>\n<h3>V &#8211; Message du dernier spectacle \u00ab\u00a0Aujourd&rsquo;hui c&rsquo;est mon anniversaire\u00a0\u00bb<\/h3>\n<p>Leszek KOLANKIEWICZ &#8211; La derni\u00e8re bande de Kantor<\/p>\n<p>Katarzyna FAZAN &#8211; L\u2019artiste du th\u00e9\u00e2tre revient au tableau. Aujourd\u2019hui c\u2019est mon anniversaire en tant que mise en abyme<\/p>\n<p>Bruno WAGNER &#8211; Aujourd\u2019hui c\u2019est mon anniversaire : R\u00e9p\u00e9titions au Th\u00e9\u00e2tre Garonne en 1990<\/p>\n<h3>T\u00e9moignages, interview, comptes-rendus<\/h3>\n<p>Marie VAYSSI\u00c8RE &#8211; Avec nous et sans nous, t\u00e9moignage suivi de photographies de Marie Vayssi\u00e8re<\/p>\n<p>Adrianna KSI\u0104\u017bEK, Iwo KSI\u0104\u017bEK &#8211; Interview de Marie Vayssi\u00e8re<\/p>\n<p>Michel MATHIEU &#8211; Kantor, \u00e9claireur et sentinelle<\/p>\n<p>Bogdan RENCZY\u0143SKI &#8211; Mon acteur<\/p>\n<p>Bruno WAGNER &#8211; Souvenirs<\/p>\n<p>Kinga MIODO\u0143SKA-JOUCAVIEL &#8211; Compte rendu de la 24e \u00e9dition des Semaines polonaises : Tadeusz Kantor \u2013 portrait multiple Polyphonies, inspirations, renaissances<\/p>\n<p>Michel B\u00c9LIS, Aude BONNIN &#8211; Tadeusz Kantor en Comminges<\/p>\n<p>Sylvain NICOLINO &#8211; Kantor \u2013 atelier r\u00e9alis\u00e9 avec les classes de troisi\u00e8me du Coll\u00e8ge de Salies-du-Salat<\/p>\n<h3>In memoriam<\/h3>\n<p>Karolina CZERSKA &#8211; J\u00f3zef Chrobak : sur les traces de Tadeusz Kantor<\/p>\n<p>Konstanty W\u0118GRZYN &#8211; J\u00f3zik \u2013 un homme remarquable<\/p>\n<h3>Index<\/h3>\n<p>Kinga MIODO\u0143SKA-JOUCAVIEL &#8211; Index<\/p>\n<h3>Notes de lecture<\/h3>\n<p>Irina KOR CHAHINE &#8211; Jean Breuillard &amp; St\u00e9phane Viellard, <em>Histoire de la langue russe des origines au XVIIIe si\u00e8cle<\/em>, Paris, Institut d\u2019\u00c9tudes Slaves, 2015<\/p>\n<p>Roger COMTET &#8211; Irina Ivanova, Elena Simonato-Kokochkina &amp; Natalia Svetozarova (\u00e9d.), avec la participation de Vadim Kasevich, <em>L\u2019\u00c9cole phonologique de Leningrad : histoire et modernit\u00e9<\/em> , Lausanne, Universit\u00e9 de Lausanne, 2015<\/p>\n<p>Roger COMTET &#8211; C\u00e9cile Gauthier, <em>L\u2019imaginaire du mot slave dans les langues fran\u00e7aise et allemande, entre dictionnaires et romans<\/em>, Paris, P\u00e9tra \u00c9ditions, 2015<\/p>\n<p>Michel NIQUEUX &#8211; N. I. \u0160itova, <em>Rukopisi staroobrjadca T. F. Bo\u010dkareva v kontekste istorii i kul\u2019tury staroobrjadcev Ujmona (XVIII-XXI vv.)<\/em> [Les manuscrits du vieux-croyant T. F. Botchkarev dans le contexte historique et culturel des vieux-croyants d\u2019Ou\u00efmon], Gorno-Altajsk, RIO Gorno- Altajskogo gosudarstvennogo universiteta, 2013<\/p>\n","protected":false},"excerpt":{"rendered":"<p><strong>\u00c9diteur scientifique :<\/strong><\/p>\n<p>Kinga Miodonska-Joucaviel<\/p>\n<p><strong>ISBN :<\/strong> 979-10-93090-01-6<\/p>\n<p>407 pages<\/p>\n","protected":false},"featured_media":244,"template":"","meta":[],"product_brand":[],"product_cat":[],"product_tag":[],"class_list":{"0":"post-161","1":"product","2":"type-product","3":"status-publish","4":"has-post-thumbnail","7":"first","8":"instock","9":"purchasable","10":"product-type-simple"},"_links":{"self":[{"href":"https:\/\/blogs.univ-tlse2.fr\/slavica-boutique\/wp-json\/wp\/v2\/product\/161","targetHints":{"allow":["GET"]}}],"collection":[{"href":"https:\/\/blogs.univ-tlse2.fr\/slavica-boutique\/wp-json\/wp\/v2\/product"}],"about":[{"href":"https:\/\/blogs.univ-tlse2.fr\/slavica-boutique\/wp-json\/wp\/v2\/types\/product"}],"wp:featuredmedia":[{"embeddable":true,"href":"https:\/\/blogs.univ-tlse2.fr\/slavica-boutique\/wp-json\/wp\/v2\/media\/244"}],"wp:attachment":[{"href":"https:\/\/blogs.univ-tlse2.fr\/slavica-boutique\/wp-json\/wp\/v2\/media?parent=161"}],"wp:term":[{"taxonomy":"product_brand","embeddable":true,"href":"https:\/\/blogs.univ-tlse2.fr\/slavica-boutique\/wp-json\/wp\/v2\/product_brand?post=161"},{"taxonomy":"product_cat","embeddable":true,"href":"https:\/\/blogs.univ-tlse2.fr\/slavica-boutique\/wp-json\/wp\/v2\/product_cat?post=161"},{"taxonomy":"product_tag","embeddable":true,"href":"https:\/\/blogs.univ-tlse2.fr\/slavica-boutique\/wp-json\/wp\/v2\/product_tag?post=161"}],"curies":[{"name":"wp","href":"https:\/\/api.w.org\/{rel}","templated":true}]}}