 {"id":165,"date":"2018-12-11T12:00:01","date_gmt":"2018-12-11T11:00:01","guid":{"rendered":"http:\/\/dev25-adim.univ-tlse2.fr\/slavica-boutique\/?post_type=product&#038;p=165"},"modified":"2020-07-24T12:43:07","modified_gmt":"2020-07-24T10:43:07","slug":"revue-n44-autour-de-lutopie-et-du-pouvoir-hommage-a-michel-niqueux","status":"publish","type":"product","link":"https:\/\/blogs.univ-tlse2.fr\/slavica-boutique\/produit\/revue-n44-autour-de-lutopie-et-du-pouvoir-hommage-a-michel-niqueux\/","title":{"rendered":"Revue n\u00b044-45 &#8211; Autour de l&rsquo;utopie et du pouvoir. Hommage \u00e0 Michel Niqueux"},"content":{"rendered":"<h2>Sommaire<\/h2>\n<h3>Avant-propos<\/h3>\n<p>Ir\u00e8ne SEMENOFF-TIAN-CHANSKY-BA\u00cfDINE, Genevi\u00e8ve VILNET &#8211; Avant-propos<\/p>\n<p>Anne-Marie GRESSER &#8211; Michel Niqueux, t\u00e9moignage de son ancienne directrice de recherche<\/p>\n<p>Michel NIQUEUX &#8211; Liste th\u00e9matique des principales publications de Michel Niqueux<\/p>\n<h3>I &#8211; Pens\u00e9e politique et exercice du pouvoir<\/h3>\n<p>Michel MERVAUD &#8211; Philosophie du pouvoir ou pouvoir de la philosophie : Herzen entre Victor Cousin et Pierre Leroux<\/p>\n<p>Bernard MARCHADIER &#8211; Le mythe de Rome chez Vladimir Soloviev<\/p>\n<p>Alexandra TESTINO-ZAFIROPOULOS &#8211; Les \u00ab R\u00e9flexions philosophiques et politiques \u00bb de Juan Wenceslao Barquera : un intellectuel de la Nouvelle Espagne face aux troubles du pouvoir<\/p>\n<p>Estrella RUIZ-GALVEZ PRIEGO &#8211; L\u2019Europe en crise vue depuis l\u2019Espagne : Andr\u00e9s Laguna (1499-1559), Diego de Saavedra Fajardo (1584-1648), Juan Donoso Cort\u00e9s (1809-1853) et Jos\u00e9 Ortega y Gasset (1883-1955)<\/p>\n<p>Vera MILCHINA &#8211; Gustave-Euphranor Marin-Darbel, pr\u00e9cepteur du prince Gagarine, expert dans la lutte contre le chol\u00e9ra et th\u00e9oricien de l\u2019\u00e9ducation nationale en Russie<\/p>\n<p>Yves HAMANT &#8211; Konstantin Khartchev, l\u2019avant-dernier \u00ab ministre des Cultes \u00bb en Union sovi\u00e9tique<\/p>\n<h3>II &#8211; La litt\u00e9rature et les diff\u00e9rentes formes de pouvoir<\/h3>\n<p>Fran\u00e7ois EMION &#8211; Loi et litt\u00e9rature en Islande m\u00e9di\u00e9vale<\/p>\n<p>Roger COMTET &#8211; Une all\u00e9gorie ma\u00e7onnique dans le roman d\u2019Ivan Gontcharov Le Ravin (1869)<\/p>\n<p>Jean-Marie PAUL &#8211; Impuissant et seul contre tous : les M\u00e9moires \u00e9crits dans un souterrain de Fiodor Dosto\u00efevski<\/p>\n<p>Ir\u00e8ne SEMENOFF-TIAN-CHANSKY-BA\u00cfDINE &#8211; Anna Bounina (1774-1829), une femme \u00e9mancip\u00e9e avant l\u2019heure<\/p>\n<p>Pierre GONNEAU &#8211; Ichim en Sib\u00e9rie : la rencontre entre Alexandre Dumas et Jules Verne<\/p>\n<p>Eric LEROY DU CARDONNOY &#8211; Les Lettres orientales de Ida von Hahn-Hahn : un Baedeker pour le Moyen-Orient<\/p>\n<p>Catherine DEPRETTO &#8211; Science et politique : Ioulian Grigorevitch Oksman (1895-1970)<\/p>\n<p>Catherine G\u00c9RY &#8211; Les Classiques face aux pouvoirs ou une petite histoire de la construction, de la d\u00e9construction et de la reconstruction du canon litt\u00e9raire russe<\/p>\n<p>Jean-Louis BACKES &#8211; Le motif de la chute du Roi dans l\u2019\u0153uvre d\u2019Alexandre Blok<\/p>\n<p>H\u00e9l\u00e8ne MENEGALDO &#8211; Relire La Garde Blanche : histoire collective et archives de soi<\/p>\n<p>Caroline B\u00e9RENGER &#8211; Partie du discours de Joseph Brodsky : une exp\u00e9rience de lecture<\/p>\n<h3>III &#8211; La litt\u00e9rature engag\u00e9e<\/h3>\n<p>Mariella COLIN &#8211; Comment la dictature fasciste a asservi la litt\u00e9rature enfantine en Italie<\/p>\n<p>Thierry RUCHOT &#8211; La construction de l\u2019opinion dans les journaux t\u00e9l\u00e9vis\u00e9s russes actuels. Essai d\u2019analyse multimodale et rh\u00e9torique<\/p>\n<p>Anatoly TOKMAKOV &#8211; Le th\u00e9\u00e2tre de Evgueni Schwartz et le discours politique de l\u2019opposition russe<\/p>\n<p>Laure TROUBETZKOY &#8211; Litt\u00e9rature et pouvoir dans quelques romans russes des ann\u00e9es 2010<\/p>\n<h3>IV &#8211; Litt\u00e9rature et utopie<\/h3>\n<p>Jean-Claude LANNE &#8211; Le boniment du Montreur des choses futures : Quelques consid\u00e9rations sur le <em>Prologue de V. Khlebnikov aux spectacles futuriens<\/em><\/p>\n<p>Valery BAIDINE &#8211; L\u2019utopie khlebnikovienne de la langue : V\u00e9limir Khlebnikov et Platon Loukachevitch<\/p>\n<p>Leonid HELLER &#8211; R\u00e9fractions russo-polonaises ou les miroirs crois\u00e9s de l\u2019utopie<\/p>\n<p>Genevi\u00e8ve VILNET &#8211; L\u2019\u00e9crivain et le pouvoir dans les ann\u00e9es 1930 au Br\u00e9sil : la Russie et l\u2019avanc\u00e9e des utopies dans le dernier diptyque de l\u2019\u00e9crivain moderniste Oswald de Andrade<\/p>\n<h3>Notes de lecture<\/h3>\n<p>Caroline DAMIENS &#8211; Clo\u00e9 Drieu (\u00e9d.), <em>\u00c9crans d\u2019Orient. Propagande, innovation et r\u00e9sistance dans les cin\u00e9mas de Turquie, d\u2019Iran et d\u2019Asie centrale (1897-1945),<\/em> Paris, IISMM-Karthala, \u00ab Terres et gens d\u2019islam \u00bb, 2014, 270 p.<\/p>\n<p>Caroline DAMIENS Oksana Sarkisova, <em>Screening Soviet Nationalities. Kulturfilms from the Far North to Central Asia<\/em>, Londres \u2013 New York, I. B. Tauris, 2017, 299 p.<\/p>\n","protected":false},"excerpt":{"rendered":"<p><strong>\u00c9diteurs scientifiques :<\/strong><\/p>\n<p>Ir\u00e8ne Semenoff-Tian-Chansky-Ba\u00efdine et Genevi\u00e8ve Vilnet<\/p>\n<p><strong>ISBN : <\/strong>979-10-93090-03-0<\/p>\n<p>554 pages<\/p>\n","protected":false},"featured_media":242,"template":"","meta":[],"product_brand":[],"product_cat":[],"product_tag":[],"class_list":{"0":"post-165","1":"product","2":"type-product","3":"status-publish","4":"has-post-thumbnail","7":"first","8":"instock","9":"purchasable","10":"product-type-simple"},"_links":{"self":[{"href":"https:\/\/blogs.univ-tlse2.fr\/slavica-boutique\/wp-json\/wp\/v2\/product\/165","targetHints":{"allow":["GET"]}}],"collection":[{"href":"https:\/\/blogs.univ-tlse2.fr\/slavica-boutique\/wp-json\/wp\/v2\/product"}],"about":[{"href":"https:\/\/blogs.univ-tlse2.fr\/slavica-boutique\/wp-json\/wp\/v2\/types\/product"}],"wp:featuredmedia":[{"embeddable":true,"href":"https:\/\/blogs.univ-tlse2.fr\/slavica-boutique\/wp-json\/wp\/v2\/media\/242"}],"wp:attachment":[{"href":"https:\/\/blogs.univ-tlse2.fr\/slavica-boutique\/wp-json\/wp\/v2\/media?parent=165"}],"wp:term":[{"taxonomy":"product_brand","embeddable":true,"href":"https:\/\/blogs.univ-tlse2.fr\/slavica-boutique\/wp-json\/wp\/v2\/product_brand?post=165"},{"taxonomy":"product_cat","embeddable":true,"href":"https:\/\/blogs.univ-tlse2.fr\/slavica-boutique\/wp-json\/wp\/v2\/product_cat?post=165"},{"taxonomy":"product_tag","embeddable":true,"href":"https:\/\/blogs.univ-tlse2.fr\/slavica-boutique\/wp-json\/wp\/v2\/product_tag?post=165"}],"curies":[{"name":"wp","href":"https:\/\/api.w.org\/{rel}","templated":true}]}}