 {"id":168,"date":"2018-12-11T12:26:53","date_gmt":"2018-12-11T11:26:53","guid":{"rendered":"http:\/\/dev25-adim.univ-tlse2.fr\/slavica-boutique\/?post_type=product&#038;p=168"},"modified":"2020-07-24T12:42:01","modified_gmt":"2020-07-24T10:42:01","slug":"revue-n46-le-cosmisme-russe-i-tentative-de-definition","status":"publish","type":"product","link":"https:\/\/blogs.univ-tlse2.fr\/slavica-boutique\/produit\/revue-n46-le-cosmisme-russe-i-tentative-de-definition\/","title":{"rendered":"Revue n\u00b046 &#8211; Le cosmisme russe. I. Tentative de d\u00e9finition"},"content":{"rendered":"<h2>Sommaire<\/h2>\n<h3>Introduction<\/h3>\n<p>Fran\u00e7oise Lesourd &#8211; Le cosmisme russe, entre scientisme, \u00e9sot\u00e9risme et utopie p. 9-20<\/p>\n<h3>I. L\u2019\u00e9tat de la question<\/h3>\n<p>Anastasia Gatcheva &#8211; La philosophie du cosmisme russe. Le monde \u2013 l\u2019homme \u2013 l\u2019histoire \u2013 le futur p. 23-47<\/p>\n<p>Michael Hagemeister &#8211; Le \u00ab cosmisme russe \u00bb, \u00ab philosophie de l\u2019avenir \u00bb ? p. 49-67<\/p>\n<p>Leonid Heller &#8211; \u00ab Cosmisme russe \u00bb et modernisme cosmiste. Quelques propositions p. 69-91<\/p>\n<h3>II. Personalia<\/h3>\n<p>Svetlana Semionova &#8211; \u00ab Les \u00c9critures de la transfiguration universelle\u2026 \u00bb. (Daniil Andre\u00efev et le cosmisme russe) p. 95-108<\/p>\n<p>Ilya Platov &#8211; Jacob Golossovker, un penseur cosmiste ? p. 109-132<\/p>\n<h3>III. \u00c9tapes historiques<\/h3>\n<p>Catherine Br\u00e9meau Le cosmisme prol\u00e9tarien p. 135-149<\/p>\n<p>Igor Sokologorsky &#8211; Pr\u00e9sence de Nikola\u00ef Fiodorov en Union sovi\u00e9tique p. 151-166<\/p>\n<p>Dmitry Shlapentokh &#8211; Le fiodorovisme au d\u00e9but de l\u2019\u00e8re post-sovi\u00e9tique et l\u2019\u00e9croulement du projet m\u00e9ta-imp\u00e9rial p. 167-195<\/p>\n<h3>IV. De l\u2019espace russe \u00e0 l\u2019espace interstellaire<\/h3>\n<p>George M. Young &#8211; L\u2019id\u00e9e d\u2019Eurasie chez Nikola\u00ef Fiodorov p. 199-219<\/p>\n<p>Mark Bassin &#8211; Ethno-paysages et ethno-parasites : l\u2019\u00e9cologie de l\u2019ethnicit\u00e9 chez Lev Goumiliov p. 221-239<\/p>\n<p>Kevin Limonier &#8211; La pens\u00e9e de Konstantin Tsiolkovski (1857-1935). Du cosmisme \u00e0 la conqu\u00eate spatiale, itin\u00e9raires d&rsquo;une philosophie r\u00e9cup\u00e9r\u00e9e p. 241-264<\/p>\n<h3>R\u00e9sum\u00e9s des articles<\/h3>\n<p>p. 265-270<\/p>\n<h3>Abstracts<\/h3>\n<p>p. 271-276<\/p>\n<h3>Notices sur les auteurs<\/h3>\n<p>p. 277-281<\/p>\n<h3>R\u00e9sum\u00e9 de th\u00e8se<\/h3>\n<p>Caroline Damiens, <em>Fabriquer les peuples du Nord dans les films sovi\u00e9tiques : acteurs, pratiques et repr\u00e9sentations<\/em>, inalco, (2017) p. 285-293<\/p>\n<h3>Notes de lecture<\/h3>\n<p>Olga Blinova (\u00e9d.), <em>Zina\u00efda Gippius. Po\u00e9sie et philosophie du genre<\/em> (2016), par Victoire Feuillebois p. 294-299<\/p>\n<p>Tamara Balachova, <em>Monologi\u010deskoe povestvovanie ot Marselja Prusta k novomu romanu<\/em> [La narration monologique de Marcel Proust au nouveau roman] (2016), par Caroline B\u00e9renger p. 301-303<\/p>\n<p>Lucien Calvi\u00e9, <em>La Question yougoslave et l\u2019Europe<\/em> (2018), par Daniel Baric p. 305-307<\/p>\n","protected":false},"excerpt":{"rendered":"<p><strong>\u00c9diteur scientifique :<\/strong><\/p>\n<p>Fran\u00e7oise Lesourd<\/p>\n<p><strong>ISBN : <\/strong>979-10-93090-04-7<\/p>\n<p>312 pages<\/p>\n","protected":false},"featured_media":232,"template":"","meta":[],"product_brand":[],"product_cat":[],"product_tag":[],"class_list":{"0":"post-168","1":"product","2":"type-product","3":"status-publish","4":"has-post-thumbnail","7":"first","8":"instock","9":"purchasable","10":"product-type-simple"},"_links":{"self":[{"href":"https:\/\/blogs.univ-tlse2.fr\/slavica-boutique\/wp-json\/wp\/v2\/product\/168","targetHints":{"allow":["GET"]}}],"collection":[{"href":"https:\/\/blogs.univ-tlse2.fr\/slavica-boutique\/wp-json\/wp\/v2\/product"}],"about":[{"href":"https:\/\/blogs.univ-tlse2.fr\/slavica-boutique\/wp-json\/wp\/v2\/types\/product"}],"wp:featuredmedia":[{"embeddable":true,"href":"https:\/\/blogs.univ-tlse2.fr\/slavica-boutique\/wp-json\/wp\/v2\/media\/232"}],"wp:attachment":[{"href":"https:\/\/blogs.univ-tlse2.fr\/slavica-boutique\/wp-json\/wp\/v2\/media?parent=168"}],"wp:term":[{"taxonomy":"product_brand","embeddable":true,"href":"https:\/\/blogs.univ-tlse2.fr\/slavica-boutique\/wp-json\/wp\/v2\/product_brand?post=168"},{"taxonomy":"product_cat","embeddable":true,"href":"https:\/\/blogs.univ-tlse2.fr\/slavica-boutique\/wp-json\/wp\/v2\/product_cat?post=168"},{"taxonomy":"product_tag","embeddable":true,"href":"https:\/\/blogs.univ-tlse2.fr\/slavica-boutique\/wp-json\/wp\/v2\/product_tag?post=168"}],"curies":[{"name":"wp","href":"https:\/\/api.w.org\/{rel}","templated":true}]}}