 {"id":321,"date":"2019-03-12T10:19:38","date_gmt":"2019-03-12T09:19:38","guid":{"rendered":"https:\/\/blogs.univ-tlse2.fr\/slavica-boutique\/?post_type=product&#038;p=321"},"modified":"2020-08-09T22:47:38","modified_gmt":"2020-08-09T20:47:38","slug":"revue-n47-le-cosmisme-russe-ii-nikolai-fiodorov","status":"publish","type":"product","link":"https:\/\/blogs.univ-tlse2.fr\/slavica-boutique\/produit\/revue-n47-le-cosmisme-russe-ii-nikolai-fiodorov\/","title":{"rendered":"Revue n\u00b047 &#8211; Le cosmisme russe. II. Nikola\u00ef Fiodorov"},"content":{"rendered":"<h2>SOMMAIRE<\/h2>\n<h3>INTRODUCTION<\/h3>\n<p>Fran\u00e7oise Lesourd &#8211; Nikola\u00ef Fiodorov, entre h\u00e9r\u00e9sie et utopie<\/p>\n<h3>I. UNE VIE EN DIALOGUES<\/h3>\n<p>George Young &#8211; Socrate ou Fiodorov<br \/>\nFran\u00e7oise Lesourd &#8211; Le Sens de l\u2019amour et le dialogue entre Vladimir Soloviov et Nikola\u00ef Fiodorov<\/p>\n<h3>II. UN GRAND PROJET POUR L\u2019HUMANIT\u00c9<\/h3>\n<p>Michael Hagemeister &#8211; Nikola\u00ef Fiodorov et son projet pour le salut de l\u2019humanit\u00e9<br \/>\nLeonid Heller &#8211; R\u00e9sonnances fiodoroviennes : <em>La Mer de Jouvence<\/em> d\u2019Andre\u00ef Platonov<\/p>\n<h3>III. L\u2019ART CR\u00c9ATEUR DE VIE<\/h3>\n<p>Anastasia Gatcheva &#8211; Mort &#8211; Immortalit\u00e9 &#8211; Ressuscitation dans l\u2019\u0153uvre de<br \/>\nNikola\u00ef Fiodorov<br \/>\nLeonid Heller &#8211; Pavel Filonov et Nikola\u00ef Fiodorov : une rencontre entre<br \/>\nle m\u00e9canique et l\u2019organique<\/p>\n<h3>IV. DE L\u2019ORGANICISME \u00c0 LA PSYCHANALYSE<\/h3>\n<p>Olga Maslobo\u00efeva &#8211; L\u2019enseignement de Nikola\u00ef Fiodorov : la question des liens<br \/>\nentre l\u2019organicisme et le cosmisme russes<\/p>\n<p>Svetlana Semionova &#8211; Trois messagers : Nikola\u00ef Fiodorov, Pierre Teilhard<br \/>\nde Chardin, Shri Aurobindo Ghose<br \/>\nIgor Tchoubarov &#8211; La dialectique de l\u2019inclusion et de l\u2019exclusion dans le<br \/>\ncosmisme russe<\/p>\n<h3>R\u00c9SUM\u00c9S DES ARTICLES<br \/>\nABSTRACTS<br \/>\nNOTICES SUR LES AUTEURS<br \/>\nINDEX DES DEUX VOLUMES SUR LE COSMISME<\/h3>\n","protected":false},"excerpt":{"rendered":"<p><strong>\u00c9diteur scientifique :<\/strong><\/p>\n<p>Fran\u00e7oise Lesourd<\/p>\n<p><strong>ISBN :<\/strong> 979-10-93090-05-4<\/p>\n<p>251 pages<\/p>\n","protected":false},"featured_media":328,"template":"","meta":[],"product_brand":[],"product_cat":[],"product_tag":[],"class_list":{"0":"post-321","1":"product","2":"type-product","3":"status-publish","4":"has-post-thumbnail","7":"first","8":"instock","9":"shipping-taxable","10":"purchasable","11":"product-type-simple"},"_links":{"self":[{"href":"https:\/\/blogs.univ-tlse2.fr\/slavica-boutique\/wp-json\/wp\/v2\/product\/321","targetHints":{"allow":["GET"]}}],"collection":[{"href":"https:\/\/blogs.univ-tlse2.fr\/slavica-boutique\/wp-json\/wp\/v2\/product"}],"about":[{"href":"https:\/\/blogs.univ-tlse2.fr\/slavica-boutique\/wp-json\/wp\/v2\/types\/product"}],"wp:featuredmedia":[{"embeddable":true,"href":"https:\/\/blogs.univ-tlse2.fr\/slavica-boutique\/wp-json\/wp\/v2\/media\/328"}],"wp:attachment":[{"href":"https:\/\/blogs.univ-tlse2.fr\/slavica-boutique\/wp-json\/wp\/v2\/media?parent=321"}],"wp:term":[{"taxonomy":"product_brand","embeddable":true,"href":"https:\/\/blogs.univ-tlse2.fr\/slavica-boutique\/wp-json\/wp\/v2\/product_brand?post=321"},{"taxonomy":"product_cat","embeddable":true,"href":"https:\/\/blogs.univ-tlse2.fr\/slavica-boutique\/wp-json\/wp\/v2\/product_cat?post=321"},{"taxonomy":"product_tag","embeddable":true,"href":"https:\/\/blogs.univ-tlse2.fr\/slavica-boutique\/wp-json\/wp\/v2\/product_tag?post=321"}],"curies":[{"name":"wp","href":"https:\/\/api.w.org\/{rel}","templated":true}]}}