 {"id":398,"date":"2019-09-19T12:45:05","date_gmt":"2019-09-19T10:45:05","guid":{"rendered":"https:\/\/blogs.univ-tlse2.fr\/slavica-boutique\/?post_type=product&#038;p=398"},"modified":"2021-05-19T16:29:51","modified_gmt":"2021-05-19T14:29:51","slug":"revue-n48-autour-de-nicolas-roerich-art-esoterisme-orientalisme-et-politique","status":"publish","type":"product","link":"https:\/\/blogs.univ-tlse2.fr\/slavica-boutique\/produit\/revue-n48-autour-de-nicolas-roerich-art-esoterisme-orientalisme-et-politique\/","title":{"rendered":"Revue n\u00b0 48 &#8211; Autour de Nicolas Roerich : art, \u00e9sot\u00e9risme, orientalisme et politique"},"content":{"rendered":"<h1>Sommaire<\/h1>\n<h3>Avertissement<\/h3>\n<p><em>Dany SAVELLI<\/em> &#8211; Pourquoi s\u2019int\u00e9resser \u00e0 Nicolas Roerich ? (Ouverture)<br \/>\n<em>Claudine COHEN<\/em> &#8211; De l\u2019\u00c2ge de pierre au Sacre du printemps. Primitivit\u00e9 et pr\u00e9histoire dans l\u2019\u0153uvre de Nicolas Roerich (1895-1917)<br \/>\nAndre\u00ef IGNATIEV &#8211; Shambhala dans la doctrine des Roerich<br \/>\n<em>Natalia CHITOVA<\/em> &#8211; Nicolas Roerich et les vieux-croyants de la steppe d\u2019Ou\u00efmon<br \/>\n<em>Victoria LYSSENKO<\/em> &#8211; \u00c0 propos des Fondements du bouddhisme d\u2019Elena Roerich<br \/>\n<em>Milana MIRONOVA<\/em> &#8211; Les peintures et les sculptures des premiers ensembles monastiques bouddhiques creus\u00e9s sous roche dans l\u2019\u0153uvre de Nicolas Roerich<br \/>\n<em>Isrun ENGELHARDT<\/em> &#8211; L\u2019\u00e9volution de l\u2019image du Tibet dans la pens\u00e9e et les \u00e9crits de Nicolas Roerich :<br \/>\nd\u2019une spiritualit\u00e9 exalt\u00e9e \u00e0 un chamanisme d\u00e9prav\u00e9<br \/>\n<em>Anna SAWERTHAL<\/em> &#8211; Les articles parus dans le Melong, journal de langue tib\u00e9taine, au sujet de la famille Roerich<br \/>\n<em>Dany SAVELLI<\/em> &#8211; L\u2019Exp\u00e9dition Roerich au prisme de deux publications antijud\u00e9o-ma\u00e7onniques, anti-bolcheviques et anti-occultistes de la fin des ann\u00e9es 1920<br \/>\n<em>John McCANNON<\/em> &#8211; Orientalisme et complexe d\u2019\u0152dipe : divergences th\u00e9oriques et personnelles entre Nicolas Roerich et son fils Youri Roerich<br \/>\n<em>Alexandre ANDREIEV<\/em> &#8211; Elena Roerich d\u2019apr\u00e8s les souvenirs d\u2019Esther Lichtmann<br \/>\n<em>Andrei ZNAMENSKI<\/em> &#8211; L\u2019Union sacr\u00e9e de l\u2019Est : La Grande D\u00e9pression, le New Deal et l\u2019utopie spirituelle de Nicolas Roerich et de Henry Wallace<br \/>\n<em>Anita STASULANE<\/em> &#8211; Le succ\u00e8s rencontr\u00e9 par les disciples de Roerich en Lettonie (1920-1940)<\/p>\n<h3>Chronologie<br \/>\nIndex onomastique et g\u00e9ographique<br \/>\nR\u00e9sum\u00e9s des articles<br \/>\nAbstracts<br \/>\nNotices sur les auteurs<br \/>\nRemerciements<\/h3>\n","protected":false},"excerpt":{"rendered":"<p><strong>\u00c9diteur scientifique :<\/strong><\/p>\n<p>Dany Savelli<\/p>\n<p><strong>ISBN :<\/strong> 979-10-93090-06-1<\/p>\n<p>501 pages<\/p>\n","protected":false},"featured_media":399,"template":"","meta":[],"product_brand":[],"product_cat":[],"product_tag":[],"class_list":{"0":"post-398","1":"product","2":"type-product","3":"status-publish","4":"has-post-thumbnail","7":"first","8":"instock","9":"shipping-taxable","10":"purchasable","11":"product-type-simple"},"_links":{"self":[{"href":"https:\/\/blogs.univ-tlse2.fr\/slavica-boutique\/wp-json\/wp\/v2\/product\/398","targetHints":{"allow":["GET"]}}],"collection":[{"href":"https:\/\/blogs.univ-tlse2.fr\/slavica-boutique\/wp-json\/wp\/v2\/product"}],"about":[{"href":"https:\/\/blogs.univ-tlse2.fr\/slavica-boutique\/wp-json\/wp\/v2\/types\/product"}],"wp:featuredmedia":[{"embeddable":true,"href":"https:\/\/blogs.univ-tlse2.fr\/slavica-boutique\/wp-json\/wp\/v2\/media\/399"}],"wp:attachment":[{"href":"https:\/\/blogs.univ-tlse2.fr\/slavica-boutique\/wp-json\/wp\/v2\/media?parent=398"}],"wp:term":[{"taxonomy":"product_brand","embeddable":true,"href":"https:\/\/blogs.univ-tlse2.fr\/slavica-boutique\/wp-json\/wp\/v2\/product_brand?post=398"},{"taxonomy":"product_cat","embeddable":true,"href":"https:\/\/blogs.univ-tlse2.fr\/slavica-boutique\/wp-json\/wp\/v2\/product_cat?post=398"},{"taxonomy":"product_tag","embeddable":true,"href":"https:\/\/blogs.univ-tlse2.fr\/slavica-boutique\/wp-json\/wp\/v2\/product_tag?post=398"}],"curies":[{"name":"wp","href":"https:\/\/api.w.org\/{rel}","templated":true}]}}