 {"id":451,"date":"2019-12-01T14:23:14","date_gmt":"2019-12-01T13:23:14","guid":{"rendered":"https:\/\/blogs.univ-tlse2.fr\/slavica-boutique\/?post_type=product&#038;p=451"},"modified":"2021-05-19T16:30:18","modified_gmt":"2021-05-19T14:30:18","slug":"revue-n49-la-philosophie-russe-dans-le-contexte-europeen","status":"publish","type":"product","link":"https:\/\/blogs.univ-tlse2.fr\/slavica-boutique\/produit\/revue-n49-la-philosophie-russe-dans-le-contexte-europeen\/","title":{"rendered":"Revue n\u00b0 49 &#8211; La philosophie russe dans le contexte europ\u00e9en"},"content":{"rendered":"<h1>Sommaire<\/h1>\n<h3>Avertissement de l\u2019\u00e9diteur<\/h3>\n<p><em>\u00a0<\/em><\/p>\n<h3>Introduction<\/h3>\n<p>Maryse DENNES <em>&#8211;\u00a0<\/em>Russie-Occident : vers une science de l\u2019Europe ?<\/p>\n<h3>I. Contextualisation<\/h3>\n<p>Boris PRUZHININ &amp; Tatiana SHCHEDRINA<em>\u00a0&#8211;\u00a0<\/em>La \u00ab philosophie positive \u00bb en Russie et les probl\u00e8mes de l\u2019\u00e9pist\u00e9mologie contemporaine des sciences humaines<\/p>\n<p>Oleg MARCHENKO<em>\u00a0&#8211; <\/em>La place de la nouvelle culture philosophique europ\u00e9enne dans la construction de la conscience philosophique russe<\/p>\n<p>Sv\u00e9tlana NERETINA -Quelques r\u00e9flexions sur la philosophie contemporaine<\/p>\n<p>Aleks\u00e9\u00ef KOZYREV<em>\u00a0&#8211;\u00a0<\/em>\u00ab\u00a0La philosophie dans la ville \u00bb ou le d\u00e9fi de la \u00ab\u00a0publicit\u00e9 \u00bb<\/p>\n<h3>\u00a0II. Ouvertures comparatives<\/h3>\n<p>Anatoli KOLESNIKOV<em>\u00a0&#8211;\u00a0<\/em>Le comparatisme dans la philosophie russe<\/p>\n<p>Artiom KROTOV<em>\u00a0&#8211; <\/em>Descartes et la philosophie russe<\/p>\n<p>Evgu\u00e9ni NA\u00cfMAN<em>\u00a0&#8211;\u00a0<\/em>L\u2019<em>Introduction \u00e0 la psychologie ethnique <\/em>de Gustav Chpet dans le contexte des sciences humaines en Europe<\/p>\n<p>Irina DANILOVA &#8211; Connexion myst\u00e9rieuse : Emanuel Swedenborg et Vladimir Soloviov<\/p>\n<p>Tatiana KARACHENTSEVA &#8211; Le vilain nain Stoss et la splendide Antigone : La r\u00e9alisation du projet schillerien de r\u00e9volution esth\u00e9tique et ses paradoxes<\/p>\n<p>Nadejda CHTCHEKINA-ROCHER<em>\u00a0&#8211;\u00a0<\/em>L\u2019orientalisme musical\u00a0: le ph\u00e9nom\u00e8ne intertextuel de l\u2019\u00a0\u00ab\u00a0<em>orientalisme coll\u00e9gial<\/em> europ\u00e9en\u00a0\u00bb<\/p>\n<h3>III. Ouvertures interdisciplinaires et perspectives m\u00e9thodologiques<\/h3>\n<p>Peter STEINER <em>&#8211;\u00a0<\/em>L\u2019art, la loi et la science \u00e0 travers la cl\u00e9 de compr\u00e9hension moderniste : V. Chklovski, C. Schmitt, K. Popper<\/p>\n<p>Alexandre OGOURTSOV <em>&#8211;\u00a0<\/em>Analyse syst\u00e9mique de la science\u00a0: id\u00e9es d\u2019\u00e9quifinalit\u00e9 et de dimension humaine<\/p>\n<p>Guennadi AKSENOV <em>&#8211;\u00a0<\/em>Le paradigme de la vie cosmique de Vladimir Vernadsky. Implications philosophiques d\u2019une r\u00e9volution scientifique report\u00e9e<\/p>\n<p>Nicolas ZAVIALOFF <em>&#8211;\u00a0<\/em>Interpr\u00e9tation plus ou moins normative des choses\u00a0: de Montaigne \u00e0 Gustav Chpet<\/p>\n<h3>IV. Excursus litt\u00e9raire<\/h3>\n<p>\u00c9l\u00e9na TAKHO-GODI <em>&#8211; <\/em>La synth\u00e8se de l\u2019Orient et de l\u2019Occident comme perspective historiosophique dans l\u2019\u0153uvre de Viatcheslav Ivanov<\/p>\n<p>Florence CORRADO-KAZANSKI<em>\u00a0&#8211;\u00a0<\/em>De la lumi\u00e8re comme principe<\/p>\n<p>Anastasia de La FORTELLE <em>&#8211;\u00a0<\/em>\u00c0 la recherche d\u2019un absolu perdu ou sur l\u2019actualit\u00e9 d\u2019un vieux d\u00e9bat th\u00e9or\u00e9tico-m\u00e9thodologique<\/p>\n<h3>Annexes<\/h3>\n<p>Sergu\u00e9\u00ef NIJNIKOV <em>&#8211; <\/em>La notion de philosophie dans l\u2019\u0153uvre de M\u00e9rab Mamardachvili<\/p>\n<p>T\u00e9r\u00e9sa OBOLEVITCH <em>&#8211; <\/em>Tentative d\u2019exposition synth\u00e9tique de la philosophie russe en polonais et en fran\u00e7ais<\/p>\n<p>Mikha\u00efl MAKSIMOV<em>\u00a0&#8211; <\/em>La revue <em>Solov&rsquo;\u00ebvskie issledovanija <\/em>[Les \u00c9tudes solovieviennes] et la r\u00e9ception de l&rsquo;\u0153uvre de Vladimir Soloviev en Europe<\/p>\n<h3>R\u00e9sum\u00e9s des articles<\/h3>\n<h3>Abstracts<\/h3>\n<h3>Notices sur les auteurs<\/h3>\n<h3>Notes de lectures<\/h3>\n<p>Virginie TELLIER &#8211; L\u00e6titia Decourt, <em>Vladimir Odo\u00efevski, <\/em>Les Nuits russes (2018)<\/p>\n<p><span>Nicolas AUDE &#8211; J<\/span>eff Love &amp; Jeffrey Metzger (\u00e9d.),<em> Nietzsche and Dostoevsky: Philosophy, Morality, Tragedy<\/em> (2016)<\/p>\n<p>Fran\u00e7ois-Xavier NERARD &#8211; Anne Coldefy-Faucard, <em>Petit n\u00e9cessaire de la r\u00e9volution et contre-r\u00e9volution<\/em> (2017)<\/p>\n<p>Philippe ROCHARD &#8211; Sylvain Dufraisse, <em>Les h\u00e9ros du sport, Une histoire des champions sovi\u00e9tiques (ann\u00e9es 1930 \u2013 ann\u00e9es 1980)<\/em> (2019)<\/p>\n<p>Roger COMTET &#8211; Jack Feuillet, <em>Linguistique compar\u00e9e des langues slaves<\/em> (2018)<\/p>\n<p>C\u00e9cile GAUTHIER &#8211; Patrick S\u00e9riot (\u00e9d.), <em>Le nom des langues en Europe centrale, orientale et balkanique <\/em>(2019)<\/p>\n<p><span><em>\u00a0<\/em><\/span><\/p>\n","protected":false},"excerpt":{"rendered":"<p><strong>\u00c9diteur scientifique :<\/strong><\/p>\n<p>Maryse Dennes<\/p>\n<p><strong>ISBN :<\/strong> 979-10-93090-07-8<\/p>\n<p>421 pages<\/p>\n","protected":false},"featured_media":454,"template":"","meta":[],"product_brand":[],"product_cat":[],"product_tag":[],"class_list":{"0":"post-451","1":"product","2":"type-product","3":"status-publish","4":"has-post-thumbnail","7":"first","8":"instock","9":"shipping-taxable","10":"purchasable","11":"product-type-simple"},"_links":{"self":[{"href":"https:\/\/blogs.univ-tlse2.fr\/slavica-boutique\/wp-json\/wp\/v2\/product\/451","targetHints":{"allow":["GET"]}}],"collection":[{"href":"https:\/\/blogs.univ-tlse2.fr\/slavica-boutique\/wp-json\/wp\/v2\/product"}],"about":[{"href":"https:\/\/blogs.univ-tlse2.fr\/slavica-boutique\/wp-json\/wp\/v2\/types\/product"}],"wp:featuredmedia":[{"embeddable":true,"href":"https:\/\/blogs.univ-tlse2.fr\/slavica-boutique\/wp-json\/wp\/v2\/media\/454"}],"wp:attachment":[{"href":"https:\/\/blogs.univ-tlse2.fr\/slavica-boutique\/wp-json\/wp\/v2\/media?parent=451"}],"wp:term":[{"taxonomy":"product_brand","embeddable":true,"href":"https:\/\/blogs.univ-tlse2.fr\/slavica-boutique\/wp-json\/wp\/v2\/product_brand?post=451"},{"taxonomy":"product_cat","embeddable":true,"href":"https:\/\/blogs.univ-tlse2.fr\/slavica-boutique\/wp-json\/wp\/v2\/product_cat?post=451"},{"taxonomy":"product_tag","embeddable":true,"href":"https:\/\/blogs.univ-tlse2.fr\/slavica-boutique\/wp-json\/wp\/v2\/product_tag?post=451"}],"curies":[{"name":"wp","href":"https:\/\/api.w.org\/{rel}","templated":true}]}}