 {"id":506,"date":"2020-09-18T18:12:14","date_gmt":"2020-09-18T16:12:14","guid":{"rendered":"https:\/\/blogs.univ-tlse2.fr\/slavica-boutique\/?post_type=product&#038;p=506"},"modified":"2021-10-12T12:51:47","modified_gmt":"2021-10-12T10:51:47","slug":"revue-n50-gogol-avait-huit-ans-1817-dans-lhistoire-de-la-litterature-et-des-arts-russes-un-non-evenement","status":"publish","type":"product","link":"https:\/\/blogs.univ-tlse2.fr\/slavica-boutique\/produit\/revue-n50-gogol-avait-huit-ans-1817-dans-lhistoire-de-la-litterature-et-des-arts-russes-un-non-evenement\/","title":{"rendered":"Revue n\u00b0 50 &#8211; Gogol avait huit ans&#8230; 1817 dans l&rsquo;histoire de la litt\u00e9rature et des arts russes : un non-\u00e9v\u00e9nement ?"},"content":{"rendered":"<h2>Sommaire<\/h2>\n<h3><em>Introduction<\/em><\/h3>\n<p><em>Catherine GERY &#8211; <\/em>1817, ou comment faire advenir l\u2019\u00e9v\u00e9nement litt\u00e9raire au xix<sup>e <\/sup>si\u00e8cle<\/p>\n<h3><em>I. Pour une micro-histoire du <\/em>xix<sup>e<\/sup><em> si\u00e8cle\u00a0: 1817 en revue(s)<\/em><\/h3>\n<p><em>Michel NIQUEUX &#8211;\u00a0<\/em>Le <em>Messager de l\u2019Europe (Vestnik Evropy) <\/em>en 1817<\/p>\n<p><em>\u00a0<\/em><em>Ilya PLATOV &#8211;\u00a0<\/em>Le mythe russe en France et dans la presse fran\u00e7aise en 1817<\/p>\n<h3><em style=\"font-size: 32px\">II. 1817 : une ann\u00e9e entre deux si\u00e8cles<\/em><\/h3>\n<p><em>\u00a0P<\/em><em>ascale MELANI &#8211;\u00a0<\/em>Entre sentimentalisme et romantisme\u00a0: <em>La Chaumi\u00e8re hongroise<\/em> de Didelot (1817), ou l\u2019\u00e9mergence d\u2019un nouvel imaginaire dans le ballet<\/p>\n<p><em>Andrei DOBRITSYN &#8211;\u00a0<\/em>Voltaire en enfer en 1817\u00a0: la fable de Krylov \u00ab\u00a0L\u2019Auteur et le Brigand\u00a0\u00bb (\u00ab\u00a0So\u010dinitel\u2019 i Razbojnik\u00a0\u00bb)<\/p>\n<p><em>Florence\u00a0 CORRADO-KAZANSKI &#8211; <\/em>Les <em>Essais en vers et en prose<\/em> (1817) de Konstantin Batiouchkov\u00a0: la po\u00e9sie au service de la langue et de l\u2019homme<\/p>\n<p><em>\u00a0<\/em><em>Leonid HELLER &#8211;\u00a0<\/em>Autour de 1817\u00a0: Fiodor Glinka et ses contextes<\/p>\n<p><em>Anna LEYLOYAN-YEKMALYAN &#8211; <\/em>Ivan (Yovhannes) A\u00efvazovski (1817-1900) et les neuf vagues qui ont berc\u00e9 la peinture de paysage russe au xix<sup>e<\/sup> si\u00e8cle<\/p>\n<p><em>Catherine SERVANT &#8211;\u00a0<\/em>Une \u00ab\u00a0ann\u00e9e en sept\u00a0\u00bb dans l\u2019histoire tch\u00e8que\u00a0: 1817 et la d\u00e9couverte du <em>Manuscrit de Dvur Kralove<\/em><\/p>\n<h3>III. (r\u00e9)\u00e9crire l\u2019histoire du xix<sup>e<\/sup> si\u00e8cle litt\u00e9raire russe<\/h3>\n<p><em>C<\/em><em>atherine GERY &#8211;\u00a0<\/em>Notre xix<sup>e<\/sup> si\u00e8cle \u2013 un autre xix<sup>e<\/sup> si\u00e8cle\u00a0?<\/p>\n<p><em>Serge ROLET &#8211;\u00a0<\/em>Ce que la philologie sovi\u00e9tique nous dit de l\u2019\u00e9cole naturelle<\/p>\n<p><em>Galina SUBBOTINA &#8211;\u00a0<\/em>Repenser le d\u00e9but du xix<sup>e<\/sup> si\u00e8cle dans la litt\u00e9rature russe\u00a0: le \u00ab\u00a0grand r\u00e9cit\u00a0\u00bb et l\u2019expression de soi<\/p>\n<p><em>Natalia SACRE &#8211; <\/em>Les espaces litt\u00e9raires russes dans le premier tiers du xix<sup>e<\/sup> si\u00e8cle et la science<\/p>\n<h3><em>\u00a0<\/em>R\u00e9sum\u00e9s des articles<\/h3>\n<h3>Abstracts<\/h3>\n<h3>Notices sur les auteurs<\/h3>\n<h3>Notes de lectures<\/h3>\n<p><em>Roger COMTET<\/em> &#8211; Werner Lehfeldt, <em>Bismarck und die russiche Sprache<\/em> (2019),<\/p>\n<p><em>Valentina CHEPIGA<\/em> &#8211; Derek Offord, Vladislav Rj\u00e9outski &amp; Gesine Argent, <em>The French Language in Russia. <\/em><em>A\u00a0Social, Political, Cultural, and Literary History<\/em> (2018)<\/p>\n<p><em>Victoire FEUILLEBOIS<\/em> &#8211; Serge Rolet, <em>Qu\u2019est-ce que la litt\u00e9rature russe\u00a0? Introduction \u00e0 la lecture des classiques (xix<sup>e<\/sup>-xx<sup>e<\/sup> si\u00e8cles)<\/em> (2019)<\/p>\n<p><em>Daria SINICHKINA<\/em> &#8211; Catherine Depretto, John Pier &amp; Philippe Roussin (\u00e9d.), <em>Le Formalisme russe cent ans apr\u00e8s<\/em> (2018)<\/p>\n<p><em>Alexander GOLOVLEV<\/em> &#8211; Inna Naroditskaya, <em>Bewitching<\/em><em>\u00a0Russian Opera: The Tsarina from State to Stage<\/em> (2019)<\/p>\n<p><em>Serge FEDIUNIN<\/em> &#8211; Fran\u00e7oise Thom, <em>Comprendre le poutinisme<\/em> (2018)<\/p>\n<p>&nbsp;<\/p>\n<p>&nbsp;<\/p>\n","protected":false},"excerpt":{"rendered":"<p><strong>\u00c9diteur scientifique :<\/strong><\/p>\n<p>Catherine G\u00e9ry<\/p>\n<p><strong>ISBN :<\/strong> 979-10-93090-08-5<\/p>\n<p>310 pages<\/p>\n","protected":false},"featured_media":520,"template":"","meta":[],"product_brand":[],"product_cat":[],"product_tag":[],"class_list":{"0":"post-506","1":"product","2":"type-product","3":"status-publish","4":"has-post-thumbnail","7":"first","8":"instock","9":"shipping-taxable","10":"purchasable","11":"product-type-simple"},"_links":{"self":[{"href":"https:\/\/blogs.univ-tlse2.fr\/slavica-boutique\/wp-json\/wp\/v2\/product\/506","targetHints":{"allow":["GET"]}}],"collection":[{"href":"https:\/\/blogs.univ-tlse2.fr\/slavica-boutique\/wp-json\/wp\/v2\/product"}],"about":[{"href":"https:\/\/blogs.univ-tlse2.fr\/slavica-boutique\/wp-json\/wp\/v2\/types\/product"}],"wp:featuredmedia":[{"embeddable":true,"href":"https:\/\/blogs.univ-tlse2.fr\/slavica-boutique\/wp-json\/wp\/v2\/media\/520"}],"wp:attachment":[{"href":"https:\/\/blogs.univ-tlse2.fr\/slavica-boutique\/wp-json\/wp\/v2\/media?parent=506"}],"wp:term":[{"taxonomy":"product_brand","embeddable":true,"href":"https:\/\/blogs.univ-tlse2.fr\/slavica-boutique\/wp-json\/wp\/v2\/product_brand?post=506"},{"taxonomy":"product_cat","embeddable":true,"href":"https:\/\/blogs.univ-tlse2.fr\/slavica-boutique\/wp-json\/wp\/v2\/product_cat?post=506"},{"taxonomy":"product_tag","embeddable":true,"href":"https:\/\/blogs.univ-tlse2.fr\/slavica-boutique\/wp-json\/wp\/v2\/product_tag?post=506"}],"curies":[{"name":"wp","href":"https:\/\/api.w.org\/{rel}","templated":true}]}}