 {"id":523,"date":"2020-09-18T18:19:17","date_gmt":"2020-09-18T16:19:17","guid":{"rendered":"https:\/\/blogs.univ-tlse2.fr\/slavica-boutique\/?post_type=product&#038;p=523"},"modified":"2021-08-21T22:00:10","modified_gmt":"2021-08-21T20:00:10","slug":"revue-n51-1917-les-revolutions-russes-le-chantier-dune-nouvelle-culture-copie-copie","status":"publish","type":"product","link":"https:\/\/blogs.univ-tlse2.fr\/slavica-boutique\/produit\/revue-n51-1917-les-revolutions-russes-le-chantier-dune-nouvelle-culture-copie-copie\/","title":{"rendered":"Revue n\u00b0 51 &#8211; 1917 : les r\u00e9volutions russes, le chantier d&rsquo;une nouvelle culture ?"},"content":{"rendered":"<h3>Introduction<\/h3>\n<p><em>Caroline B\u00e9renger &#8211; Introduction<\/em><\/p>\n<h3>I. Les r\u00e9volutions russes de 1917 dans les avant-gardes europ\u00e9ennes<\/h3>\n<p><em>Stanislav Savitski &#8211;\u00a0 <\/em>L\u2019h\u00e9ritage de la r\u00e9volution d\u2019Octobre et la crise de l\u2019avant-garde \u00e0 la fin des ann\u00e9es 1920 et au d\u00e9but des ann\u00e9es 1930<\/p>\n<p><em>Oleg Boudnitski &#8211;\u00a0<\/em>De l\u2019argent pour la nouvelle Russie\u00a0: la question des emprunts \u00e9trangers sous le gouvernement provisoire<\/p>\n<p><em>Eszter Bal\u00e1zs &#8211;\u00a0<\/em>Le regard des \u00e9crivains et des intellectuels hongrois sur les r\u00e9volutions russes de 1917\u00a0: \u00ab\u00a0une \u00ab\u00a0illusion d\u2019optique\u00a0\u00bb\u00a0?<\/p>\n<p><em>Harri Veivo &#8211;\u00a0<\/em>L\u2019URSS dans la g\u00e9opolitique du groupe d\u2019avant-garde finlandais \u00ab Tulenkantajat \u00bb dans les ann\u00e9es 1920<\/p>\n<p><em>Tomi Huttunen &#8211;\u00a0<\/em>La r\u00e9ception de la po\u00e9sie r\u00e9volutionnaire russe en Finlande<\/p>\n<p><em>Xawery Sta\u0144czyk &#8211;\u00a0<\/em>La jeunesse r\u00e9volutionnaire en Pologne. Rh\u00e9torique socialiste et avant-gardiste dans les symboles et les ic\u00f4nes des ann\u00e9es 1980<\/p>\n<h3>II. Vie et \u0153uvre de deux savants dans la tourmente<\/h3>\n<p><em>Boris Czerny &#8211; <\/em>Salomon Reinach et la Russie. La R\u00e9volution\u00a0: rupture et continuit\u00e9<\/p>\n<p><em>Ir\u00e8ne Semenoff-Tian-Chansky-Ba\u00efdine &#8211; <\/em>Les souvenirs du g\u00e9ographe Veniamine Semenov-Tian-Chanski sur les r\u00e9volutions de 1917<\/p>\n<h3>III. Images et motifs r\u00e9volutionnaires dans les arts et la litt\u00e9rature<\/h3>\n<p><em>Catherine G\u00e9ry &#8211; <\/em>Du m\u00e9lodrame de salon \u00e0 la R\u00e9volution\u00a0: Evgu\u00e9ni Bauer en 1917 (\u00e0 propos du film <em>Le R\u00e9volutionnaire<\/em>)<\/p>\n<p><em>Alexia Gassin &#8211; <\/em>Le cin\u00e9ma de Weimar et le motif russe (1917-1933)<\/p>\n<p><em>Alexandre Frenkel &#8211; <\/em>Mikha\u00efl Apelbaum et la naissance de la \u00ab\u00a0chanson populaire juive\u00a0\u00bb<\/p>\n<p><em>Myriam Truel- <\/em>Victor Hugo dans la Russie des ann\u00e9es 1920\u00a0: un tournant dans la r\u00e9ception de l\u2019auteur\u00a0?<\/p>\n<p><em>Edward Waysband &#8211; <\/em>La proph\u00e9tie du temps : la Bible dans la po\u00e9sie de la R\u00e9volution<\/p>\n<p><em>Caroline B\u00e9renger &#8211; <\/em>L\u2019exp\u00e9rience po\u00e9tique r\u00e9volutionnaire. Visions rimbaldiennes dans \u00ab\u00a0Les Douze\u00a0\u00bb d\u2019Alexandre Blok<\/p>\n<h3>R\u00e9sum\u00e9s des articles<\/h3>\n<h3>Abstracts<\/h3>\n<h3>Notices sur les auteurs<\/h3>\n<h3>Remerciements<\/h3>\n<h3>Notes de lectures<\/h3>\n<p><em>Dominique Samson Normand de Chambourg<\/em> &#8211; \u00c9ric Hoesli, <em>L\u2019\u00e9pop\u00e9e sib\u00e9rienne. La Russie \u00e0 la conqu\u00eate de la Sib\u00e9rie et du Grand Nord<\/em> (2006)<\/p>\n<p><em>Thomas Chopard<\/em> &#8211; Nicolas Werth, <em>Le cimeti\u00e8re de l\u2019esp\u00e9rance. Essais sur l\u2019histoire de l\u2019Union sovi\u00e9tique, 1914-1991<\/em> (2019), &amp;\u00a0Nicolas Werth, <em>Les grandes famines sovi\u00e9tiques<\/em> (2020)<\/p>\n<p><em>Lina Tsrimova<\/em> &#8211; <span class=\"Aucune\"><span style=\"font-size: 12.0pt;line-height: 150%;font-family: 'Times New Roman','serif'\">\u00a0<\/span><\/span><span>Lebedynsky<\/span><span>, <em>La Conqu\u00eate russe du Caucase\u00a0: 1774-1864<\/em> (2018)<\/span><\/p>\n<p><em>Chlo\u00e9 Chaudet<\/em> &#8211; Eliot Borenstein, <em>Plots against Russia. Conspiracy and Fantasy after Socialism<\/em> (2019)<\/p>\n<p><em>Victoire Feuillebois<\/em> <em>&#8211; Sophie Benech<\/em>,<em> Une <\/em>\u00c9l\u00e9gie du Nord<em> d\u2019Anna Akhmatova<\/em> (2018)<\/p>\n<p>&nbsp;<\/p>\n<p><em>\u00a0<\/em><\/p>\n<p><span><em>\u00a0<\/em><\/span><\/p>\n","protected":false},"excerpt":{"rendered":"<p><strong>\u00c9diteur scientifique :<\/strong><\/p>\n<p>Caroline B\u00e9renger<\/p>\n<p><strong>ISBN :<\/strong> 979-10-93090-09-2<\/p>\n<p>364 pages<\/p>\n","protected":false},"featured_media":521,"template":"","meta":[],"product_brand":[],"product_cat":[],"product_tag":[],"class_list":{"0":"post-523","1":"product","2":"type-product","3":"status-publish","4":"has-post-thumbnail","7":"first","8":"instock","9":"shipping-taxable","10":"purchasable","11":"product-type-simple"},"_links":{"self":[{"href":"https:\/\/blogs.univ-tlse2.fr\/slavica-boutique\/wp-json\/wp\/v2\/product\/523","targetHints":{"allow":["GET"]}}],"collection":[{"href":"https:\/\/blogs.univ-tlse2.fr\/slavica-boutique\/wp-json\/wp\/v2\/product"}],"about":[{"href":"https:\/\/blogs.univ-tlse2.fr\/slavica-boutique\/wp-json\/wp\/v2\/types\/product"}],"wp:featuredmedia":[{"embeddable":true,"href":"https:\/\/blogs.univ-tlse2.fr\/slavica-boutique\/wp-json\/wp\/v2\/media\/521"}],"wp:attachment":[{"href":"https:\/\/blogs.univ-tlse2.fr\/slavica-boutique\/wp-json\/wp\/v2\/media?parent=523"}],"wp:term":[{"taxonomy":"product_brand","embeddable":true,"href":"https:\/\/blogs.univ-tlse2.fr\/slavica-boutique\/wp-json\/wp\/v2\/product_brand?post=523"},{"taxonomy":"product_cat","embeddable":true,"href":"https:\/\/blogs.univ-tlse2.fr\/slavica-boutique\/wp-json\/wp\/v2\/product_cat?post=523"},{"taxonomy":"product_tag","embeddable":true,"href":"https:\/\/blogs.univ-tlse2.fr\/slavica-boutique\/wp-json\/wp\/v2\/product_tag?post=523"}],"curies":[{"name":"wp","href":"https:\/\/api.w.org\/{rel}","templated":true}]}}