 {"id":544,"date":"2021-08-31T08:44:08","date_gmt":"2021-08-31T06:44:08","guid":{"rendered":"https:\/\/blogs.univ-tlse2.fr\/slavica-boutique\/?post_type=product&#038;p=544"},"modified":"2021-08-31T08:44:08","modified_gmt":"2021-08-31T06:44:08","slug":"revue-n-52-generations-de-la-rupture-dans-les-balkans-et-en-turquie-au-xxe-siecle","status":"publish","type":"product","link":"https:\/\/blogs.univ-tlse2.fr\/slavica-boutique\/produit\/revue-n-52-generations-de-la-rupture-dans-les-balkans-et-en-turquie-au-xxe-siecle\/","title":{"rendered":"Revue n\u00b0 52 &#8211; G\u00e9n\u00e9rations de la rupture dans les Balkans et en Turquie au XXe si\u00e8cle"},"content":{"rendered":"<h3>Introduction<\/h3>\n<p><em>Marie Vrinat-Nikolov &#8211;<\/em>\u00a0La \u00ab\u00a0g\u00e9n\u00e9ration\u00a0\u00bb\u00a0face aux ruptures : habitus, lieu de m\u00e9moire, espace de mobilisation et de transmission<\/p>\n<h3>I. \u00ab G\u00e9n\u00e9rations \u00bb et conflits \u00ab jeunes \u00bb contre \u00ab vieux \u00bb en litt\u00e9rature : habitus et ethos<\/h3>\n<p><em>Plamen Do\u00efnov &#8211;<\/em>\u00a0Mod\u00e8les bulgares de la g\u00e9n\u00e9ration dans la litt\u00e9rature<\/p>\n<p><em>Marie Vrinat-Nikolov &#8211;<\/em>\u00a0Le cercle <em>\u041c\u0438\u0441\u044a\u043b<\/em> [Pens\u00e9e] et l\u2019\u00e9mergence d\u2019un champ litt\u00e9raire bulgare<\/p>\n<p><em>Biliana Kourtasheva &#8211;<\/em>\u00a0G\u00e9n\u00e9rations et canon dans la litt\u00e9rature bulgare des ann\u00e9es 1920<\/p>\n<p><em>Laurent Mignon &#8211;<\/em>\u00a0Les ap\u00f4tres turcs de Pan et Apollon<\/p>\n<p><em>C\u00e9cile Folschweiller &#8211;<\/em>\u00a0La \u00ab\u00a0g\u00e9n\u00e9ration 27\u00a0\u00bb\u00a0: lieu de m\u00e9moire des intellectuels roumains<\/p>\n<p><em>Alexandre Prstojevic &#8211; <\/em>Un malentendu po\u00e9tique. Notes sur le premier postmodernisme serbe<\/p>\n<h3>II. La \u00ab\u00a0g\u00e9n\u00e9ration\u00a0\u00bb\u00a0: espace de sociabilit\u00e9, de transmission et de mobilisation apr\u00e8s une crise<\/h3>\n<p><em>Falma Fshazi &#8211;<\/em>\u00a0Les r\u00e9f\u00e9rences europ\u00e9ennes d\u2019une jeune g\u00e9n\u00e9ration. Le cas des N\u00e9o-Albanais<\/p>\n<p><em>Zeynep Bursa-Millet &#8211; <\/em>Le Foyer des intellectuels, des \u0152dipes du k\u00e9malisme\u00a0?<\/p>\n<p><em>Anne Madelain &#8211; <\/em>Naissance d\u2019une g\u00e9n\u00e9ration d\u2019\u00e9diteurs\u00a0post-yougoslaves<\/p>\n<h3>III. La \u00ab\u00a0g\u00e9n\u00e9ration\u00a0\u00bb en question\u00a0: outil de (d\u00e9\/re)construction des croisements et des liens\u00a0?<\/h3>\n<p><em>Bernard Lory &#8211; <\/em>G\u00e9n\u00e9rations en miroir\u00a0: Bulgarie 1876 &#8211; Mac\u00e9doine 1903.<\/p>\n<p><em>Andreas Guidi &#8211;<\/em>\u00a0D\u00e9marcation g\u00e9n\u00e9rationnelle et divergence m\u00e9morielle\u00a0: sur l\u2019\u00e9migration des juifs et des Grecs de Rhodes vers les \u00c9tats-Unis au long du xx<sup>e<\/sup> si\u00e8cle<\/p>\n<p><em>Alexand<\/em><em>\u0435<\/em><em>r Vezenkov &#8211;<\/em>\u00a0La troisi\u00e8me g\u00e9n\u00e9ration\u00a0: conceptions politiques et ambitions personnelles de la jeunesse nationaliste dans la Bulgarie des ann\u00e9es 1930<\/p>\n<p><em>Lucie Drechselova &#8211;<\/em>\u00a0Politisation au f\u00e9minin et trajectoires diff\u00e9renci\u00e9es de la g\u00e9n\u00e9ration du coup d\u2019\u00c9tat en Turquie<\/p>\n<p><strong>\u00a0<\/strong><\/p>\n<h3>R\u00e9sum\u00e9s des articles<\/h3>\n<h3>Abstracts<\/h3>\n<h3>Notices sur les auteurs<\/h3>\n<h3>Notes de lecture<\/h3>\n<p><em>Julie Deschepper<\/em> &#8211; Tijana Vujo\u0161evic\u0301, <em>Modernism and the Making of the Soviet New Man<\/em> (2017)<br \/>\n<em>Evelyne Enderlein<\/em> &#8211; Michel Niqueux, <em>Julia Danzas. De la cour imp\u00e9riale au bagne rouge<\/em> (2020)<br \/>\n<em>Boris Czerny <\/em>&#8211; Alexandra Popoff, <em>Vassily Grossman and the Soviet Century<\/em> (2019)<br \/>\n<em>Boris Czerny <\/em>&#8211; Anna Bonola &amp; Giovanni Maddalena (\u00e9d.),<em> Vasily Grossman. A Writer\u2019s Freedom<\/em> (2018)<br \/>\nIoulia Podoroga &#8211; Michel Aucouturier<em>, Essais sur Boris Pasternak<\/em> (2019)<br \/>\n<em>Victoire Feuillebois<\/em> &#8211; Rebecca Reich,<em> State of Madness. Psychiatry, Literature, and Dissent After Stalin<\/em> (2018)<strong><br \/>\n<\/strong><\/p>\n","protected":false},"excerpt":{"rendered":"<p><strong>Editeur scientifique<\/strong> <strong>:<\/strong> Marie Vrinat-Nikolov<\/p>\n<p><strong>ISBN : <\/strong>979-10-93090-10-8<\/p>\n<p>422 p.<\/p>\n","protected":false},"featured_media":545,"template":"","meta":[],"product_brand":[],"product_cat":[],"product_tag":[],"class_list":{"0":"post-544","1":"product","2":"type-product","3":"status-publish","4":"has-post-thumbnail","7":"first","8":"instock","9":"shipping-taxable","10":"purchasable","11":"product-type-simple"},"_links":{"self":[{"href":"https:\/\/blogs.univ-tlse2.fr\/slavica-boutique\/wp-json\/wp\/v2\/product\/544","targetHints":{"allow":["GET"]}}],"collection":[{"href":"https:\/\/blogs.univ-tlse2.fr\/slavica-boutique\/wp-json\/wp\/v2\/product"}],"about":[{"href":"https:\/\/blogs.univ-tlse2.fr\/slavica-boutique\/wp-json\/wp\/v2\/types\/product"}],"wp:featuredmedia":[{"embeddable":true,"href":"https:\/\/blogs.univ-tlse2.fr\/slavica-boutique\/wp-json\/wp\/v2\/media\/545"}],"wp:attachment":[{"href":"https:\/\/blogs.univ-tlse2.fr\/slavica-boutique\/wp-json\/wp\/v2\/media?parent=544"}],"wp:term":[{"taxonomy":"product_brand","embeddable":true,"href":"https:\/\/blogs.univ-tlse2.fr\/slavica-boutique\/wp-json\/wp\/v2\/product_brand?post=544"},{"taxonomy":"product_cat","embeddable":true,"href":"https:\/\/blogs.univ-tlse2.fr\/slavica-boutique\/wp-json\/wp\/v2\/product_cat?post=544"},{"taxonomy":"product_tag","embeddable":true,"href":"https:\/\/blogs.univ-tlse2.fr\/slavica-boutique\/wp-json\/wp\/v2\/product_tag?post=544"}],"curies":[{"name":"wp","href":"https:\/\/api.w.org\/{rel}","templated":true}]}}