 {"id":558,"date":"2021-10-12T12:53:08","date_gmt":"2021-10-12T10:53:08","guid":{"rendered":"https:\/\/blogs.univ-tlse2.fr\/slavica-boutique\/?post_type=product&#038;p=558"},"modified":"2021-10-22T15:53:39","modified_gmt":"2021-10-22T13:53:39","slug":"revue-n-53-les-primitivismes-russes","status":"publish","type":"product","link":"https:\/\/blogs.univ-tlse2.fr\/slavica-boutique\/produit\/revue-n-53-les-primitivismes-russes\/","title":{"rendered":"Revue N\u00b0 53 &#8211; Les primitivismes russes"},"content":{"rendered":"<p><em>Claire Gheerardyn et Delphine Rumeau &#8211; <\/em>Introduction<\/p>\n<p><em>Claire Gheerardyn &#8211; <\/em>Le <em>primitif<\/em> comme cat\u00e9gorie existentielle. Autobiographies et biographies de quelques peintres primitivistes russes<\/p>\n<p><em>Anastasia Kozyreva &#8211; <\/em>L\u2019inspiration \u00ab\u00a0primitive\u00a0\u00bb dans l\u2019\u0153uvre de Mikha\u00efl Vroubel<\/p>\n<p><em>Christophe Imbert &#8211; <\/em>Les primitifs de Nikola\u00ef Goumiliev. Autour d\u2019un diptyque<\/p>\n<p><em>Tatiana Victoroff &#8211; <\/em>Visages de Russie. Boris Grigoriev et Ivan Bounine<\/p>\n<p><em>\u00c9milien Sermier &#8211; <\/em>Le Sacre du primitif. Musiques russes et imaginaires litt\u00e9raires : Cendrars, Cocteau, Ramuz, Rivi\u00e8re<\/p>\n<p><em>Jehanne Denogent &#8211; <\/em>Portrait de famille. Les Poup\u00e9es de Marie Vassilieff et le Primitivisme<\/p>\n<p><em>Virginie Tellier &#8211; <\/em>Les formes du primitif dans <em>Une chronique de famille<\/em> de Sergue\u00ef Aksakov (1856)<\/p>\n<p><em>Delphine Rumeau &#8211; Primitif<\/em> am\u00e9ricain et primitivisme russe. Deux cas de r\u00e9ception (Longfellow, Whitman)<\/p>\n<p><em>Liliya Dyachenko-Escalle &#8211; <\/em>Langage primitif et identit\u00e9 nationale dans <em>La Colombe d\u2019argent<\/em> d\u2019Andre\u00ef Bi\u00e9ly : \u00c9tude de sources et mod\u00e8les fran\u00e7ais et allemands<\/p>\n<p><em>Daria Sinichkina &#8211; <\/em>Le ph\u00e9nom\u00e8ne des \u00ab po\u00e8tes-p\u00e9pites \u00bb dans les ann\u00e9es 1900-1910 : Nikola\u00ef Kliouev et la construction d\u2019une identit\u00e9 primitive<\/p>\n<p><em>Michael Kunichika &#8211; <\/em>\u00ab\u00a0Et tu glorifies la tendre berg\u00e8re\u00a0\u00bb. Velimir Khlebnikov, ou l\u2019invention d\u2019un primitivisme pastoral<\/p>\n<p><em>Pierre-Yves Boissau &#8211; <\/em>Le primitif et la R\u00e9volution russe : <em>Nous <\/em>de Zamiatine ou le d\u00e9sir primaire contre l\u2019utopie sociale<\/p>\n<h3>R\u00e9sum\u00e9s des articles<\/h3>\n<h3>Abstracts<\/h3>\n<h3>Notices sur les auteurs<\/h3>\n<h3>Notes de lecture<\/h3>\n<p><em><span>Michel Niqueux<\/span><\/em> \u2013 Fran\u00e7oise Lesourd &amp; Laurent Thirouin (\u00e9d.), <em>Lectures russes de Pascal. Hier et aujourd\u2019hui<\/em>, (2020),<br \/>\n<em>Victoire Feuillebois<\/em> \u2013 Laure Troubetzkoy (\u00e9d.), <em>Le Monde des objets dans l\u2019\u0153uvre de Tolsto\u00ef<\/em>, <em>Cahiers L\u00e9on Tolsto\u00ef <\/em>n\u00b0\u00a027 (2019),<br \/>\n<em>Delphine Rumeau<\/em> \u2013 Rebecca Beasley, <em>Russomania. Russian Culture and the Creation of British Modernism, 1881-1922<\/em> (2020),<br \/>\n<em>Olga Blinova<\/em> \u00ad\u2013 F\u00ebdor Sologub, <em>Polnoe sobranie stixotvorenij i po\u00e8m v tr\u00ebx tomax<\/em> [\u0152uvres en vers en trois tomes], t.\u00a0III\u00a0: <em>Stixotvorenija i po\u00e8my 1914\u20131927<\/em> [\u0152uvres en vers 1914-1927] (2020),<br \/>\n<em>Olga Blinova<\/em> \u00ad\u2013 Andrej Belyj, <em>\u017dezl Aarona. <\/em><em>Raboty po teorii slova 1916\u20131927 gg.<\/em> [Le b\u00e2ton d\u2019Aaron. Travaux sur la th\u00e9orie de la parole 1916-1927], \u00e9d. par E.\u00a0V.\u00a0Gluxova et D.\u00a0O.\u00a0Tor\u0161ilov, r\u00e9d. O.\u00a0A.\u00a0Korostel\u00ebv (2018),<br \/>\n<em>Sergei Fediunin<\/em> \u2013 Roman Krakovsky, <em>Le populisme en Europe centrale et orientale. Un avertissement pour le monde\u00a0?<\/em> ( 2019)<\/p>\n","protected":false},"excerpt":{"rendered":"<div data-marker=\"__QUOTED_TEXT__\"><b><span>Editeurs scientifiques :<\/span><\/b> Claire Gheerardyn &amp; Delphine Rumeau<\/div>\n<div data-marker=\"__QUOTED_TEXT__\"><strong>ISBN :<\/strong> 979-10-93090-11-5<\/div>\n<div data-marker=\"__QUOTED_TEXT__\">436 p.<\/div>\n","protected":false},"featured_media":550,"template":"","meta":[],"product_brand":[],"product_cat":[],"product_tag":[],"class_list":{"0":"post-558","1":"product","2":"type-product","3":"status-publish","4":"has-post-thumbnail","7":"first","8":"instock","9":"shipping-taxable","10":"purchasable","11":"product-type-simple"},"_links":{"self":[{"href":"https:\/\/blogs.univ-tlse2.fr\/slavica-boutique\/wp-json\/wp\/v2\/product\/558","targetHints":{"allow":["GET"]}}],"collection":[{"href":"https:\/\/blogs.univ-tlse2.fr\/slavica-boutique\/wp-json\/wp\/v2\/product"}],"about":[{"href":"https:\/\/blogs.univ-tlse2.fr\/slavica-boutique\/wp-json\/wp\/v2\/types\/product"}],"wp:featuredmedia":[{"embeddable":true,"href":"https:\/\/blogs.univ-tlse2.fr\/slavica-boutique\/wp-json\/wp\/v2\/media\/550"}],"wp:attachment":[{"href":"https:\/\/blogs.univ-tlse2.fr\/slavica-boutique\/wp-json\/wp\/v2\/media?parent=558"}],"wp:term":[{"taxonomy":"product_brand","embeddable":true,"href":"https:\/\/blogs.univ-tlse2.fr\/slavica-boutique\/wp-json\/wp\/v2\/product_brand?post=558"},{"taxonomy":"product_cat","embeddable":true,"href":"https:\/\/blogs.univ-tlse2.fr\/slavica-boutique\/wp-json\/wp\/v2\/product_cat?post=558"},{"taxonomy":"product_tag","embeddable":true,"href":"https:\/\/blogs.univ-tlse2.fr\/slavica-boutique\/wp-json\/wp\/v2\/product_tag?post=558"}],"curies":[{"name":"wp","href":"https:\/\/api.w.org\/{rel}","templated":true}]}}