 {"id":666,"date":"2024-04-22T15:06:06","date_gmt":"2024-04-22T13:06:06","guid":{"rendered":"https:\/\/blogs.univ-tlse2.fr\/slavica-boutique\/?post_type=product&#038;p=666"},"modified":"2024-04-22T15:06:06","modified_gmt":"2024-04-22T13:06:06","slug":"revue-n-58-jardins-dhiver-paysages-culturels-du-nord-et-de-larctique-siberiens","status":"publish","type":"product","link":"https:\/\/blogs.univ-tlse2.fr\/slavica-boutique\/produit\/revue-n-58-jardins-dhiver-paysages-culturels-du-nord-et-de-larctique-siberiens\/","title":{"rendered":"Revue n\u00b0 58 &#8211; Jardins d\u2019hiver. Paysages culturels du Nord et de l\u2019Arctique sib\u00e9riens"},"content":{"rendered":"<h3>AVANT-PROPOS<\/h3>\n<p><em>Roger Comtet &amp; Dany Savelli<\/em>\t\t<\/p>\n<h3>INTRODUCTION : LE (GRAND) NORD : DU CABINET DE CURIOSIT\u00c9 \u00c0 LA RU\u00c9E VERS L\u2019OR NOIR<\/h3>\n<p><em>Dominique Samson Normand de Chambourg &amp; Sophie Hohmann<\/em><\/p>\n<h3>I. LE NORD COMME CHAMP DU SAVOIR<\/h3>\n<p><em>Alain Guyot<\/em> &#8211; La nuit, le froid, le brouillard : ce que l\u2019Occident sait du Grand Nord sib\u00e9rien \u00e0 la fin du XVIIIe si\u00e8cle<br \/>\n<em>Angelina Kalachnikova <\/em> &#8211; Conqu\u00eate, appropriation ou colonisation de la Sib\u00e9rie ? De l\u2019historiographie de l\u2019expansion de la Moscovie vers l\u2019Est\t\t<\/p>\n<h3>II. L\u2019ARCTIQUE COMME CHAMP D\u2019INTERACTIONS URBAINES<\/h3>\n<p><em>Nadejda Zamiatina <\/em> &#8211; Les paradoxes de l\u2019Arctique russe et de son peuplement : entre d\u00e9clin et r\u00e9silience<br \/>\n<em>Vera Kouklina &amp; Roman Fiodorov<\/em> &#8211; Les espaces publics dans la ville arctique entre dynamisme et contraintes : l\u2019exemple de la ville de Nadym en Sib\u00e9rie occidentale<br \/>\n<em>Sophie Hohmann<\/em> &#8211; Le Grand Nord russe : une nouvelle \u00ab banlieue de l\u2019islam \u00bb ? Citadinit\u00e9 arctique des communaut\u00e9s musulmanes\t\t<\/p>\n<p>\u2003<\/p>\n<h3>III. LE SEPTENTRION COMME CHAMP DE BATAILLE<\/h3>\n<p><em>Sophie Gleizes<\/em> &#8211; \u00ab Il faut officialiser la loi de la toundra \u00bb. Strat\u00e9gies cosmopolitiques et \u00e9thiques du territoire chez les N\u00e9n\u00e8tses des for\u00eats du Pour<br \/>\n<em>Konstantin Klolov<\/em> &#8211; Le paysage culturel des \u00e9leveurs de rennes du sud-est de la Tchoukotka<br \/>\n<em>Am\u00e9lie Barbier <\/em> &#8211; Les mots dont les r\u00eaves sont faits. Usages des langues koriak et russe dans les r\u00e9cits d\u2019exp\u00e9riences oniriques \u00e0 Tymlat (Kamtchatka, Extr\u00eame-Orient)<br \/>\n<em>Natalia Novikova <\/em> &#8211; \u00ab L\u2019\u00eele-poisson \u00bb et ses habitants : ressources, institutions sociales et identit\u00e9s de Sakhaline<br \/>\nLaura Siragusa &amp; Dmitri Arzioutov <\/em> &#8211; Rien ne se perd : du d\u00e9veloppement durable dans les pratiques des communaut\u00e9s du Nord russe et sib\u00e9rien<br \/>\n<em>Mikhail Bachkirov <\/em> &#8211; Le \u201cchamane-guerrier\u201d Alexandre Gabychev : une identit\u00e9 \u00e0 la crois\u00e9e de deux cultures\t\t<\/p>\n<h3>ANNEXES : LE (GRAND) NORD COMME CHAMP DE L\u2019INTIME<\/h3>\n<p><em>Charles Weinstein <\/em> &#8211; Quelques mots sur le pays tchouktche, suivi de Mon journal tchouktche<br \/>\n<em>Valentina Fanova <\/em> &#8211; Lettres du Nord sib\u00e9rien<br \/>\n<em>Anastasia Lapsui <\/em> &#8211; S\u00e9ance chamanique\t<\/p>\n<h3>R\u00c9SUM\u00c9S DES ARTICLES<\/h3>\n<h3>ABSTRACTS<\/h3>\n<h3>NOTICES SUR LES AUTEURS<\/h3>\n<h3>REMERCIEMENTS<\/h3>\n<h3>NOTES DE LECTURE<\/h3>\n<p><em>Florent Mouchard <\/em> &#8211; Daniel B. Rowland, <em>God, Tsar and People: The Political Culture of Early Modern Russia<\/em> (2020)<\/p>\n<p><em>Olga Medvekova <\/em> &#8211; Samuel D\u00e9gardin &amp; Tatiana Trankvillitska\u00efa, <em>Frans Masereel, Voyage au pays des Soviets<\/em> (2022)<\/p>\n<p><em>Riva Evstifeeva\t <\/em> &#8211; H\u00e9l\u00e8ne Camarade, Xavier Galmiche &amp; Luba Jurgenson (\u00e9d.), <em>Samizdat : Publications clandestines et auto\u00e9dition en Europe centrale et orientale, ann\u00e9es 1950-1990<\/em> (2023)<\/p>\n<p><em>Fran\u00e7oise Lesourd\t<\/em> &#8211;\tFran\u00e7oise Thom, <em> Poutine ou l\u2019obsession de la puissance<\/em> (2022)<\/p>\n<p><em>Floriane Toussaint <\/em> &#8211; Marie-Christine Autant-Mathieu, <em>Le Syst\u00e8me de Stanislavski. Gen\u00e8se, histoire et interpr\u00e9tation d\u2019une pratique du jeu de l\u2019acteur<\/em> (2022)<\/p>\n<p><em>Antoine Nicole <\/em> &#8211; Yauheni Kryzhanouski, <em>Contester par la musique sous r\u00e9gime autoritaire : la politisation du rock au B\u00e9larus<\/em> (2022)<\/p>\n","protected":false},"excerpt":{"rendered":"<div data-marker=\"__QUOTED_TEXT__\"><b><span>Editeurs scientifiques : <\/span><\/b><em>Sophie Hohmann &amp;\u00a0Dominique Samson Normand de Chambourg <\/em><\/div>\n<div data-marker=\"__QUOTED_TEXT__\"><strong>ISBN : <\/strong>979-10-93090-16-0<\/div>\n<div data-marker=\"__QUOTED_TEXT__\">477 p.<\/div>\n","protected":false},"featured_media":667,"template":"","meta":[],"product_brand":[],"product_cat":[],"product_tag":[],"class_list":{"0":"post-666","1":"product","2":"type-product","3":"status-publish","4":"has-post-thumbnail","7":"first","8":"instock","9":"shipping-taxable","10":"purchasable","11":"product-type-simple"},"_links":{"self":[{"href":"https:\/\/blogs.univ-tlse2.fr\/slavica-boutique\/wp-json\/wp\/v2\/product\/666","targetHints":{"allow":["GET"]}}],"collection":[{"href":"https:\/\/blogs.univ-tlse2.fr\/slavica-boutique\/wp-json\/wp\/v2\/product"}],"about":[{"href":"https:\/\/blogs.univ-tlse2.fr\/slavica-boutique\/wp-json\/wp\/v2\/types\/product"}],"wp:featuredmedia":[{"embeddable":true,"href":"https:\/\/blogs.univ-tlse2.fr\/slavica-boutique\/wp-json\/wp\/v2\/media\/667"}],"wp:attachment":[{"href":"https:\/\/blogs.univ-tlse2.fr\/slavica-boutique\/wp-json\/wp\/v2\/media?parent=666"}],"wp:term":[{"taxonomy":"product_brand","embeddable":true,"href":"https:\/\/blogs.univ-tlse2.fr\/slavica-boutique\/wp-json\/wp\/v2\/product_brand?post=666"},{"taxonomy":"product_cat","embeddable":true,"href":"https:\/\/blogs.univ-tlse2.fr\/slavica-boutique\/wp-json\/wp\/v2\/product_cat?post=666"},{"taxonomy":"product_tag","embeddable":true,"href":"https:\/\/blogs.univ-tlse2.fr\/slavica-boutique\/wp-json\/wp\/v2\/product_tag?post=666"}],"curies":[{"name":"wp","href":"https:\/\/api.w.org\/{rel}","templated":true}]}}