 {"id":685,"date":"2025-03-06T14:56:02","date_gmt":"2025-03-06T13:56:02","guid":{"rendered":"https:\/\/blogs.univ-tlse2.fr\/slavica-boutique\/?post_type=product&#038;p=685"},"modified":"2025-03-06T14:56:02","modified_gmt":"2025-03-06T13:56:02","slug":"revue-n-60-le-nihilisme-russe-perspectives-croisees-litterature-art-histoire-des-idees","status":"publish","type":"product","link":"https:\/\/blogs.univ-tlse2.fr\/slavica-boutique\/produit\/revue-n-60-le-nihilisme-russe-perspectives-croisees-litterature-art-histoire-des-idees\/","title":{"rendered":"Revue n\u00b0 60 &#8211; Le nihilisme russe.   Perspectives crois\u00e9es:  litt\u00e9rature, art, histoire des id\u00e9es"},"content":{"rendered":"<h3>INTRODUCTION<\/h3>\n<p><em>Ioulia Podoroga <\/em><\/p>\n<h3>I. I. LE NIHILISME DANS LA SOCI\u00c9T\u00c9 RUSSE : GRANDES TRAVERS\u00c9ES<br \/>\nHISTORIQUES<\/h3>\n<p><em>Fran\u00e7oise Lesourd <\/em>&#8211; Le nihilisme russe comme attitude existentielle et ses sources multiples<br \/>\n<em>Marie Denieuil-Hovanessian  <\/em>&#8211; L\u2019existentialisme de Berdiaev face au nihilisme russe<br \/>\n<em> Alexandre Dmitriev <\/em>&#8211; Les nihilistes un si\u00e8cle apr\u00e8s : d\u00e9bats anciens, revisit\u00e9s dans le contexte des derni\u00e8res ann\u00e9es sovi\u00e9tiques<br \/>\n<em>Michel Tissier <\/em> &#8211; Nihiliste, toi-m\u00eame ! Le \u00ab nihilisme juridique \u00bb dans l\u2019histoire des discours sur le droit en Russie<\/p>\n<h3>II. FIGURES LITT\u00c9RAIRES DU NIHILISME : ALLEMAGNE, FRANCE,<br \/>\nRUSSIE <\/h3>\n<p><em>Piotr Zaborov <\/em>&#8211; Le voltairianisme russe<br \/>\n<em> Michel Niqueux <\/em>&#8211; Le \u00ab mariage fictif \u00bb chez les nihilistes : de la r\u00e9alit\u00e9 russe \u00e0 la fiction fran\u00e7aise<br \/>\n<em> Dimitri Tokarev <\/em> &#8211; \u00ab Il fouine parmi les nouvelles g\u00e9n\u00e9rations, les ath\u00e9es&#8230; \u00bb : le nihilisme (a)religieux dans <em>L\u2019Ath\u00e9isme<\/em> de Koj\u00e8ve et <em>L\u2019Ath\u00e9isme<\/em> de Dosto\u00efevski<br \/>\n<em>Yannick Souladi\u00e9 <\/em> &#8211; Regards crois\u00e9s de Dosto\u00efevski et Nietzsche sur l\u2019ath\u00e9isme europ\u00e9en et le nihilisme russe : le cas Kirillov<\/p>\n<h3>III. LES MANIFESTATIONS ESTH\u00c9TIQUES DU NIHILISME POLITIQUE<\/h3>\n<p><em>Emanuel Landolt<\/em> &#8211; Tchernychevski, moderne malgr\u00e9 lui<br \/>\n<em>Juliette Milbach<\/em> &#8211; (R\u00e9)-Inventer l\u2019artiste nihiliste pour mieux lutter contre lui : r\u00e9cit d\u2019une proposition manqu\u00e9e (1929-1930)<br \/>\n<em>Sylvia Chassaing<\/em> &#8211; Actionnisme moscovite et nihilisme : quelques r\u00e9flexions sur une comparaison<\/p>\n<h3>R\u00c9SUM\u00c9S DES ARTICLES<\/h3>\n<h3>ABSTRACTS<\/h3>\n<h3>NOTICES SUR LES AUTEURS<\/h3>\n<h3>NOTES DE LECTURE<\/h3>\n<p><em>Mathilde Matras<\/em> &#8211; Valerie Kivelson, Sergei Kozlov &amp; Joan Neuberger (\u00e9d.), <em>Picturing Russian Empire <\/em> (2023)<br \/>\n<em>  Dzianis Kandakou<\/em> &#8211; Rodolphe Baudin, Alexe\u00ef Evstratov, Paul Keenan &amp; Vladislav Rj\u00e9outski (\u00e9d.), <em>Russia, Europe and the World in the Long Eighteenth Century<\/em> (2023)<br \/>\n<em>Marie-Gabrielle Bertran <\/em> &#8211; Fran\u00e7oise Dauc\u00e9, Benjamin Loveluck &amp; Francesca Musiani (\u00e9d.), <em>Gen\u00e8se d\u2019un autoritarisme num\u00e9rique : r\u00e9pression et r\u00e9sistance sur Internet en Russie, 2012-2022<\/em> (2023)<br \/>\n<em> M\u00e9lanie Sadoza\u00ef <\/em> &#8211; Olivier Ferrando, <em> La Question minoritaire en Asie centrale. Construction nationale, mobilisations ethniques et strat\u00e9gies identitaires dans la vall\u00e9e du Ferghana (1989-2010) <\/em> (2023)<br \/>\n<em>Jules Sergei Fediunin <\/em>&#8211; Jean-Robert Raviot, <em> Le Logiciel imp\u00e9rial russe<\/em> (2024)<\/p>\n","protected":false},"excerpt":{"rendered":"<div data-marker=\"__QUOTED_TEXT__\"><b><span>Editeurs scientifiques : <\/span><\/b><em>Ioulia Podoroga &amp;\u00a0Tatiana Drobot <\/em><\/div>\n<div data-marker=\"__QUOTED_TEXT__\"><strong>ISBN : <\/strong>979-10-93090-18-4<\/div>\n<div data-marker=\"__QUOTED_TEXT__\">346 p.<\/div>\n","protected":false},"featured_media":686,"template":"","meta":[],"product_brand":[],"product_cat":[],"product_tag":[],"class_list":{"0":"post-685","1":"product","2":"type-product","3":"status-publish","4":"has-post-thumbnail","7":"first","8":"instock","9":"shipping-taxable","10":"purchasable","11":"product-type-simple"},"_links":{"self":[{"href":"https:\/\/blogs.univ-tlse2.fr\/slavica-boutique\/wp-json\/wp\/v2\/product\/685","targetHints":{"allow":["GET"]}}],"collection":[{"href":"https:\/\/blogs.univ-tlse2.fr\/slavica-boutique\/wp-json\/wp\/v2\/product"}],"about":[{"href":"https:\/\/blogs.univ-tlse2.fr\/slavica-boutique\/wp-json\/wp\/v2\/types\/product"}],"wp:featuredmedia":[{"embeddable":true,"href":"https:\/\/blogs.univ-tlse2.fr\/slavica-boutique\/wp-json\/wp\/v2\/media\/686"}],"wp:attachment":[{"href":"https:\/\/blogs.univ-tlse2.fr\/slavica-boutique\/wp-json\/wp\/v2\/media?parent=685"}],"wp:term":[{"taxonomy":"product_brand","embeddable":true,"href":"https:\/\/blogs.univ-tlse2.fr\/slavica-boutique\/wp-json\/wp\/v2\/product_brand?post=685"},{"taxonomy":"product_cat","embeddable":true,"href":"https:\/\/blogs.univ-tlse2.fr\/slavica-boutique\/wp-json\/wp\/v2\/product_cat?post=685"},{"taxonomy":"product_tag","embeddable":true,"href":"https:\/\/blogs.univ-tlse2.fr\/slavica-boutique\/wp-json\/wp\/v2\/product_tag?post=685"}],"curies":[{"name":"wp","href":"https:\/\/api.w.org\/{rel}","templated":true}]}}