 {"id":697,"date":"2025-06-20T21:52:22","date_gmt":"2025-06-20T19:52:22","guid":{"rendered":"https:\/\/blogs.univ-tlse2.fr\/slavica-boutique\/?post_type=product&#038;p=697"},"modified":"2025-06-20T21:52:22","modified_gmt":"2025-06-20T19:52:22","slug":"revue-n-61-figures-de-saints-reactualises-dans-les-cultures-contemporaines","status":"publish","type":"product","link":"https:\/\/blogs.univ-tlse2.fr\/slavica-boutique\/produit\/revue-n-61-figures-de-saints-reactualises-dans-les-cultures-contemporaines\/","title":{"rendered":"Revue n\u00b0 61 &#8211; Figures de saints r\u00e9actualis\u00e9s dans les cultures contemporaines"},"content":{"rendered":"<h3>AVERTISSEMENT<\/h3>\n<h3>INTRODUCTION<\/h3>\n<p>\t<em>Ir\u00e8ne Semenoff-Tian-Chansky-Ba\u00efdine<\/em> &#8211; Introduction<\/p>\n<h3>I. LA SAINTETE ET SES DEVELOPPEMENT LEGENDAIRES, OU LES RESSORTS ARCHA\u00cfQUES DE LA SAINTETE<\/h3>\n<p><em>Karin Ueltschi<\/em> &#8211; Saint Nicolas, hier et aujourd\u2019hui<\/p>\n<h3>II. LES FIGURES EMBLEMATIQUES DE LA SAINTETE ET LEUR MANIPULATION EN FONCTION DE CAUSES ECCLESIALES OU POLITIQUES EN EUROPE OCCIDENTALE<\/h3>\n<p><em>Fran\u00e7ois Neveux<\/em> &#8211; Jeanne d\u2019Arc, chef de guerre, sorci\u00e8re et sainte : de l\u2019histoire \u00e0 la l\u00e9gende (XVe-XXe si\u00e8cles)<br \/>\n<em>Clarisse Tesson<\/em> &#8211; Catherine de Sienne, pr\u00e9figuratrice de l\u2019unification italienne et d\u2019un juste rapport entre \u00c9glise et \u00c9tat ?<br \/>\n<em>Nicolas Mollard<\/em> &#8211; Th\u00e9r\u00e8se d\u2019Avila au service du renouveau de l\u2019\u00c9glise catholique, puis du nationalisme espagnol (1882-1962)<\/p>\n<h3>III. LES FIGURES EMBLEMATIQUES DE LA SAINTETE ET LEUR MANIPULATION EN FONCTION DE CAUSES NATIONALES EN RUSSIE ET EN EUROPE DU SUD-EST (BULGARIE)<\/h3>\n<p><em>Ir\u00e8ne Semenoff-Tian-Chansky-Ba\u00efdine<\/em> &#8211; Actualisation et instrumentalisation de la figure d\u2019Alexandre Nevski, saint d\u2019E\u0301tat, dans la Russie de Poutine<br \/>\n<em>Galia Valtchinova<\/em> &#8211; Entre religion, politique, et m\u00e9moire : (Saint) Alexandre Nevski en Bulgarie (1878-2024 ?)<br \/>\n<em>Antoine Nivi\u00e8re<\/em> &#8211; Saint S\u00e9raphin de Sarov et l\u2019\u00ab orthodoxie nucl\u00e9aire \u00bb : mythe et r\u00e9alit\u00e9<\/p>\n<h3>IV. LA SAINTETE EN QUESTION OU LES CRITERES ET LIMITES DE LA SAINTETE<\/h3>\n<p><em>Serge Model<\/em> &#8211; Des saints \u00ab pas tout \u00e0 fait saints \u00bb dans l\u2019\u00c9glise orthodoxe russe : les p\u00e8res Paul Florenski et Alexandre Men<br \/>\n<em>Michel Niqueux<\/em> &#8211; Canonisations sauvages en Russie (Ivan le Terrible, Raspoutine, Staline, Poutine)<br \/>\n<em> Detelina Tocheva<\/em> &#8211; Sainte Maria de Gatchina au XXIe si\u00e8cle : entre message politico-spirituel et saintet\u00e9 charitable<br \/>\n<em>Aleksandr Musin<\/em> &#8211; Une saintet\u00e9 collective ? La c\u00e9l\u00e9bration de la f\u00eate de Tous les Saints de la terre russe, entre crise politique et mobilisation identitaire<\/p>\n<h3>V. LE SOUFFLE DE LA SAINTETE DANS LA LITTERATURE CONTEMPORAINE ET LE CINEMA<\/h3>\n<p><em>Caroline B\u00e9renger<\/em> &#8211; Petite et grande vie de Marina Tsveta\u00efeva. La pr\u00e9sence de Jeanne d\u2019Arc dans l\u2019\u0153uvre po\u00e9tique<br \/>\n<em>Florence Corrado-Kazanski<\/em> &#8211; Le recours \u00e0 la petite Th\u00e9r\u00e8se face \u00e0 la catastrophe : Georges Bernanos, Zina\u00efda Hippius<br \/>\n<em>M\u00e9lanie Kedroff<\/em> &#8211; Andre\u00ef Roublev de Tarkovski : une hagiographie filmique ?<\/p>\n<h3>VI. LES REINTERPRETATIONS DE LA SAINTETE AU PRISME DE NOUVELLES ETHIQUES OU SPIRITUALITES<\/h3>\n<p><em>Brigitte Poitrenaud-Lamesi<\/em> &#8211; Une po\u00e9tique de notre temps. Saint Fran\u00e7ois d\u2019Assise inspire la cr\u00e9ation contemporaine<br \/>\n<em>Dany Savelli<\/em> &#8211; Du saint au gourou.  Ou de l\u2019autoportrait de Nicolas Roerich en saint Serge de Radon\u00e8ge<\/p>\n<h3>R\u00c9SUM\u00c9S DES ARTICLES<\/h3>\n<h3>ABSTRACTS<\/h3>\n<h3>NOTICES SUR LES AUTEURS<\/h3>\n<h3>REMERCIEMENTS<\/h3>\n","protected":false},"excerpt":{"rendered":"<div data-marker=\"__QUOTED_TEXT__\"><b><span>Editeurs scientifiques : <\/span><\/b><em>Ir\u00e8ne Semenoff-Tian-Chansky-Ba\u00efdine<\/em><\/div>\n<div data-marker=\"__QUOTED_TEXT__\"><strong>ISBN : <\/strong>979-10-93090-19-1<\/div>\n<div data-marker=\"__QUOTED_TEXT__\">478 p.<\/div>\n","protected":false},"featured_media":698,"template":"","meta":[],"product_brand":[],"product_cat":[],"product_tag":[],"class_list":{"0":"post-697","1":"product","2":"type-product","3":"status-publish","4":"has-post-thumbnail","7":"first","8":"instock","9":"shipping-taxable","10":"purchasable","11":"product-type-simple"},"_links":{"self":[{"href":"https:\/\/blogs.univ-tlse2.fr\/slavica-boutique\/wp-json\/wp\/v2\/product\/697","targetHints":{"allow":["GET"]}}],"collection":[{"href":"https:\/\/blogs.univ-tlse2.fr\/slavica-boutique\/wp-json\/wp\/v2\/product"}],"about":[{"href":"https:\/\/blogs.univ-tlse2.fr\/slavica-boutique\/wp-json\/wp\/v2\/types\/product"}],"wp:featuredmedia":[{"embeddable":true,"href":"https:\/\/blogs.univ-tlse2.fr\/slavica-boutique\/wp-json\/wp\/v2\/media\/698"}],"wp:attachment":[{"href":"https:\/\/blogs.univ-tlse2.fr\/slavica-boutique\/wp-json\/wp\/v2\/media?parent=697"}],"wp:term":[{"taxonomy":"product_brand","embeddable":true,"href":"https:\/\/blogs.univ-tlse2.fr\/slavica-boutique\/wp-json\/wp\/v2\/product_brand?post=697"},{"taxonomy":"product_cat","embeddable":true,"href":"https:\/\/blogs.univ-tlse2.fr\/slavica-boutique\/wp-json\/wp\/v2\/product_cat?post=697"},{"taxonomy":"product_tag","embeddable":true,"href":"https:\/\/blogs.univ-tlse2.fr\/slavica-boutique\/wp-json\/wp\/v2\/product_tag?post=697"}],"curies":[{"name":"wp","href":"https:\/\/api.w.org\/{rel}","templated":true}]}}