 {"id":72,"date":"2018-11-26T11:00:12","date_gmt":"2018-11-26T10:00:12","guid":{"rendered":"http:\/\/dev25-adim.univ-tlse2.fr\/slavica-boutique\/?post_type=product&#038;p=72"},"modified":"2020-08-09T22:23:53","modified_gmt":"2020-08-09T20:23:53","slug":"revue-n-3-miscellanea","status":"publish","type":"product","link":"https:\/\/blogs.univ-tlse2.fr\/slavica-boutique\/produit\/revue-n-3-miscellanea\/","title":{"rendered":"Revue n\u00b03 &#8211; Miscellanea"},"content":{"rendered":"<h2>Sommaire<\/h2>\n<h3>Articles<\/h3>\n<p>Roger COMTET &#8211; Les emprunts linguistiques dans le d\u00e9bat sur la langue en Russie : d&rsquo;une r\u00e9volution \u00e0 l&rsquo;autre<\/p>\n<p>H\u00e9l\u00e8ne MENEGALDO &#8211; De l&rsquo;Allemagne hitl\u00e9rienne \u00e0 la R\u00e9sistance \u00e0 Limoges : l&rsquo;itin\u00e9raire de Joseph Ratz, \u00e9migr\u00e9 russe<\/p>\n<p>Pierre-Yves PECHOUX &#8211; La Lituanie d&rsquo;aujourd&rsquo;hui : la restauration d&rsquo;un \u00c9tat national dans son territoire<\/p>\n<p>Michel ROUX &#8211; Serbes et Albanais au Kosovo<\/p>\n<p>Olga CADARS &#8211; Souvenirs de Georges Berg : du corps des cadets de Kiev au Sud-Ouest de la France<\/p>\n<h3>Notes de lecture<\/h3>\n<p>Jean BREUILLARD &#8211; M. Dennes, <em>Le Bapt\u00eame de la Russie, Mille ans de foi chr\u00e9tienne<\/em>, Paris, 1987, 204 p.<\/p>\n<p>Jean BREUILLARD &#8211; M. Dennes, <em>Russie-Occident, philosophie d\u2019une diff\u00e9rence<\/em>, Paris, 1991, 158 p.<\/p>\n<p>Roger COMTET &#8211; A. Kappeler, <em>La Russie, empire multiethnique<\/em>, Paris, 1994, 415 p.<\/p>\n<p>Roger COMTET &#8211; G. Khokhlov, <em>Le Voyage des trois cosaques de l\u2019Oural au \u00ab royaume des Eaux-Blanches \u00bb<\/em> (traduction et pr\u00e9face de M. Niqueux), Paris, 1996, 205 p.<\/p>\n<p>Paul CASTAING &#8211; I. Lunde (\u00e9d.), <em>The Holy fool in Byzantium and Russia<\/em>, Bergen, 1995, 47 p.<\/p>\n","protected":false},"excerpt":{"rendered":"<p><strong>\u00c9diteur scientifique :<\/strong><\/p>\n<p>Roger Comtet<\/p>\n<p>219 pages<\/p>\n","protected":false},"featured_media":285,"template":"","meta":[],"product_brand":[],"product_cat":[],"product_tag":[],"class_list":{"0":"post-72","1":"product","2":"type-product","3":"status-publish","4":"has-post-thumbnail","7":"first","8":"instock","9":"purchasable","10":"product-type-simple"},"_links":{"self":[{"href":"https:\/\/blogs.univ-tlse2.fr\/slavica-boutique\/wp-json\/wp\/v2\/product\/72","targetHints":{"allow":["GET"]}}],"collection":[{"href":"https:\/\/blogs.univ-tlse2.fr\/slavica-boutique\/wp-json\/wp\/v2\/product"}],"about":[{"href":"https:\/\/blogs.univ-tlse2.fr\/slavica-boutique\/wp-json\/wp\/v2\/types\/product"}],"wp:featuredmedia":[{"embeddable":true,"href":"https:\/\/blogs.univ-tlse2.fr\/slavica-boutique\/wp-json\/wp\/v2\/media\/285"}],"wp:attachment":[{"href":"https:\/\/blogs.univ-tlse2.fr\/slavica-boutique\/wp-json\/wp\/v2\/media?parent=72"}],"wp:term":[{"taxonomy":"product_brand","embeddable":true,"href":"https:\/\/blogs.univ-tlse2.fr\/slavica-boutique\/wp-json\/wp\/v2\/product_brand?post=72"},{"taxonomy":"product_cat","embeddable":true,"href":"https:\/\/blogs.univ-tlse2.fr\/slavica-boutique\/wp-json\/wp\/v2\/product_cat?post=72"},{"taxonomy":"product_tag","embeddable":true,"href":"https:\/\/blogs.univ-tlse2.fr\/slavica-boutique\/wp-json\/wp\/v2\/product_tag?post=72"}],"curies":[{"name":"wp","href":"https:\/\/api.w.org\/{rel}","templated":true}]}}