 {"id":79,"date":"2018-11-26T11:34:48","date_gmt":"2018-11-26T10:34:48","guid":{"rendered":"http:\/\/dev25-adim.univ-tlse2.fr\/slavica-boutique\/?post_type=product&#038;p=79"},"modified":"2023-03-18T14:08:24","modified_gmt":"2023-03-18T13:08:24","slug":"revue-n4-germanoslavica","status":"publish","type":"product","link":"https:\/\/blogs.univ-tlse2.fr\/slavica-boutique\/produit\/revue-n4-germanoslavica\/","title":{"rendered":"Revue n\u00b04 &#8211; Germanoslavica"},"content":{"rendered":"<h2>Sommaire<\/h2>\n<p>Paul CASTAING &#8211; Sigismund von Herberstein et la Moscovie entre Moyen Age et Temps modernes<\/p>\n<p>Roger COMTET &#8211; L\u2019apport germanique \u00e0 la r\u00e9flexion sur la langue en Russie : des origines aux slavophiles<\/p>\n<p>Dominique IEHL &#8211; Quelques aspects de la rencontre entre Dosto\u00efevski et les romanciers allemands<\/p>\n<p>Alain COZIC &#8211; Portraits de p\u00e8res en monstres : familles en crise chez Ivan Tourgu\u00e9niev et chez Theodor Storm<\/p>\n<p>Viviane ANDRIEU &#8211; La Russie vue par Bismarck : le s\u00e9jour \u00e0 Saint-P\u00e9tersbourg (1859-1862)<\/p>\n<p>Jean-Paul BOYER &#8211; Hermann von Keyserling et les interf\u00e9rences germano-slaves<\/p>\n<p>Maryse DENNES &#8211; Husserl et l\u2019\u00e9cole russe de ph\u00e9nom\u00e9nologie<\/p>\n<p>Kinga MIODO\u0143SKA-JOUCAVIEL &#8211; La crise de la monarchie austro-hongroise dans la litt\u00e9rature polonaise de Galicie<\/p>\n<p>Yves IEHL &#8211; Stefan Zweig et la Russie<\/p>\n<p>H\u00e9l\u00e8ne MENEGALDO &#8211; Les Russes \u00e0 Berlin (1919-1937)<\/p>\n<p>Emmanuel DEMADRE &#8211; Vladislav Khodass\u00e9vitch : un po\u00e8te russe en Allemagne au d\u00e9but des ann\u00e9es 1920<\/p>\n<p>Sylvie MARTIN &#8211; Un mouvement ultra-nationaliste russe : l\u2019Unit\u00e9 nationale russe d\u2019Aleksandr Barkashov<\/p>\n","protected":false},"excerpt":{"rendered":"<p><strong>\u00c9diteurs scientifiques :<\/strong><\/p>\n<p>Fran\u00e7oise Knopper et Roger Comtet<\/p>\n<p>283 pages<\/p>\n","protected":false},"featured_media":284,"template":"","meta":[],"product_brand":[],"product_cat":[],"product_tag":[],"class_list":{"0":"post-79","1":"product","2":"type-product","3":"status-publish","4":"has-post-thumbnail","7":"first","8":"instock","9":"purchasable","10":"product-type-simple"},"_links":{"self":[{"href":"https:\/\/blogs.univ-tlse2.fr\/slavica-boutique\/wp-json\/wp\/v2\/product\/79","targetHints":{"allow":["GET"]}}],"collection":[{"href":"https:\/\/blogs.univ-tlse2.fr\/slavica-boutique\/wp-json\/wp\/v2\/product"}],"about":[{"href":"https:\/\/blogs.univ-tlse2.fr\/slavica-boutique\/wp-json\/wp\/v2\/types\/product"}],"wp:featuredmedia":[{"embeddable":true,"href":"https:\/\/blogs.univ-tlse2.fr\/slavica-boutique\/wp-json\/wp\/v2\/media\/284"}],"wp:attachment":[{"href":"https:\/\/blogs.univ-tlse2.fr\/slavica-boutique\/wp-json\/wp\/v2\/media?parent=79"}],"wp:term":[{"taxonomy":"product_brand","embeddable":true,"href":"https:\/\/blogs.univ-tlse2.fr\/slavica-boutique\/wp-json\/wp\/v2\/product_brand?post=79"},{"taxonomy":"product_cat","embeddable":true,"href":"https:\/\/blogs.univ-tlse2.fr\/slavica-boutique\/wp-json\/wp\/v2\/product_cat?post=79"},{"taxonomy":"product_tag","embeddable":true,"href":"https:\/\/blogs.univ-tlse2.fr\/slavica-boutique\/wp-json\/wp\/v2\/product_tag?post=79"}],"curies":[{"name":"wp","href":"https:\/\/api.w.org\/{rel}","templated":true}]}}