 {"id":85,"date":"2018-11-26T12:37:03","date_gmt":"2018-11-26T11:37:03","guid":{"rendered":"http:\/\/dev25-adim.univ-tlse2.fr\/slavica-boutique\/?post_type=product&#038;p=85"},"modified":"2020-07-24T12:44:23","modified_gmt":"2020-07-24T10:44:23","slug":"revue-n7-toulouse-occitanie-russie","status":"publish","type":"product","link":"https:\/\/blogs.univ-tlse2.fr\/slavica-boutique\/produit\/revue-n7-toulouse-occitanie-russie\/","title":{"rendered":"Revue n\u00b007 &#8211; Toulouse, Occitanie, Russie"},"content":{"rendered":"<h2>Sommaire<\/h2>\n<h3>Articles<\/h3>\n<p>Raymond BORDE &#8211; Histoire du fonds russe de la Cin\u00e9math\u00e8que de Toulouse<\/p>\n<p>Jean BREUILLARD, Jean-Claude LANNE, Iouri POLOUEKTOV &#8211; Vassili Trediakovski (1703-1769) et la th\u00e9orie du Rouergue russe<\/p>\n<p>Olga CADARS &#8211; Le fonds russe de la Biblioth\u00e8que de l\u2019Universit\u00e9 de Toulouse-Le Mirail<\/p>\n<p>Paul CASTAING &#8211; Les ic\u00f4nes russes du collectionneur toulousain Georges Labit (1862-1899)<\/p>\n<p>Jacqueline CHARRIER &#8211; Les fonds russes des biblioth\u00e8ques universitaires de science et m\u00e9decine de Toulouse<\/p>\n<p>Louis CLAEYS &#8211; Th\u00e9ophile Delcass\u00e9 (1852-1923) et la Russie<\/p>\n<p>Roger COMTET &#8211; Vins d\u2019Occitanie et tradition russe<\/p>\n<p>Roger COMTET &#8211; Vladimir Korolenko (1853-1921) : un \u00e9crivain russe \u00e0 Toulouse en 1914-1915<\/p>\n<p>Zahar DAVYDOV &#8211; Le po\u00e8te et artiste Maksimilian Volo\u0161in (1858-1932) : trois lettres de Biarritz<\/p>\n<p>Fran\u00e7oise DUBOURG &#8211; Les \u00e9tudiants russes \u00e0 Toulouse entre le XIXe et le XXe si\u00e8cle<\/p>\n<p>Fran\u00e7oise DUBOURG &#8211; Le fonds russe de la Biblioth\u00e8que municipale de Toulouse<\/p>\n<p>Bernard KREISE &#8211; La litt\u00e9rature russe aux \u00e9ditions Ombres de Toulouse<\/p>\n<p>Claire LE POITTEVIN &#8211; L\u2019Association \u00ab France-URSS \u00bb \u00e0 Toulouse<\/p>\n<p>Claire LE POITTEVIN &#8211; L\u2019enseignement du russe dans les \u00e9tablissements d\u2019enseignement public secondaires de l\u2019Acad\u00e9mie de Toulouse<\/p>\n<p>H\u00e9l\u00e8ne MENEGALDO &#8211; Les Russes dans le Sud-Ouest de la France<\/p>\n<p>H\u00e9l\u00e8ne MENEGALDO &#8211; Ariane Scriabina (1906-1944), h\u00e9ro\u00efne de la R\u00e9sistance fran\u00e7aise \u00e0 Toulouse<\/p>\n<p>Jean-Luc MORENO &#8211; Agen-sur-Moskova<\/p>\n<p>Pierre-Yves PECHOUX &#8211; De trois g\u00e9ographes li\u00e9s \u00e0 Toulouse et de leurs g\u00e9ographies de la Russie<\/p>\n<p>Marie-H\u00e9l\u00e8ne PUNTONET &#8211; Le jumelage Toulouse-Kiev<\/p>\n<p>Didier VACQUIER &#8211; Entre Montauban et la Russie : une longue histoire<\/p>\n<p>Colette ZYTNICKI &#8211; De l\u2019Ukraine au Languedoc : des \u00e9tudiants russes \u00e0 Toulouse \u00e0 la veille de la Grande Guerre<\/p>\n","protected":false},"excerpt":{"rendered":"<p><strong>\u00c9diteur scientifique :<\/strong><\/p>\n<p>Roger Comtet<\/p>\n<p>224 pages<\/p>\n","protected":false},"featured_media":281,"template":"","meta":[],"product_brand":[],"product_cat":[],"product_tag":[],"class_list":{"0":"post-85","1":"product","2":"type-product","3":"status-publish","4":"has-post-thumbnail","7":"first","8":"instock","9":"purchasable","10":"product-type-simple"},"_links":{"self":[{"href":"https:\/\/blogs.univ-tlse2.fr\/slavica-boutique\/wp-json\/wp\/v2\/product\/85","targetHints":{"allow":["GET"]}}],"collection":[{"href":"https:\/\/blogs.univ-tlse2.fr\/slavica-boutique\/wp-json\/wp\/v2\/product"}],"about":[{"href":"https:\/\/blogs.univ-tlse2.fr\/slavica-boutique\/wp-json\/wp\/v2\/types\/product"}],"wp:featuredmedia":[{"embeddable":true,"href":"https:\/\/blogs.univ-tlse2.fr\/slavica-boutique\/wp-json\/wp\/v2\/media\/281"}],"wp:attachment":[{"href":"https:\/\/blogs.univ-tlse2.fr\/slavica-boutique\/wp-json\/wp\/v2\/media?parent=85"}],"wp:term":[{"taxonomy":"product_brand","embeddable":true,"href":"https:\/\/blogs.univ-tlse2.fr\/slavica-boutique\/wp-json\/wp\/v2\/product_brand?post=85"},{"taxonomy":"product_cat","embeddable":true,"href":"https:\/\/blogs.univ-tlse2.fr\/slavica-boutique\/wp-json\/wp\/v2\/product_cat?post=85"},{"taxonomy":"product_tag","embeddable":true,"href":"https:\/\/blogs.univ-tlse2.fr\/slavica-boutique\/wp-json\/wp\/v2\/product_tag?post=85"}],"curies":[{"name":"wp","href":"https:\/\/api.w.org\/{rel}","templated":true}]}}