 {"id":87,"date":"2018-11-26T12:48:24","date_gmt":"2018-11-26T11:48:24","guid":{"rendered":"http:\/\/dev25-adim.univ-tlse2.fr\/slavica-boutique\/?post_type=product&#038;p=87"},"modified":"2020-07-24T12:47:16","modified_gmt":"2020-07-24T10:47:16","slug":"revue-n8-les-russes-et-lorient","status":"publish","type":"product","link":"https:\/\/blogs.univ-tlse2.fr\/slavica-boutique\/produit\/revue-n8-les-russes-et-lorient\/","title":{"rendered":"Revue n\u00b008 &#8211; Les Russes et l&rsquo;Orient"},"content":{"rendered":"<h2>Sommaire<\/h2>\n<h2>Articles<\/h2>\n<p>Michel NIQUEUX &#8211; Les orients de la Russie<\/p>\n<p>Georges ADASSOVSKY &#8211; Les d\u00e9couvertes russes en Polyn\u00e9sie fran\u00e7aise<\/p>\n<p>Jean BREUILLARD &#8211; Les Russes envahisseurs et occupants en France (1814-1818). Fantasmes et r\u00e9alit\u00e9s<\/p>\n<p>Roger COMTET &#8211; La d\u00e9couverte du sanskrit en Russie au XIXe si\u00e8cle<\/p>\n<p>Maryse DENNES &#8211; Les \u00ab Glorificateurs du Nom \u00bb : une rencontre de l\u2019h\u00e9sychasme et de la philosophie au d\u00e9but du XXe si\u00e8cle en Russie<\/p>\n<p>Alf GRANNES &#8211; \u00ab Les individus de nationalit\u00e9 caucasienne \u00bb : st\u00e9r\u00e9otypes n\u00e9gatifs russes<\/p>\n<p>V\u00e9ronique JOBERT &#8211; L\u2019Orient des \u00e9migr\u00e9s russes en Mandchourie : une vie en symbiose avec la Russie<\/p>\n<p>Takafumi KUDO &#8211; L\u2019Idiot selon Akira Kurosawa<\/p>\n<p>Jean-Claude LANNE &#8211; V. Xlebnikov et l\u2019Orient<\/p>\n<p>Marl\u00e8ne LARUELLE &#8211; L\u2019Orient \u00ab int\u00e9rieur \u00bb de la Russie : Asie steppique et Empire mongol dans la pens\u00e9e eurasiste<\/p>\n<p>Jean-Fran\u00e7ois PEROUSE &#8211; Irruption et \u00e9clipse des navetteurs \u00ab russes \u00bb \u00e0 Istanbul (1988-1999) : remous et rumeurs dans la m\u00e9gapole<\/p>\n<p>Edgard WEBER &#8211; Ibn Fadl\u00e2n chez les Russes<\/p>\n<p>Zo\u00efa TAGRYN\u2019A-WEINSTEIN, Charles WEINSTEIN &#8211; Les Russes et la Tchoukotka<\/p>\n<p>Nataly ZILBERG &#8211; L\u2019intelligentsia russo-juive en Isra\u00ebl en qu\u00eate de nouveaux mod\u00e8les d\u2019int\u00e9gration<\/p>\n<h3>Notes de lecture<\/h3>\n<p>Paul CASTAING &#8211; E. Arsenieva, <em>Le Sceau de Vladimir et La Parure byzantine<\/em>, Paris, 1997<\/p>\n<p>Jean-Marie VAYSSE &#8211; M. Dennes, <em>Husserl-Heidegger. Influence de leurs \u0153uvres en Russie<\/em>, Paris, 1998<\/p>\n<p>Roger COMTET &#8211; J. Freymond, <em>Les emprunts russes. Histoire de la plus grande spoliation du si\u00e8cle. De la ruine au remboursement<\/em>, Paris, 1996<\/p>\n<p>Pierre-Yves PECHOUX &#8211; Mirko D. Gremek et Louise L. Lambrichs, <em>Les r\u00e9volt\u00e9s de Villefranche. Mutinerie d\u2019un bataillon de Waffen-SS \u00e0 Villefranche-de-Rouergue, septembre 1943<\/em>, Paris, 1998, 382 p.<\/p>\n<p>Jean BREUILLARD Boris Poplavski, <em>Neizdannoe : Dnevniki, stat\u2019i, stixi, pis\u2019ma<\/em> [\u0152uvres in\u00e9dites : journaux et carnets, po\u00e9sies, lettres], \u00e9d. A. Bogoslavski et H. Menegaldo; Moscou, 1996, 512 p.<\/p>\n","protected":false},"excerpt":{"rendered":"<p><strong>\u00c9diteur scientifique :<\/strong><\/p>\n<p>Roger Comtet<\/p>\n<p><strong>ISBN :<\/strong> 978-2-9538558-0-7<\/p>\n<p>410 pages<\/p>\n","protected":false},"featured_media":314,"template":"","meta":[],"product_brand":[],"product_cat":[],"product_tag":[],"class_list":{"0":"post-87","1":"product","2":"type-product","3":"status-publish","4":"has-post-thumbnail","7":"first","8":"instock","9":"shipping-taxable","10":"purchasable","11":"product-type-simple"},"_links":{"self":[{"href":"https:\/\/blogs.univ-tlse2.fr\/slavica-boutique\/wp-json\/wp\/v2\/product\/87","targetHints":{"allow":["GET"]}}],"collection":[{"href":"https:\/\/blogs.univ-tlse2.fr\/slavica-boutique\/wp-json\/wp\/v2\/product"}],"about":[{"href":"https:\/\/blogs.univ-tlse2.fr\/slavica-boutique\/wp-json\/wp\/v2\/types\/product"}],"wp:featuredmedia":[{"embeddable":true,"href":"https:\/\/blogs.univ-tlse2.fr\/slavica-boutique\/wp-json\/wp\/v2\/media\/314"}],"wp:attachment":[{"href":"https:\/\/blogs.univ-tlse2.fr\/slavica-boutique\/wp-json\/wp\/v2\/media?parent=87"}],"wp:term":[{"taxonomy":"product_brand","embeddable":true,"href":"https:\/\/blogs.univ-tlse2.fr\/slavica-boutique\/wp-json\/wp\/v2\/product_brand?post=87"},{"taxonomy":"product_cat","embeddable":true,"href":"https:\/\/blogs.univ-tlse2.fr\/slavica-boutique\/wp-json\/wp\/v2\/product_cat?post=87"},{"taxonomy":"product_tag","embeddable":true,"href":"https:\/\/blogs.univ-tlse2.fr\/slavica-boutique\/wp-json\/wp\/v2\/product_tag?post=87"}],"curies":[{"name":"wp","href":"https:\/\/api.w.org\/{rel}","templated":true}]}}