 {"id":89,"date":"2018-11-26T12:56:31","date_gmt":"2018-11-26T11:56:31","guid":{"rendered":"http:\/\/dev25-adim.univ-tlse2.fr\/slavica-boutique\/?post_type=product&#038;p=89"},"modified":"2020-08-09T22:27:26","modified_gmt":"2020-08-09T20:27:26","slug":"revue-n9-germanoslavica-ii-religion-et-interculturalite-germano-slave","status":"publish","type":"product","link":"https:\/\/blogs.univ-tlse2.fr\/slavica-boutique\/produit\/revue-n9-germanoslavica-ii-religion-et-interculturalite-germano-slave\/","title":{"rendered":"Revue N\u00b009 &#8211; Germanoslavica II : Religion et interculturalit\u00e9 germano-slave"},"content":{"rendered":"<h2>Sommaire<\/h2>\n<h3>Articles<\/h3>\n<p>Fran\u00e7oise LESOURD &#8211; La question du \u00ab filioque \u00bb : entre chr\u00e9tient\u00e9s d\u2019Orient et d\u2019Occident<\/p>\n<p>\u00c9douard SANS &#8211; L\u00e9on Tolsto\u00ef lecteur de Schopenhauer<\/p>\n<p>Maryse DENNES &#8211; S.S. Khorouji et la ph\u00e9nom\u00e9nologie dans les recherches contemporaines sur l\u2019identit\u00e9 religieuse de la Russie<\/p>\n<p>Roger COMTET &#8211; La Grammatica russica de H.W. Ludolf (1696) comme grammaire pi\u00e9tiste<\/p>\n<p>Patrice NEAU &#8211; La politique religieuse des Habsbourg en Transylvanie au XVIIIe si\u00e8cle et l\u2019\u00e9veil des consciences nationales<\/p>\n<p>Patrick CABANEL &#8211; Religion et nation entre Allemagne et Boh\u00eame : l\u2019\u00e9pisode du \u201cLos von Rom \u201c\u00e0 la fin du XIXe si\u00e8cle<\/p>\n<p>Dominique IEHL &#8211; Religion et roman : L&rsquo;Idiot de Dosto\u00efevski et L&rsquo;Homme sans qualit\u00e9s de Musil<\/p>\n<p>Manuel DURAND-BARTHEZ &#8211; Du probl\u00e8me religieux en Galicie orientale au tournant du si\u00e8cle : autour de Joseph Roth<\/p>\n<p>Catherine GR\u00dcNBECK &#8211; Le sculpteur Ernst Barlach (1870-1938) en Russie<\/p>\n<h3>Notes de lecture<\/h3>\n<p>Jean BREUILLARD &#8211; C. Depretto (\u00e9d.), <em>L\u2019h\u00e9ritage de Bakhtine<\/em>, Bordeaux, 1997, 207 p.<\/p>\n<p>Michel NIQUEUX &#8211; M. Eltchaninoff, <em>Dosto\u00efevski. Roman et philosophie<\/em>, Paris, 1998, 132 p.<\/p>\n<p>Jean BREUILLARD &#8211; D. Gnammankou (\u00e9d.), <em>Alexandre S. Pouchkine et le monde noir<\/em>, Paris, 1999, 287 p.<\/p>\n<p>Jean-Fran\u00e7ois PEROUSE &#8211; O. H\u00f8iris et S. M. Y\u00fck\u00fckel (\u00e9d.), <em>Contrasts and Solutions in the Caucasus<\/em>, Aarhus, 1998, 491 p.<\/p>\n<p>H\u00e9l\u00e8ne MENEGALDO &#8211; <em>Modernit\u00e9s russes. L&rsquo;archa\u00efsme dans la modernit\u00e9<\/em>, Lyon, 1999, 189 p.<\/p>\n<p>Mireille MUGNIER &#8211; C. Sgorlon, <em>L\u2019armata dei fiumi perduti<\/em>, Milan, Mondatori, 1985<\/p>\n","protected":false},"excerpt":{"rendered":"<p><strong>\u00c9diteurs scientifiques :<\/strong><\/p>\n<p>Fran\u00e7oise Knopper et Roger Comtet<\/p>\n<p>231 pages<\/p>\n","protected":false},"featured_media":279,"template":"","meta":[],"product_brand":[],"product_cat":[],"product_tag":[],"class_list":{"0":"post-89","1":"product","2":"type-product","3":"status-publish","4":"has-post-thumbnail","7":"first","8":"instock","9":"purchasable","10":"product-type-simple"},"_links":{"self":[{"href":"https:\/\/blogs.univ-tlse2.fr\/slavica-boutique\/wp-json\/wp\/v2\/product\/89","targetHints":{"allow":["GET"]}}],"collection":[{"href":"https:\/\/blogs.univ-tlse2.fr\/slavica-boutique\/wp-json\/wp\/v2\/product"}],"about":[{"href":"https:\/\/blogs.univ-tlse2.fr\/slavica-boutique\/wp-json\/wp\/v2\/types\/product"}],"wp:featuredmedia":[{"embeddable":true,"href":"https:\/\/blogs.univ-tlse2.fr\/slavica-boutique\/wp-json\/wp\/v2\/media\/279"}],"wp:attachment":[{"href":"https:\/\/blogs.univ-tlse2.fr\/slavica-boutique\/wp-json\/wp\/v2\/media?parent=89"}],"wp:term":[{"taxonomy":"product_brand","embeddable":true,"href":"https:\/\/blogs.univ-tlse2.fr\/slavica-boutique\/wp-json\/wp\/v2\/product_brand?post=89"},{"taxonomy":"product_cat","embeddable":true,"href":"https:\/\/blogs.univ-tlse2.fr\/slavica-boutique\/wp-json\/wp\/v2\/product_cat?post=89"},{"taxonomy":"product_tag","embeddable":true,"href":"https:\/\/blogs.univ-tlse2.fr\/slavica-boutique\/wp-json\/wp\/v2\/product_tag?post=89"}],"curies":[{"name":"wp","href":"https:\/\/api.w.org\/{rel}","templated":true}]}}