 {"id":90,"date":"2018-11-26T13:00:58","date_gmt":"2018-11-26T12:00:58","guid":{"rendered":"http:\/\/dev25-adim.univ-tlse2.fr\/slavica-boutique\/?post_type=product&#038;p=90"},"modified":"2020-08-09T22:28:22","modified_gmt":"2020-08-09T20:28:22","slug":"revue-n10-regards-comparatifs-les-litteratures-slaves","status":"publish","type":"product","link":"https:\/\/blogs.univ-tlse2.fr\/slavica-boutique\/produit\/revue-n10-regards-comparatifs-les-litteratures-slaves\/","title":{"rendered":"Revue n\u00b010 &#8211; Regards comparatifs : les litt\u00e9ratures slaves"},"content":{"rendered":"<h2>Sommaire<\/h2>\n<h3>Articles<\/h3>\n<p>Pierre-Yves BOISSAU &#8211; Tolsto\u00ef, lecteur de Cioran, ou La virilit\u00e9 n\u2019est pas l\u00e0 o\u00f9 l\u2019on croit<\/p>\n<p>Michel CADOT &#8211; Quelques remarques sur l\u2019interpr\u00e9tation des Fr\u00e8res Karamazov par Hermann Hesse<\/p>\n<p>Dani\u00e8le CHAUVIN &#8211; Le drame romantique : le h\u00e9ros et l\u2019histoire dans le Prince de Hombourg de Kleist, Kordian de Slowacki et Lorenzaccio de Musset<\/p>\n<p>Roger COMTET &#8211; La versification russe et ses mod\u00e8les \u00e9trangers<\/p>\n<p>Anne FAIVRE DUPAIGNE &#8211; A la recherche d\u2019Eurydice : Mandelstam et Gluck<\/p>\n<p>R\u00e9gis GAYRAUD &#8211; Retour sur une pol\u00e9mique : le lettrisme d\u2019Isidore Isou face \u00e0 la zaum\u2019 d\u2019Il\u2019ja Zdanevich. Essai de comparaison de deux syst\u00e8mes en conflit<\/p>\n<p>Catherine G\u00c9RY &#8211; Pouchkine, critique de la litt\u00e9rature fran\u00e7aise<\/p>\n<p>Ra\u00efssa GORBOUNOVA &#8211; La Rh\u00e9torique de Feofan Prokopovich (1681-1736) et ses mod\u00e8les classiques<\/p>\n<p>Alexander GRAF &#8211; La po\u00e9sie de Heinrich Heine vue \u00e0 travers la traduction d\u2019Apollon Nikolaevich Majkov<\/p>\n<p>H\u00e9l\u00e8ne HENRY &#8211; Verlaine, po\u00e8te russe. \u00ab Un \u00e9tranger si familier \u00bb<\/p>\n<p>Vladimir KHAZAN &#8211; \u00ab Le monde par mon souffle vit. \u00bb (Contribution \u00e0 la biographie d\u2019Ariane Skriabine)<\/p>\n<p>Jean-Claude LANNE &#8211; De la peinture par les sons au langage d\u2019outre-entendement : l\u2019utopie po\u00e9tique de V. Xlebnikov et ses sources am\u00e9ricaines<\/p>\n<p>Fran\u00e7oise LESOURD &#8211; Lev Karsavin et l&rsquo;exp\u00e9rience de la tout-unit\u00e9 temporelle chez Marcel Proust.<\/p>\n<p>H\u00e9l\u00e8ne MENEGALDO &#8211; La jeune g\u00e9n\u00e9ration des avant-gardistes russes \u00e0 Paris (1921-1930)<\/p>\n<p>Michel NIQUEUX &#8211; La femme fatale russe chez Jos\u00e9phin P\u00e9ladan (1858-1918)<\/p>\n<p>Sophie OLLIVIER &#8211; Regards irlandais sur la Russie (Seamus Heaney, Paul Durcan, Brian Friel)<\/p>\n<p>Isabelle POULIN &#8211; Vladimir Nabokov, traducteur de Pouchkine<\/p>\n<p>Ewa SKORUPA &#8211; Adam Mickiewicz symbole de la patrie dans la Pologne sous domination prussienne (1830-1914)<\/p>\n<p>Nicole TAILLADE &#8211; Jacob et l\u2019ange : Bruno Schulz et Rainer Maria Rilke<\/p>\n<p>Eug\u00e8ne TERNOVSKY &#8211; Commentaire d\u2019un proc\u00e8s : le prince Sergej Voroncov contre le prince Petr Dolgorukov<\/p>\n<p>Olga WEINSTEIN &#8211; Matthew Arnold et L\u00e9on Tolsto\u00ef<\/p>\n","protected":false},"excerpt":{"rendered":"<p><strong>\u00c9diteurs scientifiques :<\/strong><\/p>\n<p>Pierre-Yves Boissau et Roger Comtet<\/p>\n<p>400 pages<\/p>\n","protected":false},"featured_media":278,"template":"","meta":[],"product_brand":[],"product_cat":[],"product_tag":[171227],"class_list":{"0":"post-90","1":"product","2":"type-product","3":"status-publish","4":"has-post-thumbnail","6":"product_tag-epuise","8":"first","9":"outofstock","10":"shipping-taxable","11":"purchasable","12":"product-type-simple"},"_links":{"self":[{"href":"https:\/\/blogs.univ-tlse2.fr\/slavica-boutique\/wp-json\/wp\/v2\/product\/90","targetHints":{"allow":["GET"]}}],"collection":[{"href":"https:\/\/blogs.univ-tlse2.fr\/slavica-boutique\/wp-json\/wp\/v2\/product"}],"about":[{"href":"https:\/\/blogs.univ-tlse2.fr\/slavica-boutique\/wp-json\/wp\/v2\/types\/product"}],"wp:featuredmedia":[{"embeddable":true,"href":"https:\/\/blogs.univ-tlse2.fr\/slavica-boutique\/wp-json\/wp\/v2\/media\/278"}],"wp:attachment":[{"href":"https:\/\/blogs.univ-tlse2.fr\/slavica-boutique\/wp-json\/wp\/v2\/media?parent=90"}],"wp:term":[{"taxonomy":"product_brand","embeddable":true,"href":"https:\/\/blogs.univ-tlse2.fr\/slavica-boutique\/wp-json\/wp\/v2\/product_brand?post=90"},{"taxonomy":"product_cat","embeddable":true,"href":"https:\/\/blogs.univ-tlse2.fr\/slavica-boutique\/wp-json\/wp\/v2\/product_cat?post=90"},{"taxonomy":"product_tag","embeddable":true,"href":"https:\/\/blogs.univ-tlse2.fr\/slavica-boutique\/wp-json\/wp\/v2\/product_tag?post=90"}],"curies":[{"name":"wp","href":"https:\/\/api.w.org\/{rel}","templated":true}]}}