 {"id":91,"date":"2018-11-27T09:50:43","date_gmt":"2018-11-27T08:50:43","guid":{"rendered":"http:\/\/dev25-adim.univ-tlse2.fr\/slavica-boutique\/?post_type=product&#038;p=91"},"modified":"2020-08-09T22:32:03","modified_gmt":"2020-08-09T20:32:03","slug":"revue-n11-la-russie-et-le-monde-au-seuil-du-xxie-siecle","status":"publish","type":"product","link":"https:\/\/blogs.univ-tlse2.fr\/slavica-boutique\/produit\/revue-n11-la-russie-et-le-monde-au-seuil-du-xxie-siecle\/","title":{"rendered":"Revue n\u00b011 &#8211; La Russie et le monde au seuil du XXIe si\u00e8cle"},"content":{"rendered":"<h2>Sommaire<\/h2>\n<h3>Articles<\/h3>\n<p>G\u00e9rard ABENSOUR &#8211; Le post-modernisme en Russie entre ruse et na\u00efvet\u00e9<\/p>\n<p>Laurent ATTAL &#8211; Les d\u00e9mocraties russes depuis 1989 : \u00e9volutions d&rsquo;une esp\u00e8ce, perspectives de survie<\/p>\n<p>Fran\u00e7ois BAFOIL &#8211; L&rsquo;entreprise post-communiste : gestion priv\u00e9e de la main d&rsquo;\u0153uvre et politiques publiques de l&#8217;emploi en Pologne<\/p>\n<p>Anne COLDEFY-FAUCARD &#8211; Les jeunes Russes ou la lente construction d&rsquo;une identit\u00e9<\/p>\n<p>Evelyne ENDERLEIN &#8211; Les femmes russes dans le monde du travail : nouveaux d\u00e9fis<\/p>\n<p>Isabelle FACON &#8211; Le facteur militaire russe dans les relations internationales<\/p>\n<p>V\u00e9ronique JOBERT &#8211; Simbirsk hier, Oulianovsk aujourd&rsquo;hui<\/p>\n<p>Marl\u00e8ne LARUELLE &#8211; Le renouveau des courants eurasistes en Russie : socle id\u00e9ologique commun et diversit\u00e9s d&rsquo;approches<\/p>\n<p>Patrick LEMOINE &#8211; La Russie entrera-t-elle dans le XXIe si\u00e8cle \u00e0 reculons ?<\/p>\n<p>Sylvie MARTIN &#8211; Les deux guerres de Tch\u00e9tch\u00e9nie, reflet de l&rsquo;\u00e9volution du pouvoir et de la soci\u00e9t\u00e9 russes<\/p>\n<p>H\u00e9l\u00e8ne M\u00c9LAT &#8211; De la Mongolie int\u00e9rieure \u00e0 l&rsquo;Empire britannique : les nouveaux horizons de la litt\u00e9rature russe grand public<\/p>\n<p>Antoine NIVI\u00c8RE &#8211; L&rsquo;Eglise orthodoxe russe aujourd&rsquo;hui, entre tradition et modernit\u00e9<\/p>\n<p>Ludovic ROYER &#8211; La guerre de l&rsquo;aluminium en Russie<\/p>\n<p>Marianne GOURG &#8211; Le palimpseste dosto\u00efevskien dans Le Tour du malheur de Joseph Kessel<\/p>\n<p>Reinhard LAUER &#8211; Les \u00e9changes litt\u00e9raires germano-russes \u00e0 l&rsquo;\u00e9poque du r\u00e9alisme<\/p>\n<h3>Notes de lecture<\/h3>\n<p>Sanja KONJIKOVIC &#8211; <em>Cahiers croates<\/em>, Paris, 7\/10, 1998-1999<\/p>\n<p>Michel NIQUEUX &#8211; F. Genevray, <em>George Sand et ses contemporains russes. Audiences, \u00e9chos, r\u00e9\u00e9critures<\/em>, Paris, 2000, 412 p.<\/p>\n<p>Roger COMTET &#8211; Serge Karcevskij, <em>In\u00e9dits et introuvables<\/em>, Irina et Gilles Fougeron \u00e9d., Leuven, Peeters, 2000, xxx-266 p.<\/p>\n<p>Roger COMTET &#8211; <em>Milan Rastislav Stefanik, astronome, soldat, grande figure franco-slovaque et europ\u00e9enne<\/em>, B. Ferencuhova \u00e9d., Brastislava, s.d., 113 p.<\/p>\n<p>Roger COMTET &#8211; <em>Rus\u00edstica espa\u00f1ola<\/em>, Madrid, 8, 1998-1999, 100 p.<\/p>\n<p>Jean BREUILLARD &#8211; E.Vl. Uxanova, <em>U istokov slavjanskoj pis&rsquo;mennosti<\/em>, Moscou, Muravej, 1999, 240 p.<\/p>\n","protected":false},"excerpt":{"rendered":"<p><strong>\u00c9diteur scientifique :<\/strong><\/p>\n<p>Sylvie Martin<\/p>\n<p>364 pages<\/p>\n","protected":false},"featured_media":277,"template":"","meta":[],"product_brand":[],"product_cat":[],"product_tag":[],"class_list":{"0":"post-91","1":"product","2":"type-product","3":"status-publish","4":"has-post-thumbnail","7":"first","8":"instock","9":"purchasable","10":"product-type-simple"},"_links":{"self":[{"href":"https:\/\/blogs.univ-tlse2.fr\/slavica-boutique\/wp-json\/wp\/v2\/product\/91","targetHints":{"allow":["GET"]}}],"collection":[{"href":"https:\/\/blogs.univ-tlse2.fr\/slavica-boutique\/wp-json\/wp\/v2\/product"}],"about":[{"href":"https:\/\/blogs.univ-tlse2.fr\/slavica-boutique\/wp-json\/wp\/v2\/types\/product"}],"wp:featuredmedia":[{"embeddable":true,"href":"https:\/\/blogs.univ-tlse2.fr\/slavica-boutique\/wp-json\/wp\/v2\/media\/277"}],"wp:attachment":[{"href":"https:\/\/blogs.univ-tlse2.fr\/slavica-boutique\/wp-json\/wp\/v2\/media?parent=91"}],"wp:term":[{"taxonomy":"product_brand","embeddable":true,"href":"https:\/\/blogs.univ-tlse2.fr\/slavica-boutique\/wp-json\/wp\/v2\/product_brand?post=91"},{"taxonomy":"product_cat","embeddable":true,"href":"https:\/\/blogs.univ-tlse2.fr\/slavica-boutique\/wp-json\/wp\/v2\/product_cat?post=91"},{"taxonomy":"product_tag","embeddable":true,"href":"https:\/\/blogs.univ-tlse2.fr\/slavica-boutique\/wp-json\/wp\/v2\/product_tag?post=91"}],"curies":[{"name":"wp","href":"https:\/\/api.w.org\/{rel}","templated":true}]}}